{"id":71311,"date":"2023-05-08T22:19:57","date_gmt":"2023-05-08T22:19:57","guid":{"rendered":"https:\/\/www.axelgo.app\/compartilhamento-seguro-de-arquivos-financeiros-para-setores-financeiros-e-bancarios\/"},"modified":"2023-05-17T07:43:57","modified_gmt":"2023-05-17T07:43:57","slug":"industrias-financas","status":"publish","type":"page","link":"https:\/\/tst.axelgo.app\/pt-br\/industrias-financas\/","title":{"rendered":"Compartilhamento Seguro de Arquivos Financeiros para Setores Financeiros e Banc\u00e1rios"},"content":{"rendered":"\t\t<div data-elementor-type=\"wp-post\" data-elementor-id=\"71311\" class=\"elementor elementor-71311 elementor-71189\" data-elementor-post-type=\"page\">\n\t\t\t\t\t\t\t\t\t<section class=\"elementor-section elementor-top-section elementor-element elementor-element-1797417 elementor-section-boxed elementor-section-height-default elementor-section-height-default wpr-particle-no wpr-jarallax-no wpr-parallax-no wpr-sticky-section-no\" data-id=\"1797417\" data-element_type=\"section\" data-settings=\"{&quot;background_background&quot;:&quot;classic&quot;}\">\n\t\t\t\t\t\t<div class=\"elementor-container elementor-column-gap-default\">\n\t\t\t\t\t<div class=\"elementor-column elementor-col-100 elementor-top-column elementor-element elementor-element-ba6741d\" data-id=\"ba6741d\" data-element_type=\"column\">\n\t\t\t<div class=\"elementor-widget-wrap elementor-element-populated\">\n\t\t\t\t\t\t\t\t<div class=\"elementor-element elementor-element-de2e028 elementor-widget elementor-widget-elementskit-heading\" data-id=\"de2e028\" data-element_type=\"widget\" data-settings=\"{&quot;ekit_we_effect_on&quot;:&quot;none&quot;}\" data-widget_type=\"elementskit-heading.default\">\n\t\t\t\t<div class=\"elementor-widget-container\">\n\t\t\t<div class=\"ekit-wid-con\" ><div class=\"ekit-heading elementskit-section-title-wraper text_center   ekit_heading_tablet-   ekit_heading_mobile-\"><h2 class=\"ekit-heading--title elementskit-section-title \">Ind\u00fastrias<\/h2><\/div><\/div>\t\t<\/div>\n\t\t\t\t<\/div>\n\t\t\t\t\t<\/div>\n\t\t<\/div>\n\t\t\t\t\t\t\t<\/div>\n\t\t<\/section>\n\t\t\t\t<section class=\"elementor-section elementor-top-section elementor-element elementor-element-2115073 elementor-section-boxed elementor-section-height-default elementor-section-height-default wpr-particle-no wpr-jarallax-no wpr-parallax-no wpr-sticky-section-no\" data-id=\"2115073\" data-element_type=\"section\">\n\t\t\t\t\t\t<div class=\"elementor-container elementor-column-gap-default\">\n\t\t\t\t\t<div class=\"elementor-column elementor-col-100 elementor-top-column elementor-element elementor-element-c46bfee\" data-id=\"c46bfee\" data-element_type=\"column\">\n\t\t\t<div class=\"elementor-widget-wrap\">\n\t\t\t\t\t\t\t\t\t<\/div>\n\t\t<\/div>\n\t\t\t\t\t\t\t<\/div>\n\t\t<\/section>\n\t\t\t\t<section class=\"elementor-section elementor-top-section elementor-element elementor-element-3e82b03a elementor-section-boxed elementor-section-height-default elementor-section-height-default wpr-particle-no wpr-jarallax-no wpr-parallax-no wpr-sticky-section-no\" data-id=\"3e82b03a\" data-element_type=\"section\">\n\t\t\t\t\t\t<div class=\"elementor-container elementor-column-gap-default\">\n\t\t\t\t\t<div class=\"elementor-column elementor-col-100 elementor-top-column elementor-element elementor-element-78ba31e\" data-id=\"78ba31e\" data-element_type=\"column\">\n\t\t\t<div class=\"elementor-widget-wrap elementor-element-populated\">\n\t\t\t\t\t\t\t\t<div class=\"elementor-element elementor-element-6963b79a elementor-widget-divider--view-line elementor-widget elementor-widget-divider\" data-id=\"6963b79a\" data-element_type=\"widget\" data-settings=\"{&quot;ekit_we_effect_on&quot;:&quot;none&quot;}\" data-widget_type=\"divider.default\">\n\t\t\t\t<div class=\"elementor-widget-container\">\n\t\t\t\t\t<div class=\"elementor-divider\">\n\t\t\t<span class=\"elementor-divider-separator\">\n\t\t\t\t\t\t<\/span>\n\t\t<\/div>\n\t\t\t\t<\/div>\n\t\t\t\t<\/div>\n\t\t\t\t<section class=\"elementor-section elementor-inner-section elementor-element elementor-element-4d183c0c elementor-section-boxed elementor-section-height-default elementor-section-height-default wpr-particle-no wpr-jarallax-no wpr-parallax-no wpr-sticky-section-no\" data-id=\"4d183c0c\" data-element_type=\"section\">\n\t\t\t\t\t\t<div class=\"elementor-container elementor-column-gap-default\">\n\t\t\t\t\t<div class=\"elementor-column elementor-col-50 elementor-inner-column elementor-element elementor-element-7f5060e4\" data-id=\"7f5060e4\" data-element_type=\"column\">\n\t\t\t<div class=\"elementor-widget-wrap elementor-element-populated\">\n\t\t\t\t\t\t\t\t<div class=\"elementor-element elementor-element-656e20d elementor-widget elementor-widget-image\" data-id=\"656e20d\" data-element_type=\"widget\" data-settings=\"{&quot;ekit_we_effect_on&quot;:&quot;none&quot;}\" data-widget_type=\"image.default\">\n\t\t\t\t<div class=\"elementor-widget-container\">\n\t\t\t\t\t\t\t\t\t\t\t\t\t\t\t<img decoding=\"async\" src=\"https:\/\/tst.axelgo.app\/wp-content\/uploads\/2023\/05\/Finance-Header-Image.png\" title=\"\" alt=\"\" loading=\"lazy\" \/>\t\t\t\t\t\t\t\t\t\t\t\t\t\t\t<\/div>\n\t\t\t\t<\/div>\n\t\t\t\t\t<\/div>\n\t\t<\/div>\n\t\t\t\t<div class=\"elementor-column elementor-col-50 elementor-inner-column elementor-element elementor-element-1c58f05\" data-id=\"1c58f05\" data-element_type=\"column\">\n\t\t\t<div class=\"elementor-widget-wrap elementor-element-populated\">\n\t\t\t\t\t\t\t\t<div class=\"elementor-element elementor-element-1b711a2 elementor-widget elementor-widget-heading\" data-id=\"1b711a2\" data-element_type=\"widget\" data-settings=\"{&quot;ekit_we_effect_on&quot;:&quot;none&quot;}\" data-widget_type=\"heading.default\">\n\t\t\t\t<div class=\"elementor-widget-container\">\n\t\t\t<h3 class=\"elementor-heading-title elementor-size-default\">Compartilhamento Seguro de Arquivos Financeiros para Setores Financeiros e Banc\u00e1rios<\/h3>\t\t<\/div>\n\t\t\t\t<\/div>\n\t\t\t\t<div class=\"elementor-element elementor-element-13e8a9d6 elementor-widget elementor-widget-text-editor\" data-id=\"13e8a9d6\" data-element_type=\"widget\" data-settings=\"{&quot;ekit_we_effect_on&quot;:&quot;none&quot;}\" data-widget_type=\"text-editor.default\">\n\t\t\t\t<div class=\"elementor-widget-container\">\n\t\t\t\t\t\t\t<p>Envie, compartilhe, solicite e gerencie arquivos financeiros e dados de clientes com uma estrutura de servidor totalmente descentralizada. Criptografia de ponta a ponta significa que suas informa\u00e7\u00f5es s\u00e3o criptografadas no servidor e em tr\u00e2nsito. Tornamos a colabora\u00e7\u00e3o simples, robusta e totalmente personaliz\u00e1vel com uma ampla variedade de ferramentas. Links expirados, autentica\u00e7\u00e3o de dois fatores, gerenciamento de arquivos personalizado e busca segura tornam o trabalho remoto, h\u00edbrido e local seguro e f\u00e1cil.<\/p>\n\t\t\t\t\t\t<\/div>\n\t\t\t\t<\/div>\n\t\t\t\t<div class=\"elementor-element elementor-element-a5becf7 elementor-widget elementor-widget-elementskit-creative-button\" data-id=\"a5becf7\" data-element_type=\"widget\" data-settings=\"{&quot;ekit_we_effect_on&quot;:&quot;none&quot;}\" data-widget_type=\"elementskit-creative-button.default\">\n\t\t\t\t<div class=\"elementor-widget-container\">\n\t\t\t<div class=\"ekit-wid-con\" >\t\t<div class=\"ekit-btn-wraper\">\n\t\t\t\t\t\t\t\t<a href=\"https:\/\/go.axel.network\/signup\" target=\"_blank\" data-text=\"\" class=\"ekit_creative_button ekit_position_aware \" >\n\n\t\t\t\t\t\t\n\t\t\t\t\t\t<span class=\"ekit_creative_button_text\">Experimente agora gratuitamente.<\/span>\n\n\t\t\t\t\t\t\t\t\t\t\t\t\t<i aria-hidden=\"true\" class=\"ekit_creative_button_icon_after icon icon-right-arrow\"><\/i>\n\t\t\t\t\t\t\n\t\t\t\t\t\t<span class='ekit_position_aware_bg'><\/span>\t\t\t\t\t<\/a>\n\t\t\t\t\t\t<\/div>\n        <\/div>\t\t<\/div>\n\t\t\t\t<\/div>\n\t\t\t\t\t<\/div>\n\t\t<\/div>\n\t\t\t\t\t\t\t<\/div>\n\t\t<\/section>\n\t\t\t\t<section class=\"elementor-section elementor-inner-section elementor-element elementor-element-4e8bcf5 elementor-section-boxed elementor-section-height-default elementor-section-height-default wpr-particle-no wpr-jarallax-no wpr-parallax-no wpr-sticky-section-no\" data-id=\"4e8bcf5\" data-element_type=\"section\">\n\t\t\t\t\t\t<div class=\"elementor-container elementor-column-gap-default\">\n\t\t\t\t\t<div class=\"elementor-column elementor-col-50 elementor-inner-column elementor-element elementor-element-70ec347\" data-id=\"70ec347\" data-element_type=\"column\">\n\t\t\t<div class=\"elementor-widget-wrap elementor-element-populated\">\n\t\t\t\t\t\t\t\t<div class=\"elementor-element elementor-element-e365cce elementor-widget elementor-widget-image\" data-id=\"e365cce\" data-element_type=\"widget\" data-settings=\"{&quot;ekit_we_effect_on&quot;:&quot;none&quot;}\" data-widget_type=\"image.default\">\n\t\t\t\t<div class=\"elementor-widget-container\">\n\t\t\t\t\t\t\t\t\t\t\t\t\t\t\t<img fetchpriority=\"high\" decoding=\"async\" width=\"1500\" height=\"1500\" src=\"https:\/\/tst.axelgo.app\/wp-content\/uploads\/2023\/05\/Share-content-confidently-with-secure-file-storage-and-sharing-5x5-1.png\" class=\"attachment-full size-full wp-image-71236\" alt=\"\" srcset=\"https:\/\/tst.axelgo.app\/wp-content\/uploads\/2023\/05\/Share-content-confidently-with-secure-file-storage-and-sharing-5x5-1.png 1500w, https:\/\/tst.axelgo.app\/wp-content\/uploads\/2023\/05\/Share-content-confidently-with-secure-file-storage-and-sharing-5x5-1-300x300.png 300w, https:\/\/tst.axelgo.app\/wp-content\/uploads\/2023\/05\/Share-content-confidently-with-secure-file-storage-and-sharing-5x5-1-1024x1024.png 1024w, https:\/\/tst.axelgo.app\/wp-content\/uploads\/2023\/05\/Share-content-confidently-with-secure-file-storage-and-sharing-5x5-1-150x150.png 150w, https:\/\/tst.axelgo.app\/wp-content\/uploads\/2023\/05\/Share-content-confidently-with-secure-file-storage-and-sharing-5x5-1-768x768.png 768w\" sizes=\"(max-width: 1500px) 100vw, 1500px\" \/>\t\t\t\t\t\t\t\t\t\t\t\t\t\t\t<\/div>\n\t\t\t\t<\/div>\n\t\t\t\t<div class=\"elementor-element elementor-element-8030282 elementor-widget elementor-widget-text-editor\" data-id=\"8030282\" data-element_type=\"widget\" data-settings=\"{&quot;ekit_we_effect_on&quot;:&quot;none&quot;}\" data-widget_type=\"text-editor.default\">\n\t\t\t\t<div class=\"elementor-widget-container\">\n\t\t\t\t\t\t\t<p><strong>Compartilhe conte\u00fado com confian\u00e7a com armazenamento e compartilhamento seguro de arquivos<\/strong><\/p>\n<p>A confian\u00e7a \u00e9 fundamental. As institui\u00e7\u00f5es financeiras precisam projetar e proteger a confian\u00e7a em todos os momentos. Com o AXEL Go, sua confian\u00e7a \u00e9 respaldada por nossos servidores descentralizados alimentados por blockchain e criptografia ponta a ponta AES de 256 bits.<\/p>\n<p>Seus clientes merecem ter seus arquivos protegidos com recursos de seguran\u00e7a de ponta. Podemos fazer isso por eles. Seus clientes merecem ter seus dados protegidos de corretores de dados e ca\u00e7adores de dados famintos da Big Tech. Podemos fazer isso por eles.<\/p>\n\t\t\t\t\t\t<\/div>\n\t\t\t\t<\/div>\n\t\t\t\t\t<\/div>\n\t\t<\/div>\n\t\t\t\t<div class=\"elementor-column elementor-col-50 elementor-inner-column elementor-element elementor-element-a285993\" data-id=\"a285993\" data-element_type=\"column\">\n\t\t\t<div class=\"elementor-widget-wrap elementor-element-populated\">\n\t\t\t\t\t\t\t\t<div class=\"elementor-element elementor-element-3342652 elementor-widget elementor-widget-image\" data-id=\"3342652\" data-element_type=\"widget\" data-settings=\"{&quot;ekit_we_effect_on&quot;:&quot;none&quot;}\" data-widget_type=\"image.default\">\n\t\t\t\t<div class=\"elementor-widget-container\">\n\t\t\t\t\t\t\t\t\t\t\t\t\t\t\t<img decoding=\"async\" width=\"1500\" height=\"1500\" src=\"https:\/\/tst.axelgo.app\/wp-content\/uploads\/2023\/05\/money-cloud-5x5-1.png\" class=\"attachment-full size-full wp-image-71242\" alt=\"\" srcset=\"https:\/\/tst.axelgo.app\/wp-content\/uploads\/2023\/05\/money-cloud-5x5-1.png 1500w, https:\/\/tst.axelgo.app\/wp-content\/uploads\/2023\/05\/money-cloud-5x5-1-300x300.png 300w, https:\/\/tst.axelgo.app\/wp-content\/uploads\/2023\/05\/money-cloud-5x5-1-1024x1024.png 1024w, https:\/\/tst.axelgo.app\/wp-content\/uploads\/2023\/05\/money-cloud-5x5-1-150x150.png 150w, https:\/\/tst.axelgo.app\/wp-content\/uploads\/2023\/05\/money-cloud-5x5-1-768x768.png 768w\" sizes=\"(max-width: 1500px) 100vw, 1500px\" \/>\t\t\t\t\t\t\t\t\t\t\t\t\t\t\t<\/div>\n\t\t\t\t<\/div>\n\t\t\t\t<div class=\"elementor-element elementor-element-f725eb7 elementor-widget elementor-widget-text-editor\" data-id=\"f725eb7\" data-element_type=\"widget\" data-settings=\"{&quot;ekit_we_effect_on&quot;:&quot;none&quot;}\" data-widget_type=\"text-editor.default\">\n\t\t\t\t<div class=\"elementor-widget-container\">\n\t\t\t\t\t\t\t<p><strong>Recursos de compartilhamento de arquivos AXEL Go para profissionais financeiros<\/strong><\/p>\n<ul>\n<li><strong>Criptografia de ponta a ponta<\/strong>: h\u00e1 pessoas mal-intencionadas em todos os lugares, caf\u00e9s, escrit\u00f3rios remotos e redes wi-fi dom\u00e9sticas est\u00e3o constantemente sob amea\u00e7a. Com criptografia de ponta a ponta, os dados s\u00e3o protegidos de todos os \u00e2ngulos, para que voc\u00ea e seus clientes possam ficar tranquilos sabendo que seus dados s\u00e3o cobertos pela criptografia AES de 256 bits de n\u00edvel premium<\/li>\n<li><strong>Assinaturas eletr\u00f4nicas<\/strong>: Assine instantaneamente qualquer PDF com um \u00fanico clique ou solicite uma assinatura com a mesma facilidade com nossos recursos integrados de assinatura eletr\u00f4nica.<\/li>\n<li><strong>Reten\u00e7\u00e3o de metadados<\/strong>: \u00c9 importante garantir que um arquivo n\u00e3o tenha sido adulterado antes, durante e depois do processo de armazenamento. Para proteger a veracidade dos documentos em nosso armazenamento baseado em nuvem, coletamos e protegemos os metadados dos documentos que foram compartilhados e salvos com o AXEL Go<\/li>\n<\/ul>\n\t\t\t\t\t\t<\/div>\n\t\t\t\t<\/div>\n\t\t\t\t\t<\/div>\n\t\t<\/div>\n\t\t\t\t\t\t\t<\/div>\n\t\t<\/section>\n\t\t\t\t\t<\/div>\n\t\t<\/div>\n\t\t\t\t\t\t\t<\/div>\n\t\t<\/section>\n\t\t\t\t\t\t\t<\/div>\n\t\t","protected":false},"excerpt":{"rendered":"<p>Ind\u00fastrias Compartilhamento Seguro de Arquivos Financeiros para Setores Financeiros e Banc\u00e1rios Envie, compartilhe, solicite e gerencie arquivos financeiros e dados de clientes com uma estrutura de servidor totalmente descentralizada. Criptografia de ponta a ponta significa que suas informa\u00e7\u00f5es s\u00e3o criptografadas no servidor e em tr\u00e2nsito. Tornamos a colabora\u00e7\u00e3o simples, robusta e totalmente personaliz\u00e1vel com uma [&hellip;]<\/p>\n","protected":false},"author":52,"featured_media":0,"parent":0,"menu_order":0,"comment_status":"closed","ping_status":"closed","template":"elementor_header_footer","meta":[],"yoast_head":"<!-- This site is optimized with the Yoast SEO plugin v20.8 - https:\/\/yoast.com\/wordpress\/plugins\/seo\/ -->\n<title>Compartilhamento Seguro de Arquivos Financeiros para Setores Financeiros e Banc\u00e1rios<\/title>\n<meta name=\"description\" content=\"Compartilhe arquivos financeiros com seguran\u00e7a com o AXEL Go. Garanta a confidencialidade com nosso compartilhamento de arquivos financeiros criptografados para o setor financeiro e banc\u00e1rio. Experimente gratuitamente.\" \/>\n<meta name=\"robots\" content=\"noindex, follow, max-snippet:-1, max-image-preview:large, max-video-preview:-1\" \/>\n<meta property=\"og:locale\" content=\"pt_BR\" \/>\n<meta property=\"og:type\" content=\"article\" \/>\n<meta property=\"og:title\" content=\"Compartilhamento Seguro de Arquivos Financeiros para Setores Financeiros e Banc\u00e1rios\" \/>\n<meta property=\"og:description\" content=\"Compartilhe arquivos financeiros com seguran\u00e7a com o AXEL Go. Garanta a confidencialidade com nosso compartilhamento de arquivos financeiros criptografados para o setor financeiro e banc\u00e1rio. Experimente gratuitamente.\" \/>\n<meta property=\"og:url\" content=\"https:\/\/tst.axelgo.app\/pt-br\/industrias-financas\/\" \/>\n<meta property=\"og:site_name\" content=\"AxelGo\" \/>\n<meta property=\"article:publisher\" content=\"https:\/\/www.facebook.com\/AxelUnlimited\/\" \/>\n<meta property=\"article:modified_time\" content=\"2023-05-17T07:43:57+00:00\" \/>\n<meta property=\"og:image\" content=\"https:\/\/tst.axelgo.app\/wp-content\/uploads\/2021\/01\/axel-favicon-512px-300x300.png\" \/>\n<meta name=\"twitter:card\" content=\"summary_large_image\" \/>\n<meta name=\"twitter:site\" content=\"@axelglobal\" \/>\n<meta name=\"twitter:label1\" content=\"Est. tempo de leitura\" \/>\n\t<meta name=\"twitter:data1\" content=\"2 minutos\" \/>\n<script type=\"application\/ld+json\" class=\"yoast-schema-graph\">{\"@context\":\"https:\/\/schema.org\",\"@graph\":[{\"@type\":\"WebPage\",\"@id\":\"https:\/\/tst.axelgo.app\/pt-br\/industrias-financas\/\",\"url\":\"https:\/\/tst.axelgo.app\/pt-br\/industrias-financas\/\",\"name\":\"Compartilhamento Seguro de Arquivos Financeiros para Setores Financeiros e Banc\u00e1rios\",\"isPartOf\":{\"@id\":\"https:\/\/tst.axelgo.app\/pt-br\/#website\"},\"datePublished\":\"2023-05-08T22:19:57+00:00\",\"dateModified\":\"2023-05-17T07:43:57+00:00\",\"description\":\"Compartilhe arquivos financeiros com seguran\u00e7a com o AXEL Go. Garanta a confidencialidade com nosso compartilhamento de arquivos financeiros criptografados para o setor financeiro e banc\u00e1rio. Experimente gratuitamente.\",\"breadcrumb\":{\"@id\":\"https:\/\/tst.axelgo.app\/pt-br\/industrias-financas\/#breadcrumb\"},\"inLanguage\":\"pt-BR\",\"potentialAction\":[{\"@type\":\"ReadAction\",\"target\":[\"https:\/\/tst.axelgo.app\/pt-br\/industrias-financas\/\"]}]},{\"@type\":\"BreadcrumbList\",\"@id\":\"https:\/\/tst.axelgo.app\/pt-br\/industrias-financas\/#breadcrumb\",\"itemListElement\":[{\"@type\":\"ListItem\",\"position\":1,\"name\":\"Home\",\"item\":\"https:\/\/www.axelgo.app\/pt-br\/\"},{\"@type\":\"ListItem\",\"position\":2,\"name\":\"Compartilhamento Seguro de Arquivos Financeiros para Setores Financeiros e Banc\u00e1rios\"}]},{\"@type\":\"WebSite\",\"@id\":\"https:\/\/tst.axelgo.app\/pt-br\/#website\",\"url\":\"https:\/\/tst.axelgo.app\/pt-br\/\",\"name\":\"Axel Go\",\"description\":\"Encrypted File Storage and Sharing App\",\"publisher\":{\"@id\":\"https:\/\/tst.axelgo.app\/pt-br\/#organization\"},\"potentialAction\":[{\"@type\":\"SearchAction\",\"target\":{\"@type\":\"EntryPoint\",\"urlTemplate\":\"https:\/\/tst.axelgo.app\/pt-br\/?s={search_term_string}\"},\"query-input\":\"required name=search_term_string\"}],\"inLanguage\":\"pt-BR\"},{\"@type\":\"Organization\",\"@id\":\"https:\/\/tst.axelgo.app\/pt-br\/#organization\",\"name\":\"AxelGo\",\"url\":\"https:\/\/tst.axelgo.app\/pt-br\/\",\"logo\":{\"@type\":\"ImageObject\",\"inLanguage\":\"pt-BR\",\"@id\":\"https:\/\/tst.axelgo.app\/pt-br\/#\/schema\/logo\/image\/\",\"url\":\"https:\/\/tst.axelgo.app\/wp-content\/uploads\/2019\/12\/blue.png\",\"contentUrl\":\"https:\/\/tst.axelgo.app\/wp-content\/uploads\/2019\/12\/blue.png\",\"width\":552,\"height\":120,\"caption\":\"AxelGo\"},\"image\":{\"@id\":\"https:\/\/tst.axelgo.app\/pt-br\/#\/schema\/logo\/image\/\"},\"sameAs\":[\"https:\/\/www.facebook.com\/AxelUnlimited\/\",\"https:\/\/twitter.com\/axelglobal\",\"https:\/\/www.instagram.com\/axelunlimited\/\",\"https:\/\/www.linkedin.com\/company\/axelunlimited\/\"]}]}<\/script>\n<!-- \/ Yoast SEO plugin. -->","yoast_head_json":{"title":"Compartilhamento Seguro de Arquivos Financeiros para Setores Financeiros e Banc\u00e1rios","description":"Compartilhe arquivos financeiros com seguran\u00e7a com o AXEL Go. Garanta a confidencialidade com nosso compartilhamento de arquivos financeiros criptografados para o setor financeiro e banc\u00e1rio. Experimente gratuitamente.","robots":{"index":"noindex","follow":"follow","max-snippet":"max-snippet:-1","max-image-preview":"max-image-preview:large","max-video-preview":"max-video-preview:-1"},"og_locale":"pt_BR","og_type":"article","og_title":"Compartilhamento Seguro de Arquivos Financeiros para Setores Financeiros e Banc\u00e1rios","og_description":"Compartilhe arquivos financeiros com seguran\u00e7a com o AXEL Go. Garanta a confidencialidade com nosso compartilhamento de arquivos financeiros criptografados para o setor financeiro e banc\u00e1rio. Experimente gratuitamente.","og_url":"https:\/\/tst.axelgo.app\/pt-br\/industrias-financas\/","og_site_name":"AxelGo","article_publisher":"https:\/\/www.facebook.com\/AxelUnlimited\/","article_modified_time":"2023-05-17T07:43:57+00:00","og_image":[{"url":"https:\/\/tst.axelgo.app\/wp-content\/uploads\/2021\/01\/axel-favicon-512px-300x300.png"}],"twitter_card":"summary_large_image","twitter_site":"@axelglobal","twitter_misc":{"Est. tempo de leitura":"2 minutos"},"schema":{"@context":"https:\/\/schema.org","@graph":[{"@type":"WebPage","@id":"https:\/\/tst.axelgo.app\/pt-br\/industrias-financas\/","url":"https:\/\/tst.axelgo.app\/pt-br\/industrias-financas\/","name":"Compartilhamento Seguro de Arquivos Financeiros para Setores Financeiros e Banc\u00e1rios","isPartOf":{"@id":"https:\/\/tst.axelgo.app\/pt-br\/#website"},"datePublished":"2023-05-08T22:19:57+00:00","dateModified":"2023-05-17T07:43:57+00:00","description":"Compartilhe arquivos financeiros com seguran\u00e7a com o AXEL Go. Garanta a confidencialidade com nosso compartilhamento de arquivos financeiros criptografados para o setor financeiro e banc\u00e1rio. Experimente gratuitamente.","breadcrumb":{"@id":"https:\/\/tst.axelgo.app\/pt-br\/industrias-financas\/#breadcrumb"},"inLanguage":"pt-BR","potentialAction":[{"@type":"ReadAction","target":["https:\/\/tst.axelgo.app\/pt-br\/industrias-financas\/"]}]},{"@type":"BreadcrumbList","@id":"https:\/\/tst.axelgo.app\/pt-br\/industrias-financas\/#breadcrumb","itemListElement":[{"@type":"ListItem","position":1,"name":"Home","item":"https:\/\/www.axelgo.app\/pt-br\/"},{"@type":"ListItem","position":2,"name":"Compartilhamento Seguro de Arquivos Financeiros para Setores Financeiros e Banc\u00e1rios"}]},{"@type":"WebSite","@id":"https:\/\/tst.axelgo.app\/pt-br\/#website","url":"https:\/\/tst.axelgo.app\/pt-br\/","name":"Axel Go","description":"Encrypted File Storage and Sharing App","publisher":{"@id":"https:\/\/tst.axelgo.app\/pt-br\/#organization"},"potentialAction":[{"@type":"SearchAction","target":{"@type":"EntryPoint","urlTemplate":"https:\/\/tst.axelgo.app\/pt-br\/?s={search_term_string}"},"query-input":"required name=search_term_string"}],"inLanguage":"pt-BR"},{"@type":"Organization","@id":"https:\/\/tst.axelgo.app\/pt-br\/#organization","name":"AxelGo","url":"https:\/\/tst.axelgo.app\/pt-br\/","logo":{"@type":"ImageObject","inLanguage":"pt-BR","@id":"https:\/\/tst.axelgo.app\/pt-br\/#\/schema\/logo\/image\/","url":"https:\/\/tst.axelgo.app\/wp-content\/uploads\/2019\/12\/blue.png","contentUrl":"https:\/\/tst.axelgo.app\/wp-content\/uploads\/2019\/12\/blue.png","width":552,"height":120,"caption":"AxelGo"},"image":{"@id":"https:\/\/tst.axelgo.app\/pt-br\/#\/schema\/logo\/image\/"},"sameAs":["https:\/\/www.facebook.com\/AxelUnlimited\/","https:\/\/twitter.com\/axelglobal","https:\/\/www.instagram.com\/axelunlimited\/","https:\/\/www.linkedin.com\/company\/axelunlimited\/"]}]}},"_links":{"self":[{"href":"https:\/\/tst.axelgo.app\/pt-br\/wp-json\/wp\/v2\/pages\/71311"}],"collection":[{"href":"https:\/\/tst.axelgo.app\/pt-br\/wp-json\/wp\/v2\/pages"}],"about":[{"href":"https:\/\/tst.axelgo.app\/pt-br\/wp-json\/wp\/v2\/types\/page"}],"author":[{"embeddable":true,"href":"https:\/\/tst.axelgo.app\/pt-br\/wp-json\/wp\/v2\/users\/52"}],"replies":[{"embeddable":true,"href":"https:\/\/tst.axelgo.app\/pt-br\/wp-json\/wp\/v2\/comments?post=71311"}],"version-history":[{"count":3,"href":"https:\/\/tst.axelgo.app\/pt-br\/wp-json\/wp\/v2\/pages\/71311\/revisions"}],"predecessor-version":[{"id":71324,"href":"https:\/\/tst.axelgo.app\/pt-br\/wp-json\/wp\/v2\/pages\/71311\/revisions\/71324"}],"wp:attachment":[{"href":"https:\/\/tst.axelgo.app\/pt-br\/wp-json\/wp\/v2\/media?parent=71311"}],"curies":[{"name":"wp","href":"https:\/\/api.w.org\/{rel}","templated":true}]}}