{"id":70564,"date":"2019-09-02T06:32:34","date_gmt":"2019-09-02T06:32:34","guid":{"rendered":"https:\/\/tst.axelgo.app\/sobre-2\/"},"modified":"2023-04-18T17:18:43","modified_gmt":"2023-04-18T17:18:43","slug":"sobre","status":"publish","type":"page","link":"https:\/\/tst.axelgo.app\/pt-br\/sobre\/","title":{"rendered":"Sobre"},"content":{"rendered":"\t\t<div data-elementor-type=\"wp-post\" data-elementor-id=\"70564\" class=\"elementor elementor-70564 elementor-330\" data-elementor-post-type=\"page\">\n\t\t\t\t\t\t\t\t\t<section class=\"elementor-section elementor-top-section elementor-element elementor-element-1797417 elementor-section-boxed elementor-section-height-default elementor-section-height-default wpr-particle-no wpr-jarallax-no wpr-parallax-no wpr-sticky-section-no\" data-id=\"1797417\" data-element_type=\"section\" data-settings=\"{&quot;background_background&quot;:&quot;classic&quot;}\">\n\t\t\t\t\t\t<div class=\"elementor-container elementor-column-gap-default\">\n\t\t\t\t\t<div class=\"elementor-column elementor-col-100 elementor-top-column elementor-element elementor-element-ba6741d\" data-id=\"ba6741d\" data-element_type=\"column\">\n\t\t\t<div class=\"elementor-widget-wrap elementor-element-populated\">\n\t\t\t\t\t\t\t\t<div class=\"elementor-element elementor-element-de2e028 elementor-widget elementor-widget-elementskit-heading\" data-id=\"de2e028\" data-element_type=\"widget\" data-settings=\"{&quot;ekit_we_effect_on&quot;:&quot;none&quot;}\" data-widget_type=\"elementskit-heading.default\">\n\t\t\t\t<div class=\"elementor-widget-container\">\n\t\t\t<div class=\"ekit-wid-con\" ><div class=\"ekit-heading elementskit-section-title-wraper text_center   ekit_heading_tablet-   ekit_heading_mobile-\"><h1 class=\"ekit-heading--title elementskit-section-title \">Sobre n\u00f3s<\/h1><\/div><\/div>\t\t<\/div>\n\t\t\t\t<\/div>\n\t\t\t\t\t<\/div>\n\t\t<\/div>\n\t\t\t\t\t\t\t<\/div>\n\t\t<\/section>\n\t\t\t\t<section class=\"elementor-section elementor-top-section elementor-element elementor-element-522c175 elementor-section-boxed elementor-section-height-default elementor-section-height-default wpr-particle-no wpr-jarallax-no wpr-parallax-no wpr-sticky-section-no\" data-id=\"522c175\" data-element_type=\"section\" data-settings=\"{&quot;background_background&quot;:&quot;classic&quot;}\">\n\t\t\t\t\t\t<div class=\"elementor-container elementor-column-gap-default\">\n\t\t\t\t\t<div class=\"elementor-column elementor-col-33 elementor-top-column elementor-element elementor-element-6031032\" data-id=\"6031032\" data-element_type=\"column\">\n\t\t\t<div class=\"elementor-widget-wrap elementor-element-populated\">\n\t\t\t\t\t\t\t\t<div class=\"elementor-element elementor-element-d9d4d5d elementor-widget elementor-widget-heading\" data-id=\"d9d4d5d\" data-element_type=\"widget\" data-settings=\"{&quot;ekit_we_effect_on&quot;:&quot;none&quot;}\" data-widget_type=\"heading.default\">\n\t\t\t\t<div class=\"elementor-widget-container\">\n\t\t\t<h3 class=\"elementor-heading-title elementor-size-default\">Nossa miss\u00e3o<\/h3>\t\t<\/div>\n\t\t\t\t<\/div>\n\t\t\t\t<div class=\"elementor-element elementor-element-a1a4a92 elementor-widget elementor-widget-heading\" data-id=\"a1a4a92\" data-element_type=\"widget\" data-settings=\"{&quot;ekit_we_effect_on&quot;:&quot;none&quot;}\" data-widget_type=\"heading.default\">\n\t\t\t\t<div class=\"elementor-widget-container\">\n\t\t\t<h6 class=\"elementor-heading-title elementor-size-default\">O AXEL Go est\u00e1 devolvendo o poder de possuir e controlar seu conte\u00fado digital armazenado de volta para voc\u00ea, o consumidor.<\/h6>\t\t<\/div>\n\t\t\t\t<\/div>\n\t\t\t\t\t<\/div>\n\t\t<\/div>\n\t\t\t\t<div class=\"elementor-column elementor-col-66 elementor-top-column elementor-element elementor-element-5b86398\" data-id=\"5b86398\" data-element_type=\"column\">\n\t\t\t<div class=\"elementor-widget-wrap elementor-element-populated\">\n\t\t\t\t\t\t\t\t<div class=\"elementor-element elementor-element-a74543a elementor-widget elementor-widget-text-editor\" data-id=\"a74543a\" data-element_type=\"widget\" data-settings=\"{&quot;ekit_we_effect_on&quot;:&quot;none&quot;}\" data-widget_type=\"text-editor.default\">\n\t\t\t\t<div class=\"elementor-widget-container\">\n\t\t\t\t\t\t\t<p>Usamos sistemas e m\u00e9todos de privacidade e seguran\u00e7a de ponta para fornecer uma solu\u00e7\u00e3o de gerenciamento de arquivos que oferece facilidade de uso, disponibilidade em qualquer lugar e privacidade inigual\u00e1vel para nossos usu\u00e1rios.<\/p>\n\t\t\t\t\t\t<\/div>\n\t\t\t\t<\/div>\n\t\t\t\t<div class=\"elementor-element elementor-element-27fbb9f elementor-widget elementor-widget-text-editor\" data-id=\"27fbb9f\" data-element_type=\"widget\" data-settings=\"{&quot;ekit_we_effect_on&quot;:&quot;none&quot;}\" data-widget_type=\"text-editor.default\">\n\t\t\t\t<div class=\"elementor-widget-container\">\n\t\t\t\t\t\t\t<p>Como inovador em sistemas e tecnologias baseados em Web 3, o AXEL Go \u00e9 constru\u00eddo em uma rede blockchain global, alimentada por nossa pr\u00f3pria arquitetura patenteada. N\u00e3o acreditamos em minera\u00e7\u00e3o e venda de seus dados. Acreditamos na soberania do conte\u00fado digital e estamos focados exclusivamente em fornecer solu\u00e7\u00f5es privadas e seguras para gerenciamento de conte\u00fado digital online. Estamos 100% comprometidos em garantir que seus dados e sua privacidade permane\u00e7am em suas m\u00e3os.<\/p>\n\t\t\t\t\t\t<\/div>\n\t\t\t\t<\/div>\n\t\t\t\t\t<\/div>\n\t\t<\/div>\n\t\t\t\t\t\t\t<\/div>\n\t\t<\/section>\n\t\t\t\t<section class=\"elementor-section elementor-top-section elementor-element elementor-element-0ee510d elementor-section-boxed elementor-section-height-default elementor-section-height-default wpr-particle-no wpr-jarallax-no wpr-parallax-no wpr-sticky-section-no\" data-id=\"0ee510d\" data-element_type=\"section\">\n\t\t\t\t\t\t<div class=\"elementor-container elementor-column-gap-default\">\n\t\t\t\t\t<div class=\"elementor-column elementor-col-50 elementor-top-column elementor-element elementor-element-b6d6028\" data-id=\"b6d6028\" data-element_type=\"column\">\n\t\t\t<div class=\"elementor-widget-wrap elementor-element-populated\">\n\t\t\t\t\t\t\t\t<div class=\"elementor-element elementor-element-41f8989 elementor-widget elementor-widget-image\" data-id=\"41f8989\" data-element_type=\"widget\" data-settings=\"{&quot;ekit_we_effect_on&quot;:&quot;none&quot;}\" data-widget_type=\"image.default\">\n\t\t\t\t<div class=\"elementor-widget-container\">\n\t\t\t\t\t\t\t\t\t\t\t\t\t\t\t<img fetchpriority=\"high\" decoding=\"async\" width=\"676\" height=\"384\" src=\"https:\/\/tst.axelgo.app\/wp-content\/uploads\/2019\/10\/Collaboration-img.png\" class=\"attachment-large size-large wp-image-66177\" alt=\"\" srcset=\"https:\/\/tst.axelgo.app\/wp-content\/uploads\/2019\/10\/Collaboration-img.png 676w, https:\/\/tst.axelgo.app\/wp-content\/uploads\/2019\/10\/Collaboration-img-300x170.png 300w\" sizes=\"(max-width: 676px) 100vw, 676px\" \/>\t\t\t\t\t\t\t\t\t\t\t\t\t\t\t<\/div>\n\t\t\t\t<\/div>\n\t\t\t\t\t<\/div>\n\t\t<\/div>\n\t\t\t\t<div class=\"elementor-column elementor-col-50 elementor-top-column elementor-element elementor-element-648306b\" data-id=\"648306b\" data-element_type=\"column\">\n\t\t\t<div class=\"elementor-widget-wrap elementor-element-populated\">\n\t\t\t\t\t\t\t\t<div class=\"elementor-element elementor-element-870ffcc elementor-widget elementor-widget-heading\" data-id=\"870ffcc\" data-element_type=\"widget\" data-settings=\"{&quot;ekit_we_effect_on&quot;:&quot;none&quot;}\" data-widget_type=\"heading.default\">\n\t\t\t\t<div class=\"elementor-widget-container\">\n\t\t\t<h3 class=\"elementor-heading-title elementor-size-default\">Nossa hist\u00f3ria<\/h3>\t\t<\/div>\n\t\t\t\t<\/div>\n\t\t\t\t<div class=\"elementor-element elementor-element-0e1dbf9 elementor-widget elementor-widget-text-editor\" data-id=\"0e1dbf9\" data-element_type=\"widget\" data-settings=\"{&quot;ekit_we_effect_on&quot;:&quot;none&quot;}\" data-widget_type=\"text-editor.default\">\n\t\t\t\t<div class=\"elementor-widget-container\">\n\t\t\t\t\t\t\t<p>Em primeiro lugar, somos uma empresa de TI focada em privacidade e seguran\u00e7a de dados. Em um mundo onde as empresas est\u00e3o roubando e vendendo seus dados pelas suas costas, decidimos criar uma plataforma que proteja seus dados e suas informa\u00e7\u00f5es pessoais, garantindo a privacidade e a seguran\u00e7a necess\u00e1rias para manter seu mundo digital seguro. Chamamos essa plataforma de AXEL Go.<\/p>\n\t\t\t\t\t\t<\/div>\n\t\t\t\t<\/div>\n\t\t\t\t<div class=\"elementor-element elementor-element-eec1953 elementor-widget elementor-widget-text-editor\" data-id=\"eec1953\" data-element_type=\"widget\" data-settings=\"{&quot;ekit_we_effect_on&quot;:&quot;none&quot;}\" data-widget_type=\"text-editor.default\">\n\t\t\t\t<div class=\"elementor-widget-container\">\n\t\t\t\t\t\t\t<p>O AXEL Go foi criado como uma solu\u00e7\u00e3o descentralizada de gerenciamento e compartilhamento de armazenamento de arquivos. Ele \u00e9 constru\u00eddo em uma rede descentralizada e distribu\u00edda de servidores redundantes, criptografia ponta a ponta AES de 256 bits e tecnologia de confian\u00e7a zero, oferecendo aos usu\u00e1rios uma experi\u00eancia de compartilhamento de arquivos totalmente privada e segura.<\/p>\n\t\t\t\t\t\t<\/div>\n\t\t\t\t<\/div>\n\t\t\t\t\t<\/div>\n\t\t<\/div>\n\t\t\t\t\t\t\t<\/div>\n\t\t<\/section>\n\t\t\t\t<section class=\"elementor-section elementor-top-section elementor-element elementor-element-0427d50 elementor-section-boxed elementor-section-height-default elementor-section-height-default wpr-particle-no wpr-jarallax-no wpr-parallax-no wpr-sticky-section-no\" data-id=\"0427d50\" data-element_type=\"section\">\n\t\t\t\t\t\t<div class=\"elementor-container elementor-column-gap-default\">\n\t\t\t\t\t<div class=\"elementor-column elementor-col-50 elementor-top-column elementor-element elementor-element-588090d\" data-id=\"588090d\" data-element_type=\"column\">\n\t\t\t<div class=\"elementor-widget-wrap elementor-element-populated\">\n\t\t\t\t\t\t\t\t<div class=\"elementor-element elementor-element-93789d9 elementor-widget elementor-widget-heading\" data-id=\"93789d9\" data-element_type=\"widget\" data-settings=\"{&quot;ekit_we_effect_on&quot;:&quot;none&quot;}\" data-widget_type=\"heading.default\">\n\t\t\t\t<div class=\"elementor-widget-container\">\n\t\t\t<h3 class=\"elementor-heading-title elementor-size-default\">Nosso compromisso<\/h3>\t\t<\/div>\n\t\t\t\t<\/div>\n\t\t\t\t<div class=\"elementor-element elementor-element-a316c6d elementor-widget elementor-widget-text-editor\" data-id=\"a316c6d\" data-element_type=\"widget\" data-settings=\"{&quot;ekit_we_effect_on&quot;:&quot;none&quot;}\" data-widget_type=\"text-editor.default\">\n\t\t\t\t<div class=\"elementor-widget-container\">\n\t\t\t\t\t\t\t<p>Seja voc\u00ea propriet\u00e1rio de uma empresa, freelancer ou apenas algu\u00e9m procurando um local para armazenar seus arquivos com seguran\u00e7a, o AXEL Go tem o compromisso de atender a todos porque voc\u00ea merece a oportunidade de proteger seus arquivos, independentemente de quem voc\u00ea \u00e9 ou o que faz.<\/p>\n\t\t\t\t\t\t<\/div>\n\t\t\t\t<\/div>\n\t\t\t\t<div class=\"elementor-element elementor-element-e15917a elementor-widget elementor-widget-text-editor\" data-id=\"e15917a\" data-element_type=\"widget\" data-settings=\"{&quot;ekit_we_effect_on&quot;:&quot;none&quot;}\" data-widget_type=\"text-editor.default\">\n\t\t\t\t<div class=\"elementor-widget-container\">\n\t\t\t\t\t\t\t<p>Qualquer empresa pode usar nosso recurso de assinatura eletr\u00f4nica r\u00e1pido e seguro para fechar contratos e fazer neg\u00f3cios na velocidade de um toque na tela. Os freelancers podem usar nosso compartilhamento baseado em link para entregar o trabalho conclu\u00eddo aos clientes. As opera\u00e7\u00f5es locais podem usar nossa seguran\u00e7a baseada em blockchain para proteger as informa\u00e7\u00f5es de identifica\u00e7\u00e3o pessoal de seus funcion\u00e1rios.<\/p>\n\t\t\t\t\t\t<\/div>\n\t\t\t\t<\/div>\n\t\t\t\t<div class=\"elementor-element elementor-element-d0bd332 elementor-widget elementor-widget-text-editor\" data-id=\"d0bd332\" data-element_type=\"widget\" data-settings=\"{&quot;ekit_we_effect_on&quot;:&quot;none&quot;}\" data-widget_type=\"text-editor.default\">\n\t\t\t\t<div class=\"elementor-widget-container\">\n\t\t\t\t\t\t\t<p>Para qualquer outra pessoa, se voc\u00ea est\u00e1 apenas procurando um local seguro para armazenar seus arquivos que respeite sua privacidade e tenha a m\u00e1xima integridade, o AXEL Go \u00e9 a resposta para voc\u00ea. Nossa plataforma \u00e9 flex\u00edvel o suficiente para se adaptar ao que voc\u00ea precisar.<\/p>\n\t\t\t\t\t\t<\/div>\n\t\t\t\t<\/div>\n\t\t\t\t\t<\/div>\n\t\t<\/div>\n\t\t\t\t<div class=\"elementor-column elementor-col-50 elementor-top-column elementor-element elementor-element-ca8a6c3\" data-id=\"ca8a6c3\" data-element_type=\"column\">\n\t\t\t<div class=\"elementor-widget-wrap elementor-element-populated\">\n\t\t\t\t\t\t\t\t<div class=\"elementor-element elementor-element-4ad2215 elementor-widget elementor-widget-image\" data-id=\"4ad2215\" data-element_type=\"widget\" data-settings=\"{&quot;ekit_we_effect_on&quot;:&quot;none&quot;}\" data-widget_type=\"image.default\">\n\t\t\t\t<div class=\"elementor-widget-container\">\n\t\t\t\t\t\t\t\t\t\t\t\t\t\t\t<img decoding=\"async\" width=\"800\" height=\"399\" src=\"https:\/\/tst.axelgo.app\/wp-content\/uploads\/2019\/11\/sass-3-banner-image.png\" class=\"attachment-large size-large wp-image-66557\" alt=\"\" srcset=\"https:\/\/tst.axelgo.app\/wp-content\/uploads\/2019\/11\/sass-3-banner-image.png 869w, https:\/\/tst.axelgo.app\/wp-content\/uploads\/2019\/11\/sass-3-banner-image-300x149.png 300w, https:\/\/tst.axelgo.app\/wp-content\/uploads\/2019\/11\/sass-3-banner-image-768x383.png 768w\" sizes=\"(max-width: 800px) 100vw, 800px\" \/>\t\t\t\t\t\t\t\t\t\t\t\t\t\t\t<\/div>\n\t\t\t\t<\/div>\n\t\t\t\t\t<\/div>\n\t\t<\/div>\n\t\t\t\t\t\t\t<\/div>\n\t\t<\/section>\n\t\t\t\t\t\t\t<\/div>\n\t\t","protected":false},"excerpt":{"rendered":"<p>Sobre n\u00f3s Nossa miss\u00e3o O AXEL Go est\u00e1 devolvendo o poder de possuir e controlar seu conte\u00fado digital armazenado de volta para voc\u00ea, o consumidor. Usamos sistemas e m\u00e9todos de privacidade e seguran\u00e7a de ponta para fornecer uma solu\u00e7\u00e3o de gerenciamento de arquivos que oferece facilidade de uso, disponibilidade em qualquer lugar e privacidade inigual\u00e1vel [&hellip;]<\/p>\n","protected":false},"author":1,"featured_media":0,"parent":0,"menu_order":0,"comment_status":"closed","ping_status":"closed","template":"template\/homepage-template.php","meta":[],"yoast_head":"<!-- This site is optimized with the Yoast SEO plugin v20.8 - https:\/\/yoast.com\/wordpress\/plugins\/seo\/ -->\n<title>Sobre nosso aplicativo seguro de compartilhamento de documentos - Compartilhe arquivos de forma privada<\/title>\n<meta name=\"description\" content=\"Descubra como compartilhar arquivos de forma privada e confidencial com o AXEL Go. Saiba mais sobre nosso aplicativo seguro de compartilhamento de documentos hoje.\" \/>\n<meta name=\"robots\" content=\"noindex, follow, max-snippet:-1, max-image-preview:large, max-video-preview:-1\" \/>\n<meta property=\"og:locale\" content=\"pt_BR\" \/>\n<meta property=\"og:type\" content=\"article\" \/>\n<meta property=\"og:title\" content=\"Sobre nosso aplicativo seguro de compartilhamento de documentos - Compartilhe arquivos de forma privada\" \/>\n<meta property=\"og:description\" content=\"Descubra como compartilhar arquivos de forma privada e confidencial com o AXEL Go. Saiba mais sobre nosso aplicativo seguro de compartilhamento de documentos hoje.\" \/>\n<meta property=\"og:url\" content=\"https:\/\/tst.axelgo.app\/pt-br\/sobre\/\" \/>\n<meta property=\"og:site_name\" content=\"AxelGo\" \/>\n<meta property=\"article:publisher\" content=\"https:\/\/www.facebook.com\/AxelUnlimited\/\" \/>\n<meta property=\"article:modified_time\" content=\"2023-04-18T17:18:43+00:00\" \/>\n<meta property=\"og:image\" content=\"https:\/\/tst.axelgo.app\/wp-content\/uploads\/2019\/10\/Collaboration-img.png\" \/>\n<meta name=\"twitter:card\" content=\"summary_large_image\" \/>\n<meta name=\"twitter:site\" content=\"@axelglobal\" \/>\n<meta name=\"twitter:label1\" content=\"Est. tempo de leitura\" \/>\n\t<meta name=\"twitter:data1\" content=\"2 minutos\" \/>\n<script type=\"application\/ld+json\" class=\"yoast-schema-graph\">{\"@context\":\"https:\/\/schema.org\",\"@graph\":[{\"@type\":\"WebPage\",\"@id\":\"https:\/\/tst.axelgo.app\/pt-br\/sobre\/\",\"url\":\"https:\/\/tst.axelgo.app\/pt-br\/sobre\/\",\"name\":\"Sobre nosso aplicativo seguro de compartilhamento de documentos - Compartilhe arquivos de forma privada\",\"isPartOf\":{\"@id\":\"https:\/\/tst.axelgo.app\/pt-br\/#website\"},\"datePublished\":\"2019-09-02T06:32:34+00:00\",\"dateModified\":\"2023-04-18T17:18:43+00:00\",\"description\":\"Descubra como compartilhar arquivos de forma privada e confidencial com o AXEL Go. Saiba mais sobre nosso aplicativo seguro de compartilhamento de documentos hoje.\",\"breadcrumb\":{\"@id\":\"https:\/\/tst.axelgo.app\/pt-br\/sobre\/#breadcrumb\"},\"inLanguage\":\"pt-BR\",\"potentialAction\":[{\"@type\":\"ReadAction\",\"target\":[\"https:\/\/tst.axelgo.app\/pt-br\/sobre\/\"]}]},{\"@type\":\"BreadcrumbList\",\"@id\":\"https:\/\/tst.axelgo.app\/pt-br\/sobre\/#breadcrumb\",\"itemListElement\":[{\"@type\":\"ListItem\",\"position\":1,\"name\":\"Home\",\"item\":\"https:\/\/www.axelgo.app\/pt-br\/\"},{\"@type\":\"ListItem\",\"position\":2,\"name\":\"Sobre\"}]},{\"@type\":\"WebSite\",\"@id\":\"https:\/\/tst.axelgo.app\/pt-br\/#website\",\"url\":\"https:\/\/tst.axelgo.app\/pt-br\/\",\"name\":\"Axel Go\",\"description\":\"Encrypted File Storage and Sharing App\",\"publisher\":{\"@id\":\"https:\/\/tst.axelgo.app\/pt-br\/#organization\"},\"potentialAction\":[{\"@type\":\"SearchAction\",\"target\":{\"@type\":\"EntryPoint\",\"urlTemplate\":\"https:\/\/tst.axelgo.app\/pt-br\/?s={search_term_string}\"},\"query-input\":\"required name=search_term_string\"}],\"inLanguage\":\"pt-BR\"},{\"@type\":\"Organization\",\"@id\":\"https:\/\/tst.axelgo.app\/pt-br\/#organization\",\"name\":\"AxelGo\",\"url\":\"https:\/\/tst.axelgo.app\/pt-br\/\",\"logo\":{\"@type\":\"ImageObject\",\"inLanguage\":\"pt-BR\",\"@id\":\"https:\/\/tst.axelgo.app\/pt-br\/#\/schema\/logo\/image\/\",\"url\":\"https:\/\/tst.axelgo.app\/wp-content\/uploads\/2019\/12\/blue.png\",\"contentUrl\":\"https:\/\/tst.axelgo.app\/wp-content\/uploads\/2019\/12\/blue.png\",\"width\":552,\"height\":120,\"caption\":\"AxelGo\"},\"image\":{\"@id\":\"https:\/\/tst.axelgo.app\/pt-br\/#\/schema\/logo\/image\/\"},\"sameAs\":[\"https:\/\/www.facebook.com\/AxelUnlimited\/\",\"https:\/\/twitter.com\/axelglobal\",\"https:\/\/www.instagram.com\/axelunlimited\/\",\"https:\/\/www.linkedin.com\/company\/axelunlimited\/\"]}]}<\/script>\n<!-- \/ Yoast SEO plugin. -->","yoast_head_json":{"title":"Sobre nosso aplicativo seguro de compartilhamento de documentos - Compartilhe arquivos de forma privada","description":"Descubra como compartilhar arquivos de forma privada e confidencial com o AXEL Go. Saiba mais sobre nosso aplicativo seguro de compartilhamento de documentos hoje.","robots":{"index":"noindex","follow":"follow","max-snippet":"max-snippet:-1","max-image-preview":"max-image-preview:large","max-video-preview":"max-video-preview:-1"},"og_locale":"pt_BR","og_type":"article","og_title":"Sobre nosso aplicativo seguro de compartilhamento de documentos - Compartilhe arquivos de forma privada","og_description":"Descubra como compartilhar arquivos de forma privada e confidencial com o AXEL Go. Saiba mais sobre nosso aplicativo seguro de compartilhamento de documentos hoje.","og_url":"https:\/\/tst.axelgo.app\/pt-br\/sobre\/","og_site_name":"AxelGo","article_publisher":"https:\/\/www.facebook.com\/AxelUnlimited\/","article_modified_time":"2023-04-18T17:18:43+00:00","og_image":[{"url":"https:\/\/tst.axelgo.app\/wp-content\/uploads\/2019\/10\/Collaboration-img.png"}],"twitter_card":"summary_large_image","twitter_site":"@axelglobal","twitter_misc":{"Est. tempo de leitura":"2 minutos"},"schema":{"@context":"https:\/\/schema.org","@graph":[{"@type":"WebPage","@id":"https:\/\/tst.axelgo.app\/pt-br\/sobre\/","url":"https:\/\/tst.axelgo.app\/pt-br\/sobre\/","name":"Sobre nosso aplicativo seguro de compartilhamento de documentos - Compartilhe arquivos de forma privada","isPartOf":{"@id":"https:\/\/tst.axelgo.app\/pt-br\/#website"},"datePublished":"2019-09-02T06:32:34+00:00","dateModified":"2023-04-18T17:18:43+00:00","description":"Descubra como compartilhar arquivos de forma privada e confidencial com o AXEL Go. Saiba mais sobre nosso aplicativo seguro de compartilhamento de documentos hoje.","breadcrumb":{"@id":"https:\/\/tst.axelgo.app\/pt-br\/sobre\/#breadcrumb"},"inLanguage":"pt-BR","potentialAction":[{"@type":"ReadAction","target":["https:\/\/tst.axelgo.app\/pt-br\/sobre\/"]}]},{"@type":"BreadcrumbList","@id":"https:\/\/tst.axelgo.app\/pt-br\/sobre\/#breadcrumb","itemListElement":[{"@type":"ListItem","position":1,"name":"Home","item":"https:\/\/www.axelgo.app\/pt-br\/"},{"@type":"ListItem","position":2,"name":"Sobre"}]},{"@type":"WebSite","@id":"https:\/\/tst.axelgo.app\/pt-br\/#website","url":"https:\/\/tst.axelgo.app\/pt-br\/","name":"Axel Go","description":"Encrypted File Storage and Sharing App","publisher":{"@id":"https:\/\/tst.axelgo.app\/pt-br\/#organization"},"potentialAction":[{"@type":"SearchAction","target":{"@type":"EntryPoint","urlTemplate":"https:\/\/tst.axelgo.app\/pt-br\/?s={search_term_string}"},"query-input":"required name=search_term_string"}],"inLanguage":"pt-BR"},{"@type":"Organization","@id":"https:\/\/tst.axelgo.app\/pt-br\/#organization","name":"AxelGo","url":"https:\/\/tst.axelgo.app\/pt-br\/","logo":{"@type":"ImageObject","inLanguage":"pt-BR","@id":"https:\/\/tst.axelgo.app\/pt-br\/#\/schema\/logo\/image\/","url":"https:\/\/tst.axelgo.app\/wp-content\/uploads\/2019\/12\/blue.png","contentUrl":"https:\/\/tst.axelgo.app\/wp-content\/uploads\/2019\/12\/blue.png","width":552,"height":120,"caption":"AxelGo"},"image":{"@id":"https:\/\/tst.axelgo.app\/pt-br\/#\/schema\/logo\/image\/"},"sameAs":["https:\/\/www.facebook.com\/AxelUnlimited\/","https:\/\/twitter.com\/axelglobal","https:\/\/www.instagram.com\/axelunlimited\/","https:\/\/www.linkedin.com\/company\/axelunlimited\/"]}]}},"_links":{"self":[{"href":"https:\/\/tst.axelgo.app\/pt-br\/wp-json\/wp\/v2\/pages\/70564"}],"collection":[{"href":"https:\/\/tst.axelgo.app\/pt-br\/wp-json\/wp\/v2\/pages"}],"about":[{"href":"https:\/\/tst.axelgo.app\/pt-br\/wp-json\/wp\/v2\/types\/page"}],"author":[{"embeddable":true,"href":"https:\/\/tst.axelgo.app\/pt-br\/wp-json\/wp\/v2\/users\/1"}],"replies":[{"embeddable":true,"href":"https:\/\/tst.axelgo.app\/pt-br\/wp-json\/wp\/v2\/comments?post=70564"}],"version-history":[{"count":1,"href":"https:\/\/tst.axelgo.app\/pt-br\/wp-json\/wp\/v2\/pages\/70564\/revisions"}],"predecessor-version":[{"id":70565,"href":"https:\/\/tst.axelgo.app\/pt-br\/wp-json\/wp\/v2\/pages\/70564\/revisions\/70565"}],"wp:attachment":[{"href":"https:\/\/tst.axelgo.app\/pt-br\/wp-json\/wp\/v2\/media?parent=70564"}],"curies":[{"name":"wp","href":"https:\/\/api.w.org\/{rel}","templated":true}]}}