{"id":68495,"date":"2023-01-16T17:29:42","date_gmt":"2023-01-16T17:29:42","guid":{"rendered":"https:\/\/tst0106.axelgo.app\/solucoes\/solucoes-seu-negocio\/"},"modified":"2023-03-01T14:59:57","modified_gmt":"2023-03-01T14:59:57","slug":"solucoes-seu-negocio","status":"publish","type":"page","link":"https:\/\/tst.axelgo.app\/pt-br\/solucoes\/solucoes-seu-negocio\/","title":{"rendered":"Seu neg\u00f3cio"},"content":{"rendered":"\t\t<div data-elementor-type=\"wp-post\" data-elementor-id=\"68495\" class=\"elementor elementor-68495 elementor-65136\" data-elementor-post-type=\"page\">\n\t\t\t\t\t\t\t\t\t<section class=\"elementor-section elementor-top-section elementor-element elementor-element-1797417 elementor-section-boxed elementor-section-height-default elementor-section-height-default wpr-particle-no wpr-jarallax-no wpr-parallax-no wpr-sticky-section-no\" data-id=\"1797417\" data-element_type=\"section\" data-settings=\"{&quot;background_background&quot;:&quot;classic&quot;}\">\n\t\t\t\t\t\t<div class=\"elementor-container elementor-column-gap-default\">\n\t\t\t\t\t<div class=\"elementor-column elementor-col-100 elementor-top-column elementor-element elementor-element-ba6741d\" data-id=\"ba6741d\" data-element_type=\"column\">\n\t\t\t<div class=\"elementor-widget-wrap elementor-element-populated\">\n\t\t\t\t\t\t\t\t<div class=\"elementor-element elementor-element-de2e028 elementor-widget elementor-widget-elementskit-heading\" data-id=\"de2e028\" data-element_type=\"widget\" data-settings=\"{&quot;ekit_we_effect_on&quot;:&quot;none&quot;}\" data-widget_type=\"elementskit-heading.default\">\n\t\t\t\t<div class=\"elementor-widget-container\">\n\t\t\t<div class=\"ekit-wid-con\" ><div class=\"ekit-heading elementskit-section-title-wraper text_center   ekit_heading_tablet-   ekit_heading_mobile-\"><h2 class=\"ekit-heading--title elementskit-section-title \">Solu\u00e7\u00f5es<\/h2><\/div><\/div>\t\t<\/div>\n\t\t\t\t<\/div>\n\t\t\t\t\t<\/div>\n\t\t<\/div>\n\t\t\t\t\t\t\t<\/div>\n\t\t<\/section>\n\t\t\t\t<section class=\"elementor-section elementor-top-section elementor-element elementor-element-2115073 elementor-section-boxed elementor-section-height-default elementor-section-height-default wpr-particle-no wpr-jarallax-no wpr-parallax-no wpr-sticky-section-no\" data-id=\"2115073\" data-element_type=\"section\">\n\t\t\t\t\t\t<div class=\"elementor-container elementor-column-gap-default\">\n\t\t\t\t\t<div class=\"elementor-column elementor-col-100 elementor-top-column elementor-element elementor-element-c46bfee\" data-id=\"c46bfee\" data-element_type=\"column\">\n\t\t\t<div class=\"elementor-widget-wrap\">\n\t\t\t\t\t\t\t\t\t<\/div>\n\t\t<\/div>\n\t\t\t\t\t\t\t<\/div>\n\t\t<\/section>\n\t\t\t\t<section class=\"elementor-section elementor-top-section elementor-element elementor-element-3e82b03a elementor-section-boxed elementor-section-height-default elementor-section-height-default wpr-particle-no wpr-jarallax-no wpr-parallax-no wpr-sticky-section-no\" data-id=\"3e82b03a\" data-element_type=\"section\">\n\t\t\t\t\t\t<div class=\"elementor-container elementor-column-gap-default\">\n\t\t\t\t\t<div class=\"elementor-column elementor-col-100 elementor-top-column elementor-element elementor-element-78ba31e\" data-id=\"78ba31e\" data-element_type=\"column\">\n\t\t\t<div class=\"elementor-widget-wrap elementor-element-populated\">\n\t\t\t\t\t\t\t\t<div class=\"elementor-element elementor-element-6963b79a elementor-widget-divider--view-line elementor-widget elementor-widget-divider\" data-id=\"6963b79a\" data-element_type=\"widget\" data-settings=\"{&quot;ekit_we_effect_on&quot;:&quot;none&quot;}\" data-widget_type=\"divider.default\">\n\t\t\t\t<div class=\"elementor-widget-container\">\n\t\t\t\t\t<div class=\"elementor-divider\">\n\t\t\t<span class=\"elementor-divider-separator\">\n\t\t\t\t\t\t<\/span>\n\t\t<\/div>\n\t\t\t\t<\/div>\n\t\t\t\t<\/div>\n\t\t\t\t<section class=\"elementor-section elementor-inner-section elementor-element elementor-element-4d183c0c elementor-section-boxed elementor-section-height-default elementor-section-height-default wpr-particle-no wpr-jarallax-no wpr-parallax-no wpr-sticky-section-no\" data-id=\"4d183c0c\" data-element_type=\"section\">\n\t\t\t\t\t\t<div class=\"elementor-container elementor-column-gap-default\">\n\t\t\t\t\t<div class=\"elementor-column elementor-col-50 elementor-inner-column elementor-element elementor-element-7f5060e4\" data-id=\"7f5060e4\" data-element_type=\"column\">\n\t\t\t<div class=\"elementor-widget-wrap elementor-element-populated\">\n\t\t\t\t\t\t\t\t<div class=\"elementor-element elementor-element-656e20d elementor-widget elementor-widget-image\" data-id=\"656e20d\" data-element_type=\"widget\" data-settings=\"{&quot;ekit_we_effect_on&quot;:&quot;none&quot;}\" data-widget_type=\"image.default\">\n\t\t\t\t<div class=\"elementor-widget-container\">\n\t\t\t\t\t\t\t\t\t\t\t\t\t\t\t<img decoding=\"async\" src=\"https:\/\/tst.axelgo.app\/wp-content\/uploads\/elementor\/thumbs\/Your-business-2-q4unnrim8gur7w0exfb1o7gojrj68dblv1o3o5xj1c.png\" title=\"AXEL Go Solution for Your Business\" alt=\"AXEL Go Solution for Your Business\" loading=\"lazy\" \/>\t\t\t\t\t\t\t\t\t\t\t\t\t\t\t<\/div>\n\t\t\t\t<\/div>\n\t\t\t\t\t<\/div>\n\t\t<\/div>\n\t\t\t\t<div class=\"elementor-column elementor-col-50 elementor-inner-column elementor-element elementor-element-1c58f05\" data-id=\"1c58f05\" data-element_type=\"column\">\n\t\t\t<div class=\"elementor-widget-wrap elementor-element-populated\">\n\t\t\t\t\t\t\t\t<div class=\"elementor-element elementor-element-1b711a2 elementor-widget elementor-widget-heading\" data-id=\"1b711a2\" data-element_type=\"widget\" data-settings=\"{&quot;ekit_we_effect_on&quot;:&quot;none&quot;}\" data-widget_type=\"heading.default\">\n\t\t\t\t<div class=\"elementor-widget-container\">\n\t\t\t<h3 class=\"elementor-heading-title elementor-size-default\">Compartilhamento de Arquivos de Neg\u00f3cios<\/h3>\t\t<\/div>\n\t\t\t\t<\/div>\n\t\t\t\t<div class=\"elementor-element elementor-element-13e8a9d6 elementor-widget elementor-widget-text-editor\" data-id=\"13e8a9d6\" data-element_type=\"widget\" data-settings=\"{&quot;ekit_we_effect_on&quot;:&quot;none&quot;}\" data-widget_type=\"text-editor.default\">\n\t\t\t\t<div class=\"elementor-widget-container\">\n\t\t\t\t\t\t\t<p>Sua empresa lida com informa\u00e7\u00f5es confidenciais todos os dias. Para lidar com isso com responsabilidade, voc\u00ea precisa de seguran\u00e7a digital avan\u00e7ada com compartilhamento seguro de arquivos para sua empresa. O AXEL Go foi desenvolvido para ser f\u00e1cil de usar e incrivelmente seguro para compartilhamento de arquivos empresariais. Nossa criptografia AES de 256 bits, servidores de armazenamento descentralizados e compartilhamentos de arquivos expirados funcionam em conjunto para proteger seus neg\u00f3cios de todos os \u00e2ngulos.<\/p>\n\t\t\t\t\t\t<\/div>\n\t\t\t\t<\/div>\n\t\t\t\t\t<\/div>\n\t\t<\/div>\n\t\t\t\t\t\t\t<\/div>\n\t\t<\/section>\n\t\t\t\t<section class=\"elementor-section elementor-inner-section elementor-element elementor-element-4e8bcf5 elementor-section-boxed elementor-section-height-default elementor-section-height-default wpr-particle-no wpr-jarallax-no wpr-parallax-no wpr-sticky-section-no\" data-id=\"4e8bcf5\" data-element_type=\"section\">\n\t\t\t\t\t\t<div class=\"elementor-container elementor-column-gap-default\">\n\t\t\t\t\t<div class=\"elementor-column elementor-col-33 elementor-inner-column elementor-element elementor-element-70ec347\" data-id=\"70ec347\" data-element_type=\"column\">\n\t\t\t<div class=\"elementor-widget-wrap elementor-element-populated\">\n\t\t\t\t\t\t\t\t<div class=\"elementor-element elementor-element-e365cce elementor-widget elementor-widget-image\" data-id=\"e365cce\" data-element_type=\"widget\" data-settings=\"{&quot;ekit_we_effect_on&quot;:&quot;none&quot;}\" data-widget_type=\"image.default\">\n\t\t\t\t<div class=\"elementor-widget-container\">\n\t\t\t\t\t\t\t\t\t\t\t\t\t\t\t<img decoding=\"async\" src=\"https:\/\/tst.axelgo.app\/wp-content\/uploads\/elementor\/thumbs\/Business-Solutions-Icon-1-q4unnuc15ekqw42tw58yicdyu226mb0gmkd7mtuq5k.png\" title=\"Business Solutions Icon 1\" alt=\"Business Solutions Icon 1\" loading=\"lazy\" \/>\t\t\t\t\t\t\t\t\t\t\t\t\t\t\t<\/div>\n\t\t\t\t<\/div>\n\t\t\t\t<div class=\"elementor-element elementor-element-8030282 elementor-widget elementor-widget-text-editor\" data-id=\"8030282\" data-element_type=\"widget\" data-settings=\"{&quot;ekit_we_effect_on&quot;:&quot;none&quot;}\" data-widget_type=\"text-editor.default\">\n\t\t\t\t<div class=\"elementor-widget-container\">\n\t\t\t\t\t\t\t<p><b>Definir senhas em seus arquivos mais confidenciais<\/b><\/p>\n<p>Se a criptografia de ponta a ponta e os servidores de armazenamento descentralizados n\u00e3o s\u00e3o prote\u00e7\u00e3o suficiente para o seu neg\u00f3cio, temos \u00f3timas not\u00edcias. Seus arquivos podem ser ainda mais protegidos durante o processo de compartilhamento de arquivos de neg\u00f3cios com senhas personaliz\u00e1veis \u200b\u200bpara garantir que apenas pessoas autorizadas tenham acesso aos arquivos que voc\u00ea compartilha.<\/p>\n\t\t\t\t\t\t<\/div>\n\t\t\t\t<\/div>\n\t\t\t\t\t<\/div>\n\t\t<\/div>\n\t\t\t\t<div class=\"elementor-column elementor-col-33 elementor-inner-column elementor-element elementor-element-a285993\" data-id=\"a285993\" data-element_type=\"column\">\n\t\t\t<div class=\"elementor-widget-wrap elementor-element-populated\">\n\t\t\t\t\t\t\t\t<div class=\"elementor-element elementor-element-3342652 elementor-widget elementor-widget-image\" data-id=\"3342652\" data-element_type=\"widget\" data-settings=\"{&quot;ekit_we_effect_on&quot;:&quot;none&quot;}\" data-widget_type=\"image.default\">\n\t\t\t\t<div class=\"elementor-widget-container\">\n\t\t\t\t\t\t\t\t\t\t\t\t\t\t\t<img decoding=\"async\" src=\"https:\/\/tst.axelgo.app\/wp-content\/uploads\/elementor\/thumbs\/Business-Solutions-Icon-2-q4unnuc15ekqw42tw58yicdyu226mb0gmkd7mtuq5a.png\" title=\"Business Solutions Icon 2\" alt=\"Business Solutions Icon 2\" loading=\"lazy\" \/>\t\t\t\t\t\t\t\t\t\t\t\t\t\t\t<\/div>\n\t\t\t\t<\/div>\n\t\t\t\t<div class=\"elementor-element elementor-element-f725eb7 elementor-widget elementor-widget-text-editor\" data-id=\"f725eb7\" data-element_type=\"widget\" data-settings=\"{&quot;ekit_we_effect_on&quot;:&quot;none&quot;}\" data-widget_type=\"text-editor.default\">\n\t\t\t\t<div class=\"elementor-widget-container\">\n\t\t\t\t\t\t\t<p><b>Compartilhamento seguro de arquivos comerciais com servidores descentralizados<\/b><\/p>\n<p>Servidores descentralizados significam que seus arquivos nunca ficam em um \u00fanico lugar, prontos para serem roubados por um hacker. Criptografamos seus dados e os salvamos em uma s\u00e9rie de servidores separados, apenas para serem remontados quando acessados \u200b\u200bpelos canais apropriados por meio da rede refor\u00e7ada propriet\u00e1ria do AXEL Go.<\/p>\n\t\t\t\t\t\t<\/div>\n\t\t\t\t<\/div>\n\t\t\t\t\t<\/div>\n\t\t<\/div>\n\t\t\t\t<div class=\"elementor-column elementor-col-33 elementor-inner-column elementor-element elementor-element-8646077\" data-id=\"8646077\" data-element_type=\"column\">\n\t\t\t<div class=\"elementor-widget-wrap elementor-element-populated\">\n\t\t\t\t\t\t\t\t<div class=\"elementor-element elementor-element-983bed2 elementor-widget elementor-widget-image\" data-id=\"983bed2\" data-element_type=\"widget\" data-settings=\"{&quot;ekit_we_effect_on&quot;:&quot;none&quot;}\" data-widget_type=\"image.default\">\n\t\t\t\t<div class=\"elementor-widget-container\">\n\t\t\t\t\t\t\t\t\t\t\t\t\t\t\t<img decoding=\"async\" src=\"https:\/\/tst.axelgo.app\/wp-content\/uploads\/elementor\/thumbs\/Business-Solutions-Icon-3-q4unnuc15ekqw42tw58yicdyu226mb0gmkd7mtuq5k.png\" title=\"Business Solutions Icon 3\" alt=\"Business Solutions Icon 3\" loading=\"lazy\" \/>\t\t\t\t\t\t\t\t\t\t\t\t\t\t\t<\/div>\n\t\t\t\t<\/div>\n\t\t\t\t<div class=\"elementor-element elementor-element-d6abc4b elementor-widget elementor-widget-text-editor\" data-id=\"d6abc4b\" data-element_type=\"widget\" data-settings=\"{&quot;ekit_we_effect_on&quot;:&quot;none&quot;}\" data-widget_type=\"text-editor.default\">\n\t\t\t\t<div class=\"elementor-widget-container\">\n\t\t\t\t\t\t\t<p><b>Planos flex\u00edveis para todos os tamanhos<\/b><\/p>\n<p>Nem todo neg\u00f3cio \u00e9 igual. De neg\u00f3cios com duas pessoas a opera\u00e7\u00f5es de n\u00edvel empresarial, o AXEL Go tem um n\u00edvel de compartilhamento de arquivos de neg\u00f3cios para voc\u00ea. Damos-lhe espa\u00e7o para crescer e espa\u00e7o para mudar \u00e0 medida que o seu neg\u00f3cio se desenvolve. Sua seguran\u00e7a vem em primeiro lugar, independentemente do seu or\u00e7amento, portanto, todos os clientes do AXEL Go recebem a mesma seguran\u00e7a rigorosa.<\/p>\n\t\t\t\t\t\t<\/div>\n\t\t\t\t<\/div>\n\t\t\t\t\t<\/div>\n\t\t<\/div>\n\t\t\t\t\t\t\t<\/div>\n\t\t<\/section>\n\t\t\t\t\t<\/div>\n\t\t<\/div>\n\t\t\t\t\t\t\t<\/div>\n\t\t<\/section>\n\t\t\t\t\t\t\t<\/div>\n\t\t","protected":false},"excerpt":{"rendered":"<p>Solu\u00e7\u00f5es Compartilhamento de Arquivos de Neg\u00f3cios Sua empresa lida com informa\u00e7\u00f5es confidenciais todos os dias. Para lidar com isso com responsabilidade, voc\u00ea precisa de seguran\u00e7a digital avan\u00e7ada com compartilhamento seguro de arquivos para sua empresa. O AXEL Go foi desenvolvido para ser f\u00e1cil de usar e incrivelmente seguro para compartilhamento de arquivos empresariais. Nossa criptografia [&hellip;]<\/p>\n","protected":false},"author":47,"featured_media":0,"parent":68460,"menu_order":0,"comment_status":"closed","ping_status":"closed","template":"elementor_header_footer","meta":[],"yoast_head":"<!-- This site is optimized with the Yoast SEO plugin v20.8 - https:\/\/yoast.com\/wordpress\/plugins\/seo\/ -->\n<title>Compartilhamento de arquivos comerciais - Compartilhamento seguro de arquivos para empresas<\/title>\n<meta name=\"description\" content=\"Proteja informa\u00e7\u00f5es confidenciais com o compartilhamento seguro de arquivos AXEL Go para empresas. Saiba mais sobre nossas v\u00e1rias op\u00e7\u00f5es de pre\u00e7o para compartilhamento de arquivos corporativos criptografados.\" \/>\n<meta name=\"robots\" content=\"noindex, follow, max-snippet:-1, max-image-preview:large, max-video-preview:-1\" \/>\n<meta property=\"og:locale\" content=\"pt_BR\" \/>\n<meta property=\"og:type\" content=\"article\" \/>\n<meta property=\"og:title\" content=\"Compartilhamento de arquivos comerciais - Compartilhamento seguro de arquivos para empresas\" \/>\n<meta property=\"og:description\" content=\"Proteja informa\u00e7\u00f5es confidenciais com o compartilhamento seguro de arquivos AXEL Go para empresas. Saiba mais sobre nossas v\u00e1rias op\u00e7\u00f5es de pre\u00e7o para compartilhamento de arquivos corporativos criptografados.\" \/>\n<meta property=\"og:url\" content=\"https:\/\/tst.axelgo.app\/pt-br\/solucoes\/solucoes-seu-negocio\/\" \/>\n<meta property=\"og:site_name\" content=\"AxelGo\" \/>\n<meta property=\"article:publisher\" content=\"https:\/\/www.facebook.com\/AxelUnlimited\/\" \/>\n<meta property=\"article:modified_time\" content=\"2023-03-01T14:59:57+00:00\" \/>\n<meta property=\"og:image\" content=\"https:\/\/tst0106.axelgo.app\/wp-content\/uploads\/2021\/01\/axel-favicon-512px-300x300.png\" \/>\n<meta name=\"twitter:card\" content=\"summary_large_image\" \/>\n<meta name=\"twitter:site\" content=\"@axelglobal\" \/>\n<meta name=\"twitter:label1\" content=\"Est. tempo de leitura\" \/>\n\t<meta name=\"twitter:data1\" content=\"1 minuto\" \/>\n<script type=\"application\/ld+json\" class=\"yoast-schema-graph\">{\"@context\":\"https:\/\/schema.org\",\"@graph\":[{\"@type\":\"WebPage\",\"@id\":\"https:\/\/tst.axelgo.app\/pt-br\/solucoes\/solucoes-seu-negocio\/\",\"url\":\"https:\/\/tst.axelgo.app\/pt-br\/solucoes\/solucoes-seu-negocio\/\",\"name\":\"Compartilhamento de arquivos comerciais - Compartilhamento seguro de arquivos para empresas\",\"isPartOf\":{\"@id\":\"https:\/\/tst.axelgo.app\/pt-br\/#website\"},\"datePublished\":\"2023-01-16T17:29:42+00:00\",\"dateModified\":\"2023-03-01T14:59:57+00:00\",\"description\":\"Proteja informa\u00e7\u00f5es confidenciais com o compartilhamento seguro de arquivos AXEL Go para empresas. Saiba mais sobre nossas v\u00e1rias op\u00e7\u00f5es de pre\u00e7o para compartilhamento de arquivos corporativos criptografados.\",\"breadcrumb\":{\"@id\":\"https:\/\/tst.axelgo.app\/pt-br\/solucoes\/solucoes-seu-negocio\/#breadcrumb\"},\"inLanguage\":\"pt-BR\",\"potentialAction\":[{\"@type\":\"ReadAction\",\"target\":[\"https:\/\/tst.axelgo.app\/pt-br\/solucoes\/solucoes-seu-negocio\/\"]}]},{\"@type\":\"BreadcrumbList\",\"@id\":\"https:\/\/tst.axelgo.app\/pt-br\/solucoes\/solucoes-seu-negocio\/#breadcrumb\",\"itemListElement\":[{\"@type\":\"ListItem\",\"position\":1,\"name\":\"Home\",\"item\":\"https:\/\/www.axelgo.app\/pt-br\/\"},{\"@type\":\"ListItem\",\"position\":2,\"name\":\"Solu\u00e7\u00f5es\",\"item\":\"https:\/\/tst.axelgo.app\/pt-br\/solutions\/\"},{\"@type\":\"ListItem\",\"position\":3,\"name\":\"Seu neg\u00f3cio\"}]},{\"@type\":\"WebSite\",\"@id\":\"https:\/\/tst.axelgo.app\/pt-br\/#website\",\"url\":\"https:\/\/tst.axelgo.app\/pt-br\/\",\"name\":\"Axel Go\",\"description\":\"Encrypted File Storage and Sharing App\",\"publisher\":{\"@id\":\"https:\/\/tst.axelgo.app\/pt-br\/#organization\"},\"potentialAction\":[{\"@type\":\"SearchAction\",\"target\":{\"@type\":\"EntryPoint\",\"urlTemplate\":\"https:\/\/tst.axelgo.app\/pt-br\/?s={search_term_string}\"},\"query-input\":\"required name=search_term_string\"}],\"inLanguage\":\"pt-BR\"},{\"@type\":\"Organization\",\"@id\":\"https:\/\/tst.axelgo.app\/pt-br\/#organization\",\"name\":\"AxelGo\",\"url\":\"https:\/\/tst.axelgo.app\/pt-br\/\",\"logo\":{\"@type\":\"ImageObject\",\"inLanguage\":\"pt-BR\",\"@id\":\"https:\/\/tst.axelgo.app\/pt-br\/#\/schema\/logo\/image\/\",\"url\":\"https:\/\/tst.axelgo.app\/wp-content\/uploads\/2019\/12\/blue.png\",\"contentUrl\":\"https:\/\/tst.axelgo.app\/wp-content\/uploads\/2019\/12\/blue.png\",\"width\":552,\"height\":120,\"caption\":\"AxelGo\"},\"image\":{\"@id\":\"https:\/\/tst.axelgo.app\/pt-br\/#\/schema\/logo\/image\/\"},\"sameAs\":[\"https:\/\/www.facebook.com\/AxelUnlimited\/\",\"https:\/\/twitter.com\/axelglobal\",\"https:\/\/www.instagram.com\/axelunlimited\/\",\"https:\/\/www.linkedin.com\/company\/axelunlimited\/\"]}]}<\/script>\n<!-- \/ Yoast SEO plugin. -->","yoast_head_json":{"title":"Compartilhamento de arquivos comerciais - Compartilhamento seguro de arquivos para empresas","description":"Proteja informa\u00e7\u00f5es confidenciais com o compartilhamento seguro de arquivos AXEL Go para empresas. Saiba mais sobre nossas v\u00e1rias op\u00e7\u00f5es de pre\u00e7o para compartilhamento de arquivos corporativos criptografados.","robots":{"index":"noindex","follow":"follow","max-snippet":"max-snippet:-1","max-image-preview":"max-image-preview:large","max-video-preview":"max-video-preview:-1"},"og_locale":"pt_BR","og_type":"article","og_title":"Compartilhamento de arquivos comerciais - Compartilhamento seguro de arquivos para empresas","og_description":"Proteja informa\u00e7\u00f5es confidenciais com o compartilhamento seguro de arquivos AXEL Go para empresas. Saiba mais sobre nossas v\u00e1rias op\u00e7\u00f5es de pre\u00e7o para compartilhamento de arquivos corporativos criptografados.","og_url":"https:\/\/tst.axelgo.app\/pt-br\/solucoes\/solucoes-seu-negocio\/","og_site_name":"AxelGo","article_publisher":"https:\/\/www.facebook.com\/AxelUnlimited\/","article_modified_time":"2023-03-01T14:59:57+00:00","og_image":[{"url":"https:\/\/tst0106.axelgo.app\/wp-content\/uploads\/2021\/01\/axel-favicon-512px-300x300.png"}],"twitter_card":"summary_large_image","twitter_site":"@axelglobal","twitter_misc":{"Est. tempo de leitura":"1 minuto"},"schema":{"@context":"https:\/\/schema.org","@graph":[{"@type":"WebPage","@id":"https:\/\/tst.axelgo.app\/pt-br\/solucoes\/solucoes-seu-negocio\/","url":"https:\/\/tst.axelgo.app\/pt-br\/solucoes\/solucoes-seu-negocio\/","name":"Compartilhamento de arquivos comerciais - Compartilhamento seguro de arquivos para empresas","isPartOf":{"@id":"https:\/\/tst.axelgo.app\/pt-br\/#website"},"datePublished":"2023-01-16T17:29:42+00:00","dateModified":"2023-03-01T14:59:57+00:00","description":"Proteja informa\u00e7\u00f5es confidenciais com o compartilhamento seguro de arquivos AXEL Go para empresas. Saiba mais sobre nossas v\u00e1rias op\u00e7\u00f5es de pre\u00e7o para compartilhamento de arquivos corporativos criptografados.","breadcrumb":{"@id":"https:\/\/tst.axelgo.app\/pt-br\/solucoes\/solucoes-seu-negocio\/#breadcrumb"},"inLanguage":"pt-BR","potentialAction":[{"@type":"ReadAction","target":["https:\/\/tst.axelgo.app\/pt-br\/solucoes\/solucoes-seu-negocio\/"]}]},{"@type":"BreadcrumbList","@id":"https:\/\/tst.axelgo.app\/pt-br\/solucoes\/solucoes-seu-negocio\/#breadcrumb","itemListElement":[{"@type":"ListItem","position":1,"name":"Home","item":"https:\/\/www.axelgo.app\/pt-br\/"},{"@type":"ListItem","position":2,"name":"Solu\u00e7\u00f5es","item":"https:\/\/tst.axelgo.app\/pt-br\/solutions\/"},{"@type":"ListItem","position":3,"name":"Seu neg\u00f3cio"}]},{"@type":"WebSite","@id":"https:\/\/tst.axelgo.app\/pt-br\/#website","url":"https:\/\/tst.axelgo.app\/pt-br\/","name":"Axel Go","description":"Encrypted File Storage and Sharing App","publisher":{"@id":"https:\/\/tst.axelgo.app\/pt-br\/#organization"},"potentialAction":[{"@type":"SearchAction","target":{"@type":"EntryPoint","urlTemplate":"https:\/\/tst.axelgo.app\/pt-br\/?s={search_term_string}"},"query-input":"required name=search_term_string"}],"inLanguage":"pt-BR"},{"@type":"Organization","@id":"https:\/\/tst.axelgo.app\/pt-br\/#organization","name":"AxelGo","url":"https:\/\/tst.axelgo.app\/pt-br\/","logo":{"@type":"ImageObject","inLanguage":"pt-BR","@id":"https:\/\/tst.axelgo.app\/pt-br\/#\/schema\/logo\/image\/","url":"https:\/\/tst.axelgo.app\/wp-content\/uploads\/2019\/12\/blue.png","contentUrl":"https:\/\/tst.axelgo.app\/wp-content\/uploads\/2019\/12\/blue.png","width":552,"height":120,"caption":"AxelGo"},"image":{"@id":"https:\/\/tst.axelgo.app\/pt-br\/#\/schema\/logo\/image\/"},"sameAs":["https:\/\/www.facebook.com\/AxelUnlimited\/","https:\/\/twitter.com\/axelglobal","https:\/\/www.instagram.com\/axelunlimited\/","https:\/\/www.linkedin.com\/company\/axelunlimited\/"]}]}},"_links":{"self":[{"href":"https:\/\/tst.axelgo.app\/pt-br\/wp-json\/wp\/v2\/pages\/68495"}],"collection":[{"href":"https:\/\/tst.axelgo.app\/pt-br\/wp-json\/wp\/v2\/pages"}],"about":[{"href":"https:\/\/tst.axelgo.app\/pt-br\/wp-json\/wp\/v2\/types\/page"}],"author":[{"embeddable":true,"href":"https:\/\/tst.axelgo.app\/pt-br\/wp-json\/wp\/v2\/users\/47"}],"replies":[{"embeddable":true,"href":"https:\/\/tst.axelgo.app\/pt-br\/wp-json\/wp\/v2\/comments?post=68495"}],"version-history":[{"count":4,"href":"https:\/\/tst.axelgo.app\/pt-br\/wp-json\/wp\/v2\/pages\/68495\/revisions"}],"predecessor-version":[{"id":69042,"href":"https:\/\/tst.axelgo.app\/pt-br\/wp-json\/wp\/v2\/pages\/68495\/revisions\/69042"}],"up":[{"embeddable":true,"href":"https:\/\/tst.axelgo.app\/pt-br\/wp-json\/wp\/v2\/pages\/68460"}],"wp:attachment":[{"href":"https:\/\/tst.axelgo.app\/pt-br\/wp-json\/wp\/v2\/media?parent=68495"}],"curies":[{"name":"wp","href":"https:\/\/api.w.org\/{rel}","templated":true}]}}