{"id":68485,"date":"2023-01-16T17:29:46","date_gmt":"2023-01-16T17:29:46","guid":{"rendered":"https:\/\/tst0106.axelgo.app\/solucoes\/solucoes-seus-clientes\/"},"modified":"2023-03-01T14:51:35","modified_gmt":"2023-03-01T14:51:35","slug":"solucoes-seus-clientes","status":"publish","type":"page","link":"https:\/\/tst.axelgo.app\/pt-br\/solucoes\/solucoes-seus-clientes\/","title":{"rendered":"Seus \u0421lientes"},"content":{"rendered":"\t\t<div data-elementor-type=\"wp-post\" data-elementor-id=\"68485\" class=\"elementor elementor-68485 elementor-65137\" data-elementor-post-type=\"page\">\n\t\t\t\t\t\t\t\t\t<section class=\"elementor-section elementor-top-section elementor-element elementor-element-1797417 elementor-section-boxed elementor-section-height-default elementor-section-height-default wpr-particle-no wpr-jarallax-no wpr-parallax-no wpr-sticky-section-no\" data-id=\"1797417\" data-element_type=\"section\" data-settings=\"{&quot;background_background&quot;:&quot;classic&quot;}\">\n\t\t\t\t\t\t<div class=\"elementor-container elementor-column-gap-default\">\n\t\t\t\t\t<div class=\"elementor-column elementor-col-100 elementor-top-column elementor-element elementor-element-ba6741d\" data-id=\"ba6741d\" data-element_type=\"column\">\n\t\t\t<div class=\"elementor-widget-wrap elementor-element-populated\">\n\t\t\t\t\t\t\t\t<div class=\"elementor-element elementor-element-de2e028 elementor-widget elementor-widget-elementskit-heading\" data-id=\"de2e028\" data-element_type=\"widget\" data-settings=\"{&quot;ekit_we_effect_on&quot;:&quot;none&quot;}\" data-widget_type=\"elementskit-heading.default\">\n\t\t\t\t<div class=\"elementor-widget-container\">\n\t\t\t<div class=\"ekit-wid-con\" ><div class=\"ekit-heading elementskit-section-title-wraper text_center   ekit_heading_tablet-   ekit_heading_mobile-\"><h2 class=\"ekit-heading--title elementskit-section-title \">Solu\u00e7\u00f5es<\/h2><\/div><\/div>\t\t<\/div>\n\t\t\t\t<\/div>\n\t\t\t\t\t<\/div>\n\t\t<\/div>\n\t\t\t\t\t\t\t<\/div>\n\t\t<\/section>\n\t\t\t\t<section class=\"elementor-section elementor-top-section elementor-element elementor-element-a4934dd elementor-section-boxed elementor-section-height-default elementor-section-height-default wpr-particle-no wpr-jarallax-no wpr-parallax-no wpr-sticky-section-no\" data-id=\"a4934dd\" data-element_type=\"section\">\n\t\t\t\t\t\t<div class=\"elementor-container elementor-column-gap-default\">\n\t\t\t\t\t<div class=\"elementor-column elementor-col-100 elementor-top-column elementor-element elementor-element-7796f55\" data-id=\"7796f55\" data-element_type=\"column\">\n\t\t\t<div class=\"elementor-widget-wrap elementor-element-populated\">\n\t\t\t\t\t\t\t\t<div class=\"elementor-element elementor-element-bba204d elementor-widget elementor-widget-menu-anchor\" data-id=\"bba204d\" data-element_type=\"widget\" data-settings=\"{&quot;ekit_we_effect_on&quot;:&quot;none&quot;}\" data-widget_type=\"menu-anchor.default\">\n\t\t\t\t<div class=\"elementor-widget-container\">\n\t\t\t\t\t<div id=\"SeusClientes\" class=\"elementor-menu-anchor\"><\/div>\n\t\t\t\t<\/div>\n\t\t\t\t<\/div>\n\t\t\t\t<div class=\"elementor-element elementor-element-1275de6 elementor-widget-divider--view-line elementor-widget elementor-widget-divider\" data-id=\"1275de6\" data-element_type=\"widget\" data-settings=\"{&quot;ekit_we_effect_on&quot;:&quot;none&quot;}\" data-widget_type=\"divider.default\">\n\t\t\t\t<div class=\"elementor-widget-container\">\n\t\t\t\t\t<div class=\"elementor-divider\">\n\t\t\t<span class=\"elementor-divider-separator\">\n\t\t\t\t\t\t<\/span>\n\t\t<\/div>\n\t\t\t\t<\/div>\n\t\t\t\t<\/div>\n\t\t\t\t<section class=\"elementor-section elementor-inner-section elementor-element elementor-element-4a05b4d elementor-section-boxed elementor-section-height-default elementor-section-height-default wpr-particle-no wpr-jarallax-no wpr-parallax-no wpr-sticky-section-no\" data-id=\"4a05b4d\" data-element_type=\"section\">\n\t\t\t\t\t\t<div class=\"elementor-container elementor-column-gap-default\">\n\t\t\t\t\t<div class=\"elementor-column elementor-col-50 elementor-inner-column elementor-element elementor-element-73721b4\" data-id=\"73721b4\" data-element_type=\"column\">\n\t\t\t<div class=\"elementor-widget-wrap elementor-element-populated\">\n\t\t\t\t\t\t\t\t<div class=\"elementor-element elementor-element-006dfb8 elementor-hidden-mobile elementor-widget elementor-widget-image\" data-id=\"006dfb8\" data-element_type=\"widget\" data-settings=\"{&quot;ekit_we_effect_on&quot;:&quot;none&quot;}\" data-widget_type=\"image.default\">\n\t\t\t\t<div class=\"elementor-widget-container\">\n\t\t\t\t\t\t\t\t\t\t\t\t\t\t\t<img decoding=\"async\" src=\"https:\/\/tst.axelgo.app\/wp-content\/uploads\/elementor\/thumbs\/Your-Clients-2-q4unnrim8gur7w0exfb1o7gojrj68dblv1o3o5xj1c.png\" title=\"AXEL Go Solution for Your Clients\" alt=\"AXEL Go Solution for Your Clients\" loading=\"lazy\" \/>\t\t\t\t\t\t\t\t\t\t\t\t\t\t\t<\/div>\n\t\t\t\t<\/div>\n\t\t\t\t\t<\/div>\n\t\t<\/div>\n\t\t\t\t<div class=\"elementor-column elementor-col-50 elementor-inner-column elementor-element elementor-element-7fa21a8\" data-id=\"7fa21a8\" data-element_type=\"column\">\n\t\t\t<div class=\"elementor-widget-wrap elementor-element-populated\">\n\t\t\t\t\t\t\t\t<div class=\"elementor-element elementor-element-a4f9775 elementor-widget elementor-widget-heading\" data-id=\"a4f9775\" data-element_type=\"widget\" data-settings=\"{&quot;ekit_we_effect_on&quot;:&quot;none&quot;}\" data-widget_type=\"heading.default\">\n\t\t\t\t<div class=\"elementor-widget-container\">\n\t\t\t<h3 class=\"elementor-heading-title elementor-size-default\">Seus \u0421lientes<\/h3>\t\t<\/div>\n\t\t\t\t<\/div>\n\t\t\t\t<div class=\"elementor-element elementor-element-048d21b elementor-widget elementor-widget-text-editor\" data-id=\"048d21b\" data-element_type=\"widget\" data-settings=\"{&quot;ekit_we_effect_on&quot;:&quot;none&quot;}\" data-widget_type=\"text-editor.default\">\n\t\t\t\t<div class=\"elementor-widget-container\">\n\t\t\t\t\t\t\t<p>Embora seus fluxos de trabalho internos tenham sido estabelecidos e verificados duas vezes, um cliente n\u00e3o iniciado pode derrubar tudo. O AXEL entende a import\u00e2ncia da colabora\u00e7\u00e3o externa e construiu vias seguras para que at\u00e9 mesmo o cliente menos experiente em tecnologia possa aderir. Nossas solu\u00e7\u00f5es corporativas de compartilhamento de arquivos mant\u00eam o trabalho funcionando sem problemas enquanto protegem os clientes de agentes mal-intencionados de qualquer lugar e de qualquer dispositivo.<\/p>\n\t\t\t\t\t\t<\/div>\n\t\t\t\t<\/div>\n\t\t\t\t\t<\/div>\n\t\t<\/div>\n\t\t\t\t\t\t\t<\/div>\n\t\t<\/section>\n\t\t\t\t<section class=\"elementor-section elementor-inner-section elementor-element elementor-element-ca4b86d elementor-section-boxed elementor-section-height-default elementor-section-height-default wpr-particle-no wpr-jarallax-no wpr-parallax-no wpr-sticky-section-no\" data-id=\"ca4b86d\" data-element_type=\"section\">\n\t\t\t\t\t\t<div class=\"elementor-container elementor-column-gap-default\">\n\t\t\t\t\t<div class=\"elementor-column elementor-col-33 elementor-inner-column elementor-element elementor-element-09831f8\" data-id=\"09831f8\" data-element_type=\"column\">\n\t\t\t<div class=\"elementor-widget-wrap elementor-element-populated\">\n\t\t\t\t\t\t\t\t<div class=\"elementor-element elementor-element-09a17a8 elementor-widget elementor-widget-image\" data-id=\"09a17a8\" data-element_type=\"widget\" data-settings=\"{&quot;ekit_we_effect_on&quot;:&quot;none&quot;}\" data-widget_type=\"image.default\">\n\t\t\t\t<div class=\"elementor-widget-container\">\n\t\t\t\t\t\t\t\t\t\t\t\t\t\t\t<img decoding=\"async\" src=\"https:\/\/tst.axelgo.app\/wp-content\/uploads\/elementor\/thumbs\/Clients-Solutiosn-Icon-2-q4unnuc15elbcpf487xf1g7z7widw6zn81v1nsdofc.png\" title=\"Clients Solutions Icon 2\" alt=\"Clients Solutions Icon 2\" loading=\"lazy\" \/>\t\t\t\t\t\t\t\t\t\t\t\t\t\t\t<\/div>\n\t\t\t\t<\/div>\n\t\t\t\t<div class=\"elementor-element elementor-element-22556bc elementor-widget elementor-widget-text-editor\" data-id=\"22556bc\" data-element_type=\"widget\" data-settings=\"{&quot;ekit_we_effect_on&quot;:&quot;none&quot;}\" data-widget_type=\"text-editor.default\">\n\t\t\t\t<div class=\"elementor-widget-container\">\n\t\t\t\t\t\t\t<p><b>Recupere formul\u00e1rios e documentos com seguran\u00e7a<\/b><\/p>\n<p>Mantenha a entrada do cliente r\u00e1pida, indolor e segura com nossa busca segura. Solicite e receba arquivos altamente criptografados diretamente em seu armazenamento descentralizado com um link simples e um \u00fanico clique. Melhor de todos? Seus clientes n\u00e3o precisam de uma conta AXEL Go pr\u00f3pria para aproveitar nossa seguran\u00e7a robusta.<\/p>\n\t\t\t\t\t\t<\/div>\n\t\t\t\t<\/div>\n\t\t\t\t\t<\/div>\n\t\t<\/div>\n\t\t\t\t<div class=\"elementor-column elementor-col-33 elementor-inner-column elementor-element elementor-element-e7f16b9\" data-id=\"e7f16b9\" data-element_type=\"column\">\n\t\t\t<div class=\"elementor-widget-wrap elementor-element-populated\">\n\t\t\t\t\t\t\t\t<div class=\"elementor-element elementor-element-2276fd5 elementor-widget elementor-widget-image\" data-id=\"2276fd5\" data-element_type=\"widget\" data-settings=\"{&quot;ekit_we_effect_on&quot;:&quot;none&quot;}\" data-widget_type=\"image.default\">\n\t\t\t\t<div class=\"elementor-widget-container\">\n\t\t\t\t\t\t\t\t\t\t\t\t\t\t\t<img decoding=\"async\" src=\"https:\/\/tst.axelgo.app\/wp-content\/uploads\/elementor\/thumbs\/Clients-Solutions-Icon-1-q4unnuc15ekqw42tw58yicdyu226mb0gmkd7mtupzq.png\" title=\"Clients Solutions Icon 1\" alt=\"Clients Solutions Icon 1\" loading=\"lazy\" \/>\t\t\t\t\t\t\t\t\t\t\t\t\t\t\t<\/div>\n\t\t\t\t<\/div>\n\t\t\t\t<div class=\"elementor-element elementor-element-97bebaa elementor-widget elementor-widget-text-editor\" data-id=\"97bebaa\" data-element_type=\"widget\" data-settings=\"{&quot;ekit_we_effect_on&quot;:&quot;none&quot;}\" data-widget_type=\"text-editor.default\">\n\t\t\t\t<div class=\"elementor-widget-container\">\n\t\t\t\t\t\t\t<p><b>Manter a confidencialidade dos dados do cliente<\/b><\/p>\n<p>Nosso software de compartilhamento de arquivos de neg\u00f3cios protege a confidencialidade dos dados do cliente acima de tudo. Nossa criptografia AES de 256 bits e servidores descentralizados protegem seus dados t\u00e3o completamente que estamos dispostos a apoiar totalmente nosso sistema com uma garantia robusta.<\/p>\n\t\t\t\t\t\t<\/div>\n\t\t\t\t<\/div>\n\t\t\t\t\t<\/div>\n\t\t<\/div>\n\t\t\t\t<div class=\"elementor-column elementor-col-33 elementor-inner-column elementor-element elementor-element-984523d\" data-id=\"984523d\" data-element_type=\"column\">\n\t\t\t<div class=\"elementor-widget-wrap elementor-element-populated\">\n\t\t\t\t\t\t\t\t<div class=\"elementor-element elementor-element-8fa8885 elementor-widget elementor-widget-image\" data-id=\"8fa8885\" data-element_type=\"widget\" data-settings=\"{&quot;ekit_we_effect_on&quot;:&quot;none&quot;}\" data-widget_type=\"image.default\">\n\t\t\t\t<div class=\"elementor-widget-container\">\n\t\t\t\t\t\t\t\t\t\t\t\t\t\t\t<img decoding=\"async\" src=\"https:\/\/tst.axelgo.app\/wp-content\/uploads\/elementor\/thumbs\/Clients-Solutions-Icon-3-q4unnuc15ekqw42tw58yicdyu226mb0gmkd7mtuq5k.png\" title=\"Clients Solutions Icon 3\" alt=\"Clients Solutions Icon 3\" loading=\"lazy\" \/>\t\t\t\t\t\t\t\t\t\t\t\t\t\t\t<\/div>\n\t\t\t\t<\/div>\n\t\t\t\t<div class=\"elementor-element elementor-element-e7bec3d elementor-widget elementor-widget-text-editor\" data-id=\"e7bec3d\" data-element_type=\"widget\" data-settings=\"{&quot;ekit_we_effect_on&quot;:&quot;none&quot;}\" data-widget_type=\"text-editor.default\">\n\t\t\t\t<div class=\"elementor-widget-container\">\n\t\t\t\t\t\t\t<p><b>Incluir ou solicitar uma assinatura eletr\u00f4nica<\/b><\/p>\n<p>Nosso software de compartilhamento de arquivos de neg\u00f3cios inclui sua pr\u00f3pria funcionalidade de assinatura eletr\u00f4nica. Ao enviar ou receber documentos juridicamente vinculativos, adicione assinaturas eletr\u00f4nicas e digitais diretamente aos seus contratos e acordos. A funcionalidade da tela sens\u00edvel ao toque permite que todos escrevam assinaturas aut\u00eanticas e personalizadas de qualquer dispositivo.<\/p>\n\t\t\t\t\t\t<\/div>\n\t\t\t\t<\/div>\n\t\t\t\t\t<\/div>\n\t\t<\/div>\n\t\t\t\t\t\t\t<\/div>\n\t\t<\/section>\n\t\t\t\t\t<\/div>\n\t\t<\/div>\n\t\t\t\t\t\t\t<\/div>\n\t\t<\/section>\n\t\t\t\t\t\t\t<\/div>\n\t\t","protected":false},"excerpt":{"rendered":"<p>Solu\u00e7\u00f5es Seus \u0421lientes Embora seus fluxos de trabalho internos tenham sido estabelecidos e verificados duas vezes, um cliente n\u00e3o iniciado pode derrubar tudo. O AXEL entende a import\u00e2ncia da colabora\u00e7\u00e3o externa e construiu vias seguras para que at\u00e9 mesmo o cliente menos experiente em tecnologia possa aderir. Nossas solu\u00e7\u00f5es corporativas de compartilhamento de arquivos mant\u00eam [&hellip;]<\/p>\n","protected":false},"author":47,"featured_media":0,"parent":68460,"menu_order":0,"comment_status":"closed","ping_status":"closed","template":"elementor_header_footer","meta":[],"yoast_head":"<!-- This site is optimized with the Yoast SEO plugin v20.8 - https:\/\/yoast.com\/wordpress\/plugins\/seo\/ -->\n<title>Solu\u00e7\u00f5es Corporativas de Compartilhamento de Arquivos - Envie Arquivos com Seguran\u00e7a<\/title>\n<meta name=\"description\" content=\"Ganhe a confian\u00e7a de seus clientes com o AXEL Go. Nossas solu\u00e7\u00f5es corporativas de compartilhamento de arquivos permitem que voc\u00ea envie arquivos com seguran\u00e7a e mantenha a confidencialidade do cliente.\" \/>\n<meta name=\"robots\" content=\"noindex, follow, max-snippet:-1, max-image-preview:large, max-video-preview:-1\" \/>\n<meta property=\"og:locale\" content=\"pt_BR\" \/>\n<meta property=\"og:type\" content=\"article\" \/>\n<meta property=\"og:title\" content=\"Solu\u00e7\u00f5es Corporativas de Compartilhamento de Arquivos - Envie Arquivos com Seguran\u00e7a\" \/>\n<meta property=\"og:description\" content=\"Ganhe a confian\u00e7a de seus clientes com o AXEL Go. Nossas solu\u00e7\u00f5es corporativas de compartilhamento de arquivos permitem que voc\u00ea envie arquivos com seguran\u00e7a e mantenha a confidencialidade do cliente.\" \/>\n<meta property=\"og:url\" content=\"https:\/\/tst.axelgo.app\/pt-br\/solucoes\/solucoes-seus-clientes\/\" \/>\n<meta property=\"og:site_name\" content=\"AxelGo\" \/>\n<meta property=\"article:publisher\" content=\"https:\/\/www.facebook.com\/AxelUnlimited\/\" \/>\n<meta property=\"article:modified_time\" content=\"2023-03-01T14:51:35+00:00\" \/>\n<meta property=\"og:image\" content=\"https:\/\/tst0106.axelgo.app\/wp-content\/uploads\/2021\/01\/axel-favicon-512px-300x300.png\" \/>\n<meta name=\"twitter:card\" content=\"summary_large_image\" \/>\n<meta name=\"twitter:site\" content=\"@axelglobal\" \/>\n<meta name=\"twitter:label1\" content=\"Est. tempo de leitura\" \/>\n\t<meta name=\"twitter:data1\" content=\"1 minuto\" \/>\n<script type=\"application\/ld+json\" class=\"yoast-schema-graph\">{\"@context\":\"https:\/\/schema.org\",\"@graph\":[{\"@type\":\"WebPage\",\"@id\":\"https:\/\/tst.axelgo.app\/pt-br\/solucoes\/solucoes-seus-clientes\/\",\"url\":\"https:\/\/tst.axelgo.app\/pt-br\/solucoes\/solucoes-seus-clientes\/\",\"name\":\"Solu\u00e7\u00f5es Corporativas de Compartilhamento de Arquivos - Envie Arquivos com Seguran\u00e7a\",\"isPartOf\":{\"@id\":\"https:\/\/tst.axelgo.app\/pt-br\/#website\"},\"datePublished\":\"2023-01-16T17:29:46+00:00\",\"dateModified\":\"2023-03-01T14:51:35+00:00\",\"description\":\"Ganhe a confian\u00e7a de seus clientes com o AXEL Go. Nossas solu\u00e7\u00f5es corporativas de compartilhamento de arquivos permitem que voc\u00ea envie arquivos com seguran\u00e7a e mantenha a confidencialidade do cliente.\",\"breadcrumb\":{\"@id\":\"https:\/\/tst.axelgo.app\/pt-br\/solucoes\/solucoes-seus-clientes\/#breadcrumb\"},\"inLanguage\":\"pt-BR\",\"potentialAction\":[{\"@type\":\"ReadAction\",\"target\":[\"https:\/\/tst.axelgo.app\/pt-br\/solucoes\/solucoes-seus-clientes\/\"]}]},{\"@type\":\"BreadcrumbList\",\"@id\":\"https:\/\/tst.axelgo.app\/pt-br\/solucoes\/solucoes-seus-clientes\/#breadcrumb\",\"itemListElement\":[{\"@type\":\"ListItem\",\"position\":1,\"name\":\"Home\",\"item\":\"https:\/\/www.axelgo.app\/pt-br\/\"},{\"@type\":\"ListItem\",\"position\":2,\"name\":\"Solu\u00e7\u00f5es\",\"item\":\"https:\/\/tst.axelgo.app\/pt-br\/solutions\/\"},{\"@type\":\"ListItem\",\"position\":3,\"name\":\"Seus \u0421lientes\"}]},{\"@type\":\"WebSite\",\"@id\":\"https:\/\/tst.axelgo.app\/pt-br\/#website\",\"url\":\"https:\/\/tst.axelgo.app\/pt-br\/\",\"name\":\"Axel Go\",\"description\":\"Encrypted File Storage and Sharing App\",\"publisher\":{\"@id\":\"https:\/\/tst.axelgo.app\/pt-br\/#organization\"},\"potentialAction\":[{\"@type\":\"SearchAction\",\"target\":{\"@type\":\"EntryPoint\",\"urlTemplate\":\"https:\/\/tst.axelgo.app\/pt-br\/?s={search_term_string}\"},\"query-input\":\"required name=search_term_string\"}],\"inLanguage\":\"pt-BR\"},{\"@type\":\"Organization\",\"@id\":\"https:\/\/tst.axelgo.app\/pt-br\/#organization\",\"name\":\"AxelGo\",\"url\":\"https:\/\/tst.axelgo.app\/pt-br\/\",\"logo\":{\"@type\":\"ImageObject\",\"inLanguage\":\"pt-BR\",\"@id\":\"https:\/\/tst.axelgo.app\/pt-br\/#\/schema\/logo\/image\/\",\"url\":\"https:\/\/tst.axelgo.app\/wp-content\/uploads\/2019\/12\/blue.png\",\"contentUrl\":\"https:\/\/tst.axelgo.app\/wp-content\/uploads\/2019\/12\/blue.png\",\"width\":552,\"height\":120,\"caption\":\"AxelGo\"},\"image\":{\"@id\":\"https:\/\/tst.axelgo.app\/pt-br\/#\/schema\/logo\/image\/\"},\"sameAs\":[\"https:\/\/www.facebook.com\/AxelUnlimited\/\",\"https:\/\/twitter.com\/axelglobal\",\"https:\/\/www.instagram.com\/axelunlimited\/\",\"https:\/\/www.linkedin.com\/company\/axelunlimited\/\"]}]}<\/script>\n<!-- \/ Yoast SEO plugin. -->","yoast_head_json":{"title":"Solu\u00e7\u00f5es Corporativas de Compartilhamento de Arquivos - Envie Arquivos com Seguran\u00e7a","description":"Ganhe a confian\u00e7a de seus clientes com o AXEL Go. Nossas solu\u00e7\u00f5es corporativas de compartilhamento de arquivos permitem que voc\u00ea envie arquivos com seguran\u00e7a e mantenha a confidencialidade do cliente.","robots":{"index":"noindex","follow":"follow","max-snippet":"max-snippet:-1","max-image-preview":"max-image-preview:large","max-video-preview":"max-video-preview:-1"},"og_locale":"pt_BR","og_type":"article","og_title":"Solu\u00e7\u00f5es Corporativas de Compartilhamento de Arquivos - Envie Arquivos com Seguran\u00e7a","og_description":"Ganhe a confian\u00e7a de seus clientes com o AXEL Go. Nossas solu\u00e7\u00f5es corporativas de compartilhamento de arquivos permitem que voc\u00ea envie arquivos com seguran\u00e7a e mantenha a confidencialidade do cliente.","og_url":"https:\/\/tst.axelgo.app\/pt-br\/solucoes\/solucoes-seus-clientes\/","og_site_name":"AxelGo","article_publisher":"https:\/\/www.facebook.com\/AxelUnlimited\/","article_modified_time":"2023-03-01T14:51:35+00:00","og_image":[{"url":"https:\/\/tst0106.axelgo.app\/wp-content\/uploads\/2021\/01\/axel-favicon-512px-300x300.png"}],"twitter_card":"summary_large_image","twitter_site":"@axelglobal","twitter_misc":{"Est. tempo de leitura":"1 minuto"},"schema":{"@context":"https:\/\/schema.org","@graph":[{"@type":"WebPage","@id":"https:\/\/tst.axelgo.app\/pt-br\/solucoes\/solucoes-seus-clientes\/","url":"https:\/\/tst.axelgo.app\/pt-br\/solucoes\/solucoes-seus-clientes\/","name":"Solu\u00e7\u00f5es Corporativas de Compartilhamento de Arquivos - Envie Arquivos com Seguran\u00e7a","isPartOf":{"@id":"https:\/\/tst.axelgo.app\/pt-br\/#website"},"datePublished":"2023-01-16T17:29:46+00:00","dateModified":"2023-03-01T14:51:35+00:00","description":"Ganhe a confian\u00e7a de seus clientes com o AXEL Go. Nossas solu\u00e7\u00f5es corporativas de compartilhamento de arquivos permitem que voc\u00ea envie arquivos com seguran\u00e7a e mantenha a confidencialidade do cliente.","breadcrumb":{"@id":"https:\/\/tst.axelgo.app\/pt-br\/solucoes\/solucoes-seus-clientes\/#breadcrumb"},"inLanguage":"pt-BR","potentialAction":[{"@type":"ReadAction","target":["https:\/\/tst.axelgo.app\/pt-br\/solucoes\/solucoes-seus-clientes\/"]}]},{"@type":"BreadcrumbList","@id":"https:\/\/tst.axelgo.app\/pt-br\/solucoes\/solucoes-seus-clientes\/#breadcrumb","itemListElement":[{"@type":"ListItem","position":1,"name":"Home","item":"https:\/\/www.axelgo.app\/pt-br\/"},{"@type":"ListItem","position":2,"name":"Solu\u00e7\u00f5es","item":"https:\/\/tst.axelgo.app\/pt-br\/solutions\/"},{"@type":"ListItem","position":3,"name":"Seus \u0421lientes"}]},{"@type":"WebSite","@id":"https:\/\/tst.axelgo.app\/pt-br\/#website","url":"https:\/\/tst.axelgo.app\/pt-br\/","name":"Axel Go","description":"Encrypted File Storage and Sharing App","publisher":{"@id":"https:\/\/tst.axelgo.app\/pt-br\/#organization"},"potentialAction":[{"@type":"SearchAction","target":{"@type":"EntryPoint","urlTemplate":"https:\/\/tst.axelgo.app\/pt-br\/?s={search_term_string}"},"query-input":"required name=search_term_string"}],"inLanguage":"pt-BR"},{"@type":"Organization","@id":"https:\/\/tst.axelgo.app\/pt-br\/#organization","name":"AxelGo","url":"https:\/\/tst.axelgo.app\/pt-br\/","logo":{"@type":"ImageObject","inLanguage":"pt-BR","@id":"https:\/\/tst.axelgo.app\/pt-br\/#\/schema\/logo\/image\/","url":"https:\/\/tst.axelgo.app\/wp-content\/uploads\/2019\/12\/blue.png","contentUrl":"https:\/\/tst.axelgo.app\/wp-content\/uploads\/2019\/12\/blue.png","width":552,"height":120,"caption":"AxelGo"},"image":{"@id":"https:\/\/tst.axelgo.app\/pt-br\/#\/schema\/logo\/image\/"},"sameAs":["https:\/\/www.facebook.com\/AxelUnlimited\/","https:\/\/twitter.com\/axelglobal","https:\/\/www.instagram.com\/axelunlimited\/","https:\/\/www.linkedin.com\/company\/axelunlimited\/"]}]}},"_links":{"self":[{"href":"https:\/\/tst.axelgo.app\/pt-br\/wp-json\/wp\/v2\/pages\/68485"}],"collection":[{"href":"https:\/\/tst.axelgo.app\/pt-br\/wp-json\/wp\/v2\/pages"}],"about":[{"href":"https:\/\/tst.axelgo.app\/pt-br\/wp-json\/wp\/v2\/types\/page"}],"author":[{"embeddable":true,"href":"https:\/\/tst.axelgo.app\/pt-br\/wp-json\/wp\/v2\/users\/47"}],"replies":[{"embeddable":true,"href":"https:\/\/tst.axelgo.app\/pt-br\/wp-json\/wp\/v2\/comments?post=68485"}],"version-history":[{"count":4,"href":"https:\/\/tst.axelgo.app\/pt-br\/wp-json\/wp\/v2\/pages\/68485\/revisions"}],"predecessor-version":[{"id":69031,"href":"https:\/\/tst.axelgo.app\/pt-br\/wp-json\/wp\/v2\/pages\/68485\/revisions\/69031"}],"up":[{"embeddable":true,"href":"https:\/\/tst.axelgo.app\/pt-br\/wp-json\/wp\/v2\/pages\/68460"}],"wp:attachment":[{"href":"https:\/\/tst.axelgo.app\/pt-br\/wp-json\/wp\/v2\/media?parent=68485"}],"curies":[{"name":"wp","href":"https:\/\/api.w.org\/{rel}","templated":true}]}}