{"id":68479,"date":"2023-01-16T17:29:56","date_gmt":"2023-01-16T17:29:56","guid":{"rendered":"https:\/\/tst0106.axelgo.app\/solucoes\/solucoes-seu-fluxo-de-trabalho\/"},"modified":"2023-04-19T07:21:33","modified_gmt":"2023-04-19T07:21:33","slug":"solucoes-seu-fluxo-de-trabalho","status":"publish","type":"page","link":"https:\/\/tst.axelgo.app\/pt-br\/solucoes\/solucoes-seu-fluxo-de-trabalho\/","title":{"rendered":"Seu fluxo de trabalho"},"content":{"rendered":"\t\t<div data-elementor-type=\"wp-post\" data-elementor-id=\"68479\" class=\"elementor elementor-68479 elementor-65139\" data-elementor-post-type=\"page\">\n\t\t\t\t\t\t\t\t\t<section class=\"elementor-section elementor-top-section elementor-element elementor-element-1797417 elementor-section-boxed elementor-section-height-default elementor-section-height-default wpr-particle-no wpr-jarallax-no wpr-parallax-no wpr-sticky-section-no\" data-id=\"1797417\" data-element_type=\"section\" data-settings=\"{&quot;background_background&quot;:&quot;classic&quot;}\">\n\t\t\t\t\t\t<div class=\"elementor-container elementor-column-gap-default\">\n\t\t\t\t\t<div class=\"elementor-column elementor-col-100 elementor-top-column elementor-element elementor-element-ba6741d\" data-id=\"ba6741d\" data-element_type=\"column\">\n\t\t\t<div class=\"elementor-widget-wrap elementor-element-populated\">\n\t\t\t\t\t\t\t\t<div class=\"elementor-element elementor-element-de2e028 elementor-widget elementor-widget-elementskit-heading\" data-id=\"de2e028\" data-element_type=\"widget\" data-settings=\"{&quot;ekit_we_effect_on&quot;:&quot;none&quot;}\" data-widget_type=\"elementskit-heading.default\">\n\t\t\t\t<div class=\"elementor-widget-container\">\n\t\t\t<div class=\"ekit-wid-con\" ><div class=\"ekit-heading elementskit-section-title-wraper text_center   ekit_heading_tablet-   ekit_heading_mobile-\"><h2 class=\"ekit-heading--title elementskit-section-title \">Solu\u00e7\u00f5es<\/h2><\/div><\/div>\t\t<\/div>\n\t\t\t\t<\/div>\n\t\t\t\t\t<\/div>\n\t\t<\/div>\n\t\t\t\t\t\t\t<\/div>\n\t\t<\/section>\n\t\t\t\t<section class=\"elementor-section elementor-top-section elementor-element elementor-element-aaaee0f elementor-section-boxed elementor-section-height-default elementor-section-height-default wpr-particle-no wpr-jarallax-no wpr-parallax-no wpr-sticky-section-no\" data-id=\"aaaee0f\" data-element_type=\"section\">\n\t\t\t\t\t\t<div class=\"elementor-container elementor-column-gap-default\">\n\t\t\t\t\t<div class=\"elementor-column elementor-col-100 elementor-top-column elementor-element elementor-element-725e48c\" data-id=\"725e48c\" data-element_type=\"column\">\n\t\t\t<div class=\"elementor-widget-wrap elementor-element-populated\">\n\t\t\t\t\t\t\t\t<div class=\"elementor-element elementor-element-f803e24 elementor-widget elementor-widget-menu-anchor\" data-id=\"f803e24\" data-element_type=\"widget\" data-settings=\"{&quot;ekit_we_effect_on&quot;:&quot;none&quot;}\" data-widget_type=\"menu-anchor.default\">\n\t\t\t\t<div class=\"elementor-widget-container\">\n\t\t\t\t\t<div id=\"Seufluxodetrabalho\" class=\"elementor-menu-anchor\"><\/div>\n\t\t\t\t<\/div>\n\t\t\t\t<\/div>\n\t\t\t\t<div class=\"elementor-element elementor-element-30dd04a elementor-widget-divider--view-line elementor-widget elementor-widget-divider\" data-id=\"30dd04a\" data-element_type=\"widget\" data-settings=\"{&quot;ekit_we_effect_on&quot;:&quot;none&quot;}\" data-widget_type=\"divider.default\">\n\t\t\t\t<div class=\"elementor-widget-container\">\n\t\t\t\t\t<div class=\"elementor-divider\">\n\t\t\t<span class=\"elementor-divider-separator\">\n\t\t\t\t\t\t<\/span>\n\t\t<\/div>\n\t\t\t\t<\/div>\n\t\t\t\t<\/div>\n\t\t\t\t<section class=\"elementor-section elementor-inner-section elementor-element elementor-element-46c24d9 elementor-section-boxed elementor-section-height-default elementor-section-height-default wpr-particle-no wpr-jarallax-no wpr-parallax-no wpr-sticky-section-no\" data-id=\"46c24d9\" data-element_type=\"section\">\n\t\t\t\t\t\t<div class=\"elementor-container elementor-column-gap-default\">\n\t\t\t\t\t<div class=\"elementor-column elementor-col-50 elementor-inner-column elementor-element elementor-element-026c217\" data-id=\"026c217\" data-element_type=\"column\">\n\t\t\t<div class=\"elementor-widget-wrap elementor-element-populated\">\n\t\t\t\t\t\t\t\t<div class=\"elementor-element elementor-element-38e4c6b elementor-hidden-mobile elementor-widget elementor-widget-image\" data-id=\"38e4c6b\" data-element_type=\"widget\" data-settings=\"{&quot;ekit_we_effect_on&quot;:&quot;none&quot;}\" data-widget_type=\"image.default\">\n\t\t\t\t<div class=\"elementor-widget-container\">\n\t\t\t\t\t\t\t\t\t\t\t\t\t\t\t<img decoding=\"async\" src=\"https:\/\/tst.axelgo.app\/wp-content\/uploads\/elementor\/thumbs\/Your-Workflow-2-q4unnrim8gur7w0exfb1o7gojrj68dblv1o3o5xj1c.png\" title=\"AXEL Go Solution for Your Workflow\" alt=\"AXEL Go Solution for Your Workflow\" loading=\"lazy\" \/>\t\t\t\t\t\t\t\t\t\t\t\t\t\t\t<\/div>\n\t\t\t\t<\/div>\n\t\t\t\t\t<\/div>\n\t\t<\/div>\n\t\t\t\t<div class=\"elementor-column elementor-col-50 elementor-inner-column elementor-element elementor-element-0fcb576\" data-id=\"0fcb576\" data-element_type=\"column\">\n\t\t\t<div class=\"elementor-widget-wrap elementor-element-populated\">\n\t\t\t\t\t\t\t\t<div class=\"elementor-element elementor-element-6ed04e4 elementor-widget elementor-widget-heading\" data-id=\"6ed04e4\" data-element_type=\"widget\" data-settings=\"{&quot;ekit_we_effect_on&quot;:&quot;none&quot;}\" data-widget_type=\"heading.default\">\n\t\t\t\t<div class=\"elementor-widget-container\">\n\t\t\t<h3 class=\"elementor-heading-title elementor-size-default\">Software de Gerenciamento de Documentos para o seu Fluxo de Trabalho<\/h3>\t\t<\/div>\n\t\t\t\t<\/div>\n\t\t\t\t<div class=\"elementor-element elementor-element-d4f7596 elementor-widget elementor-widget-text-editor\" data-id=\"d4f7596\" data-element_type=\"widget\" data-settings=\"{&quot;ekit_we_effect_on&quot;:&quot;none&quot;}\" data-widget_type=\"text-editor.default\">\n\t\t\t\t<div class=\"elementor-widget-container\">\n\t\t\t\t\t\t\t<p>Todo mundo tem seu pr\u00f3prio sistema para fazer neg\u00f3cios. Queremos que nosso aplicativo seguro de armazenamento de arquivos fa\u00e7a parte do seu. O AXEL Go \u00e9 flex\u00edvel, seguro e, acima de tudo, simples. Mantenha seus arquivos em um local de f\u00e1cil acesso e interaja com seus colegas e clientes sem sacrificar sua seguran\u00e7a com nosso software l\u00edder de gerenciamento de documentos.<\/p>\n\t\t\t\t\t\t<\/div>\n\t\t\t\t<\/div>\n\t\t\t\t\t<\/div>\n\t\t<\/div>\n\t\t\t\t\t\t\t<\/div>\n\t\t<\/section>\n\t\t\t\t<section class=\"elementor-section elementor-inner-section elementor-element elementor-element-7033594 elementor-section-boxed elementor-section-height-default elementor-section-height-default wpr-particle-no wpr-jarallax-no wpr-parallax-no wpr-sticky-section-no\" data-id=\"7033594\" data-element_type=\"section\">\n\t\t\t\t\t\t<div class=\"elementor-container elementor-column-gap-default\">\n\t\t\t\t\t<div class=\"elementor-column elementor-col-33 elementor-inner-column elementor-element elementor-element-184908d\" data-id=\"184908d\" data-element_type=\"column\">\n\t\t\t<div class=\"elementor-widget-wrap elementor-element-populated\">\n\t\t\t\t\t\t\t\t<div class=\"elementor-element elementor-element-279e444 elementor-widget elementor-widget-image\" data-id=\"279e444\" data-element_type=\"widget\" data-settings=\"{&quot;ekit_we_effect_on&quot;:&quot;none&quot;}\" data-widget_type=\"image.default\">\n\t\t\t\t<div class=\"elementor-widget-container\">\n\t\t\t\t\t\t\t\t\t\t\t\t\t\t\t<img decoding=\"async\" src=\"https:\/\/tst.axelgo.app\/wp-content\/uploads\/elementor\/thumbs\/Workflow-Solutions-Icon-1-1-q4unnuc15ekqw42tw58yicdyu226mb0gmkd7mtuq5k.png\" title=\"Workflow-Solutions-Icon-1-1\" alt=\"Workflow-Solutions-Icon-1-1\" loading=\"lazy\" \/>\t\t\t\t\t\t\t\t\t\t\t\t\t\t\t<\/div>\n\t\t\t\t<\/div>\n\t\t\t\t<div class=\"elementor-element elementor-element-9f212fe elementor-widget elementor-widget-text-editor\" data-id=\"9f212fe\" data-element_type=\"widget\" data-settings=\"{&quot;ekit_we_effect_on&quot;:&quot;none&quot;}\" data-widget_type=\"text-editor.default\">\n\t\t\t\t<div class=\"elementor-widget-container\">\n\t\t\t\t\t\t\t<p><strong>Controle por quanto tempo os arquivos s\u00e3o acess\u00edveis<\/strong><\/p>\n<p>Quando voc\u00ea compartilha arquivos, a \u00faltima coisa que deseja \u00e9 que os anexos persistentes deixem sua empresa vulner\u00e1vel. Com nossos compartilhamentos de arquivos expirados, deixar seus arquivos vulner\u00e1veis \u200b\u200bse tornar\u00e1 uma coisa do passado. <\/p>\n\t\t\t\t\t\t<\/div>\n\t\t\t\t<\/div>\n\t\t\t\t\t<\/div>\n\t\t<\/div>\n\t\t\t\t<div class=\"elementor-column elementor-col-33 elementor-inner-column elementor-element elementor-element-ca66689\" data-id=\"ca66689\" data-element_type=\"column\">\n\t\t\t<div class=\"elementor-widget-wrap elementor-element-populated\">\n\t\t\t\t\t\t\t\t<div class=\"elementor-element elementor-element-b10c5dd elementor-widget elementor-widget-image\" data-id=\"b10c5dd\" data-element_type=\"widget\" data-settings=\"{&quot;ekit_we_effect_on&quot;:&quot;none&quot;}\" data-widget_type=\"image.default\">\n\t\t\t\t<div class=\"elementor-widget-container\">\n\t\t\t\t\t\t\t\t\t\t\t\t\t\t\t<img decoding=\"async\" src=\"https:\/\/tst.axelgo.app\/wp-content\/uploads\/elementor\/thumbs\/Workflow-Solutions-Icon-2-1-q4unnuc15ekqw42tw58yicdyu226mb0gmkd7mtuq5k.png\" title=\"Workflow-Solutions-Icon-2-1\" alt=\"Workflow-Solutions-Icon-2-1\" loading=\"lazy\" \/>\t\t\t\t\t\t\t\t\t\t\t\t\t\t\t<\/div>\n\t\t\t\t<\/div>\n\t\t\t\t<div class=\"elementor-element elementor-element-a153dfe elementor-widget elementor-widget-text-editor\" data-id=\"a153dfe\" data-element_type=\"widget\" data-settings=\"{&quot;ekit_we_effect_on&quot;:&quot;none&quot;}\" data-widget_type=\"text-editor.default\">\n\t\t\t\t<div class=\"elementor-widget-container\">\n\t\t\t\t\t\t\t<p><strong>Organize como quiser<\/strong><\/p>\n<p>Armazenamento de arquivos do seu jeito. Seu sistema de aplicativos de armazenamento de arquivos seguro \u00e9 f\u00e1cil de organizar de acordo com suas especifica\u00e7\u00f5es. O AXEL Go \u00e9 f\u00e1cil de usar e desenvolvido para atender a qualquer fluxo de trabalho.<\/p>\n\t\t\t\t\t\t<\/div>\n\t\t\t\t<\/div>\n\t\t\t\t\t<\/div>\n\t\t<\/div>\n\t\t\t\t<div class=\"elementor-column elementor-col-33 elementor-inner-column elementor-element elementor-element-8a5bd6c\" data-id=\"8a5bd6c\" data-element_type=\"column\">\n\t\t\t<div class=\"elementor-widget-wrap elementor-element-populated\">\n\t\t\t\t\t\t\t\t<div class=\"elementor-element elementor-element-fd99b3e elementor-widget elementor-widget-image\" data-id=\"fd99b3e\" data-element_type=\"widget\" data-settings=\"{&quot;ekit_we_effect_on&quot;:&quot;none&quot;}\" data-widget_type=\"image.default\">\n\t\t\t\t<div class=\"elementor-widget-container\">\n\t\t\t\t\t\t\t\t\t\t\t\t\t\t\t<img decoding=\"async\" src=\"https:\/\/tst.axelgo.app\/wp-content\/uploads\/elementor\/thumbs\/Workflow-Solutions-Icon-3.2-1-q4unnuc15ekqw42tw58yicdyu226mb0gmkd7mtuq5k.png\" title=\"Workflow-Solutions-Icon-3.2-1\" alt=\"Workflow-Solutions-Icon-3.2-1\" loading=\"lazy\" \/>\t\t\t\t\t\t\t\t\t\t\t\t\t\t\t<\/div>\n\t\t\t\t<\/div>\n\t\t\t\t<div class=\"elementor-element elementor-element-9d8ae2a elementor-widget elementor-widget-text-editor\" data-id=\"9d8ae2a\" data-element_type=\"widget\" data-settings=\"{&quot;ekit_we_effect_on&quot;:&quot;none&quot;}\" data-widget_type=\"text-editor.default\">\n\t\t\t\t<div class=\"elementor-widget-container\">\n\t\t\t\t\t\t\t<p><strong>Substituir FTP<\/strong><\/p>\n<p>Como parte de nosso software de gerenciamento de documentos, o compartilhamento de arquivos criptografados \u00e9 o futuro. O FTP \u00e9 lento, vulner\u00e1vel e excessivamente restritivo. Nosso armazenamento e seguran\u00e7a s\u00e3o facilmente acess\u00edveis e personaliz\u00e1veis, dando a voc\u00ea a capacidade de compartilhar seus arquivos maiores e mais confidenciais com qualquer cliente em qualquer lugar do mundo com qualquer dispositivo.<\/p>\n\t\t\t\t\t\t<\/div>\n\t\t\t\t<\/div>\n\t\t\t\t\t<\/div>\n\t\t<\/div>\n\t\t\t\t\t\t\t<\/div>\n\t\t<\/section>\n\t\t\t\t\t<\/div>\n\t\t<\/div>\n\t\t\t\t\t\t\t<\/div>\n\t\t<\/section>\n\t\t\t\t\t\t\t<\/div>\n\t\t","protected":false},"excerpt":{"rendered":"<p>Solu\u00e7\u00f5es Software de Gerenciamento de Documentos para o seu Fluxo de Trabalho Todo mundo tem seu pr\u00f3prio sistema para fazer neg\u00f3cios. Queremos que nosso aplicativo seguro de armazenamento de arquivos fa\u00e7a parte do seu. O AXEL Go \u00e9 flex\u00edvel, seguro e, acima de tudo, simples. Mantenha seus arquivos em um local de f\u00e1cil acesso e [&hellip;]<\/p>\n","protected":false},"author":47,"featured_media":0,"parent":68460,"menu_order":0,"comment_status":"closed","ping_status":"closed","template":"elementor_header_footer","meta":[],"yoast_head":"<!-- This site is optimized with the Yoast SEO plugin v20.8 - https:\/\/yoast.com\/wordpress\/plugins\/seo\/ -->\n<title>Software de gerenciamento de documentos - aplicativo de armazenamento seguro de arquivos<\/title>\n<meta name=\"description\" content=\"Nosso aplicativo seguro de armazenamento de arquivos torna os fluxos de trabalho mais eficientes e protegidos. Maximize seu fluxo de trabalho com o software de gerenciamento de documentos AXEL Go.\" \/>\n<meta name=\"robots\" content=\"noindex, follow, max-snippet:-1, max-image-preview:large, max-video-preview:-1\" \/>\n<meta property=\"og:locale\" content=\"pt_BR\" \/>\n<meta property=\"og:type\" content=\"article\" \/>\n<meta property=\"og:title\" content=\"Software de gerenciamento de documentos - aplicativo de armazenamento seguro de arquivos\" \/>\n<meta property=\"og:description\" content=\"Nosso aplicativo seguro de armazenamento de arquivos torna os fluxos de trabalho mais eficientes e protegidos. Maximize seu fluxo de trabalho com o software de gerenciamento de documentos AXEL Go.\" \/>\n<meta property=\"og:url\" content=\"https:\/\/tst.axelgo.app\/pt-br\/solucoes\/solucoes-seu-fluxo-de-trabalho\/\" \/>\n<meta property=\"og:site_name\" content=\"AxelGo\" \/>\n<meta property=\"article:publisher\" content=\"https:\/\/www.facebook.com\/AxelUnlimited\/\" \/>\n<meta property=\"article:modified_time\" content=\"2023-04-19T07:21:33+00:00\" \/>\n<meta property=\"og:image\" content=\"https:\/\/tst0106.axelgo.app\/wp-content\/uploads\/2021\/01\/axel-favicon-512px-300x300.png\" \/>\n<meta name=\"twitter:card\" content=\"summary_large_image\" \/>\n<meta name=\"twitter:site\" content=\"@axelglobal\" \/>\n<meta name=\"twitter:label1\" content=\"Est. tempo de leitura\" \/>\n\t<meta name=\"twitter:data1\" content=\"1 minuto\" \/>\n<script type=\"application\/ld+json\" class=\"yoast-schema-graph\">{\"@context\":\"https:\/\/schema.org\",\"@graph\":[{\"@type\":\"WebPage\",\"@id\":\"https:\/\/tst.axelgo.app\/pt-br\/solucoes\/solucoes-seu-fluxo-de-trabalho\/\",\"url\":\"https:\/\/tst.axelgo.app\/pt-br\/solucoes\/solucoes-seu-fluxo-de-trabalho\/\",\"name\":\"Software de gerenciamento de documentos - aplicativo de armazenamento seguro de arquivos\",\"isPartOf\":{\"@id\":\"https:\/\/tst.axelgo.app\/pt-br\/#website\"},\"datePublished\":\"2023-01-16T17:29:56+00:00\",\"dateModified\":\"2023-04-19T07:21:33+00:00\",\"description\":\"Nosso aplicativo seguro de armazenamento de arquivos torna os fluxos de trabalho mais eficientes e protegidos. Maximize seu fluxo de trabalho com o software de gerenciamento de documentos AXEL Go.\",\"breadcrumb\":{\"@id\":\"https:\/\/tst.axelgo.app\/pt-br\/solucoes\/solucoes-seu-fluxo-de-trabalho\/#breadcrumb\"},\"inLanguage\":\"pt-BR\",\"potentialAction\":[{\"@type\":\"ReadAction\",\"target\":[\"https:\/\/tst.axelgo.app\/pt-br\/solucoes\/solucoes-seu-fluxo-de-trabalho\/\"]}]},{\"@type\":\"BreadcrumbList\",\"@id\":\"https:\/\/tst.axelgo.app\/pt-br\/solucoes\/solucoes-seu-fluxo-de-trabalho\/#breadcrumb\",\"itemListElement\":[{\"@type\":\"ListItem\",\"position\":1,\"name\":\"Home\",\"item\":\"https:\/\/www.axelgo.app\/pt-br\/\"},{\"@type\":\"ListItem\",\"position\":2,\"name\":\"Solu\u00e7\u00f5es\",\"item\":\"https:\/\/tst.axelgo.app\/pt-br\/solutions\/\"},{\"@type\":\"ListItem\",\"position\":3,\"name\":\"Seu fluxo de trabalho\"}]},{\"@type\":\"WebSite\",\"@id\":\"https:\/\/tst.axelgo.app\/pt-br\/#website\",\"url\":\"https:\/\/tst.axelgo.app\/pt-br\/\",\"name\":\"Axel Go\",\"description\":\"Encrypted File Storage and Sharing App\",\"publisher\":{\"@id\":\"https:\/\/tst.axelgo.app\/pt-br\/#organization\"},\"potentialAction\":[{\"@type\":\"SearchAction\",\"target\":{\"@type\":\"EntryPoint\",\"urlTemplate\":\"https:\/\/tst.axelgo.app\/pt-br\/?s={search_term_string}\"},\"query-input\":\"required name=search_term_string\"}],\"inLanguage\":\"pt-BR\"},{\"@type\":\"Organization\",\"@id\":\"https:\/\/tst.axelgo.app\/pt-br\/#organization\",\"name\":\"AxelGo\",\"url\":\"https:\/\/tst.axelgo.app\/pt-br\/\",\"logo\":{\"@type\":\"ImageObject\",\"inLanguage\":\"pt-BR\",\"@id\":\"https:\/\/tst.axelgo.app\/pt-br\/#\/schema\/logo\/image\/\",\"url\":\"https:\/\/tst.axelgo.app\/wp-content\/uploads\/2019\/12\/blue.png\",\"contentUrl\":\"https:\/\/tst.axelgo.app\/wp-content\/uploads\/2019\/12\/blue.png\",\"width\":552,\"height\":120,\"caption\":\"AxelGo\"},\"image\":{\"@id\":\"https:\/\/tst.axelgo.app\/pt-br\/#\/schema\/logo\/image\/\"},\"sameAs\":[\"https:\/\/www.facebook.com\/AxelUnlimited\/\",\"https:\/\/twitter.com\/axelglobal\",\"https:\/\/www.instagram.com\/axelunlimited\/\",\"https:\/\/www.linkedin.com\/company\/axelunlimited\/\"]}]}<\/script>\n<!-- \/ Yoast SEO plugin. -->","yoast_head_json":{"title":"Software de gerenciamento de documentos - aplicativo de armazenamento seguro de arquivos","description":"Nosso aplicativo seguro de armazenamento de arquivos torna os fluxos de trabalho mais eficientes e protegidos. Maximize seu fluxo de trabalho com o software de gerenciamento de documentos AXEL Go.","robots":{"index":"noindex","follow":"follow","max-snippet":"max-snippet:-1","max-image-preview":"max-image-preview:large","max-video-preview":"max-video-preview:-1"},"og_locale":"pt_BR","og_type":"article","og_title":"Software de gerenciamento de documentos - aplicativo de armazenamento seguro de arquivos","og_description":"Nosso aplicativo seguro de armazenamento de arquivos torna os fluxos de trabalho mais eficientes e protegidos. Maximize seu fluxo de trabalho com o software de gerenciamento de documentos AXEL Go.","og_url":"https:\/\/tst.axelgo.app\/pt-br\/solucoes\/solucoes-seu-fluxo-de-trabalho\/","og_site_name":"AxelGo","article_publisher":"https:\/\/www.facebook.com\/AxelUnlimited\/","article_modified_time":"2023-04-19T07:21:33+00:00","og_image":[{"url":"https:\/\/tst0106.axelgo.app\/wp-content\/uploads\/2021\/01\/axel-favicon-512px-300x300.png"}],"twitter_card":"summary_large_image","twitter_site":"@axelglobal","twitter_misc":{"Est. tempo de leitura":"1 minuto"},"schema":{"@context":"https:\/\/schema.org","@graph":[{"@type":"WebPage","@id":"https:\/\/tst.axelgo.app\/pt-br\/solucoes\/solucoes-seu-fluxo-de-trabalho\/","url":"https:\/\/tst.axelgo.app\/pt-br\/solucoes\/solucoes-seu-fluxo-de-trabalho\/","name":"Software de gerenciamento de documentos - aplicativo de armazenamento seguro de arquivos","isPartOf":{"@id":"https:\/\/tst.axelgo.app\/pt-br\/#website"},"datePublished":"2023-01-16T17:29:56+00:00","dateModified":"2023-04-19T07:21:33+00:00","description":"Nosso aplicativo seguro de armazenamento de arquivos torna os fluxos de trabalho mais eficientes e protegidos. Maximize seu fluxo de trabalho com o software de gerenciamento de documentos AXEL Go.","breadcrumb":{"@id":"https:\/\/tst.axelgo.app\/pt-br\/solucoes\/solucoes-seu-fluxo-de-trabalho\/#breadcrumb"},"inLanguage":"pt-BR","potentialAction":[{"@type":"ReadAction","target":["https:\/\/tst.axelgo.app\/pt-br\/solucoes\/solucoes-seu-fluxo-de-trabalho\/"]}]},{"@type":"BreadcrumbList","@id":"https:\/\/tst.axelgo.app\/pt-br\/solucoes\/solucoes-seu-fluxo-de-trabalho\/#breadcrumb","itemListElement":[{"@type":"ListItem","position":1,"name":"Home","item":"https:\/\/www.axelgo.app\/pt-br\/"},{"@type":"ListItem","position":2,"name":"Solu\u00e7\u00f5es","item":"https:\/\/tst.axelgo.app\/pt-br\/solutions\/"},{"@type":"ListItem","position":3,"name":"Seu fluxo de trabalho"}]},{"@type":"WebSite","@id":"https:\/\/tst.axelgo.app\/pt-br\/#website","url":"https:\/\/tst.axelgo.app\/pt-br\/","name":"Axel Go","description":"Encrypted File Storage and Sharing App","publisher":{"@id":"https:\/\/tst.axelgo.app\/pt-br\/#organization"},"potentialAction":[{"@type":"SearchAction","target":{"@type":"EntryPoint","urlTemplate":"https:\/\/tst.axelgo.app\/pt-br\/?s={search_term_string}"},"query-input":"required name=search_term_string"}],"inLanguage":"pt-BR"},{"@type":"Organization","@id":"https:\/\/tst.axelgo.app\/pt-br\/#organization","name":"AxelGo","url":"https:\/\/tst.axelgo.app\/pt-br\/","logo":{"@type":"ImageObject","inLanguage":"pt-BR","@id":"https:\/\/tst.axelgo.app\/pt-br\/#\/schema\/logo\/image\/","url":"https:\/\/tst.axelgo.app\/wp-content\/uploads\/2019\/12\/blue.png","contentUrl":"https:\/\/tst.axelgo.app\/wp-content\/uploads\/2019\/12\/blue.png","width":552,"height":120,"caption":"AxelGo"},"image":{"@id":"https:\/\/tst.axelgo.app\/pt-br\/#\/schema\/logo\/image\/"},"sameAs":["https:\/\/www.facebook.com\/AxelUnlimited\/","https:\/\/twitter.com\/axelglobal","https:\/\/www.instagram.com\/axelunlimited\/","https:\/\/www.linkedin.com\/company\/axelunlimited\/"]}]}},"_links":{"self":[{"href":"https:\/\/tst.axelgo.app\/pt-br\/wp-json\/wp\/v2\/pages\/68479"}],"collection":[{"href":"https:\/\/tst.axelgo.app\/pt-br\/wp-json\/wp\/v2\/pages"}],"about":[{"href":"https:\/\/tst.axelgo.app\/pt-br\/wp-json\/wp\/v2\/types\/page"}],"author":[{"embeddable":true,"href":"https:\/\/tst.axelgo.app\/pt-br\/wp-json\/wp\/v2\/users\/47"}],"replies":[{"embeddable":true,"href":"https:\/\/tst.axelgo.app\/pt-br\/wp-json\/wp\/v2\/comments?post=68479"}],"version-history":[{"count":5,"href":"https:\/\/tst.axelgo.app\/pt-br\/wp-json\/wp\/v2\/pages\/68479\/revisions"}],"predecessor-version":[{"id":70672,"href":"https:\/\/tst.axelgo.app\/pt-br\/wp-json\/wp\/v2\/pages\/68479\/revisions\/70672"}],"up":[{"embeddable":true,"href":"https:\/\/tst.axelgo.app\/pt-br\/wp-json\/wp\/v2\/pages\/68460"}],"wp:attachment":[{"href":"https:\/\/tst.axelgo.app\/pt-br\/wp-json\/wp\/v2\/media?parent=68479"}],"curies":[{"name":"wp","href":"https:\/\/api.w.org\/{rel}","templated":true}]}}