{"id":71307,"date":"2023-05-08T23:38:17","date_gmt":"2023-05-08T23:38:17","guid":{"rendered":"https:\/\/www.axelgo.app\/gestion-de-documentos-inmobiliarios-y-comparticion-segura-de-archivos\/"},"modified":"2023-05-17T07:40:50","modified_gmt":"2023-05-17T07:40:50","slug":"industrias-inmobiliario","status":"publish","type":"page","link":"https:\/\/tst.axelgo.app\/es-mx\/industrias-inmobiliario\/","title":{"rendered":"Gesti\u00f3n de Documentos Inmobiliarios y Compartici\u00f3n Segura de Archivos"},"content":{"rendered":"\t\t<div data-elementor-type=\"wp-post\" data-elementor-id=\"71307\" class=\"elementor elementor-71307 elementor-71191\" data-elementor-post-type=\"page\">\n\t\t\t\t\t\t\t\t\t<section class=\"elementor-section elementor-top-section elementor-element elementor-element-1797417 elementor-section-boxed elementor-section-height-default elementor-section-height-default wpr-particle-no wpr-jarallax-no wpr-parallax-no wpr-sticky-section-no\" data-id=\"1797417\" data-element_type=\"section\" data-settings=\"{&quot;background_background&quot;:&quot;classic&quot;}\">\n\t\t\t\t\t\t<div class=\"elementor-container elementor-column-gap-default\">\n\t\t\t\t\t<div class=\"elementor-column elementor-col-100 elementor-top-column elementor-element elementor-element-ba6741d\" data-id=\"ba6741d\" data-element_type=\"column\">\n\t\t\t<div class=\"elementor-widget-wrap elementor-element-populated\">\n\t\t\t\t\t\t\t\t<div class=\"elementor-element elementor-element-de2e028 elementor-widget elementor-widget-elementskit-heading\" data-id=\"de2e028\" data-element_type=\"widget\" data-settings=\"{&quot;ekit_we_effect_on&quot;:&quot;none&quot;}\" data-widget_type=\"elementskit-heading.default\">\n\t\t\t\t<div class=\"elementor-widget-container\">\n\t\t\t<div class=\"ekit-wid-con\" ><div class=\"ekit-heading elementskit-section-title-wraper text_center   ekit_heading_tablet-   ekit_heading_mobile-\"><h2 class=\"ekit-heading--title elementskit-section-title \">Industrias<\/h2><\/div><\/div>\t\t<\/div>\n\t\t\t\t<\/div>\n\t\t\t\t\t<\/div>\n\t\t<\/div>\n\t\t\t\t\t\t\t<\/div>\n\t\t<\/section>\n\t\t\t\t<section class=\"elementor-section elementor-top-section elementor-element elementor-element-2115073 elementor-section-boxed elementor-section-height-default elementor-section-height-default wpr-particle-no wpr-jarallax-no wpr-parallax-no wpr-sticky-section-no\" data-id=\"2115073\" data-element_type=\"section\">\n\t\t\t\t\t\t<div class=\"elementor-container elementor-column-gap-default\">\n\t\t\t\t\t<div class=\"elementor-column elementor-col-100 elementor-top-column elementor-element elementor-element-c46bfee\" data-id=\"c46bfee\" data-element_type=\"column\">\n\t\t\t<div class=\"elementor-widget-wrap\">\n\t\t\t\t\t\t\t\t\t<\/div>\n\t\t<\/div>\n\t\t\t\t\t\t\t<\/div>\n\t\t<\/section>\n\t\t\t\t<section class=\"elementor-section elementor-top-section elementor-element elementor-element-3e82b03a elementor-section-boxed elementor-section-height-default elementor-section-height-default wpr-particle-no wpr-jarallax-no wpr-parallax-no wpr-sticky-section-no\" data-id=\"3e82b03a\" data-element_type=\"section\">\n\t\t\t\t\t\t<div class=\"elementor-container elementor-column-gap-default\">\n\t\t\t\t\t<div class=\"elementor-column elementor-col-100 elementor-top-column elementor-element elementor-element-78ba31e\" data-id=\"78ba31e\" data-element_type=\"column\">\n\t\t\t<div class=\"elementor-widget-wrap elementor-element-populated\">\n\t\t\t\t\t\t\t\t<div class=\"elementor-element elementor-element-6963b79a elementor-widget-divider--view-line elementor-widget elementor-widget-divider\" data-id=\"6963b79a\" data-element_type=\"widget\" data-settings=\"{&quot;ekit_we_effect_on&quot;:&quot;none&quot;}\" data-widget_type=\"divider.default\">\n\t\t\t\t<div class=\"elementor-widget-container\">\n\t\t\t\t\t<div class=\"elementor-divider\">\n\t\t\t<span class=\"elementor-divider-separator\">\n\t\t\t\t\t\t<\/span>\n\t\t<\/div>\n\t\t\t\t<\/div>\n\t\t\t\t<\/div>\n\t\t\t\t<section class=\"elementor-section elementor-inner-section elementor-element elementor-element-4d183c0c elementor-section-boxed elementor-section-height-default elementor-section-height-default wpr-particle-no wpr-jarallax-no wpr-parallax-no wpr-sticky-section-no\" data-id=\"4d183c0c\" data-element_type=\"section\">\n\t\t\t\t\t\t<div class=\"elementor-container elementor-column-gap-default\">\n\t\t\t\t\t<div class=\"elementor-column elementor-col-50 elementor-inner-column elementor-element elementor-element-7f5060e4\" data-id=\"7f5060e4\" data-element_type=\"column\">\n\t\t\t<div class=\"elementor-widget-wrap elementor-element-populated\">\n\t\t\t\t\t\t\t\t<div class=\"elementor-element elementor-element-656e20d elementor-widget elementor-widget-image\" data-id=\"656e20d\" data-element_type=\"widget\" data-settings=\"{&quot;ekit_we_effect_on&quot;:&quot;none&quot;}\" data-widget_type=\"image.default\">\n\t\t\t\t<div class=\"elementor-widget-container\">\n\t\t\t\t\t\t\t\t\t\t\t\t\t\t\t<img decoding=\"async\" src=\"https:\/\/tst.axelgo.app\/wp-content\/uploads\/2023\/05\/Real-Estate-Header-Image.png\" title=\"\" alt=\"\" loading=\"lazy\" \/>\t\t\t\t\t\t\t\t\t\t\t\t\t\t\t<\/div>\n\t\t\t\t<\/div>\n\t\t\t\t\t<\/div>\n\t\t<\/div>\n\t\t\t\t<div class=\"elementor-column elementor-col-50 elementor-inner-column elementor-element elementor-element-1c58f05\" data-id=\"1c58f05\" data-element_type=\"column\">\n\t\t\t<div class=\"elementor-widget-wrap elementor-element-populated\">\n\t\t\t\t\t\t\t\t<div class=\"elementor-element elementor-element-1b711a2 elementor-widget elementor-widget-heading\" data-id=\"1b711a2\" data-element_type=\"widget\" data-settings=\"{&quot;ekit_we_effect_on&quot;:&quot;none&quot;}\" data-widget_type=\"heading.default\">\n\t\t\t\t<div class=\"elementor-widget-container\">\n\t\t\t<h3 class=\"elementor-heading-title elementor-size-default\">Gesti\u00f3n de Documentos Inmobiliarios y Compartici\u00f3n Segura de Archivos<\/h3>\t\t<\/div>\n\t\t\t\t<\/div>\n\t\t\t\t<div class=\"elementor-element elementor-element-13e8a9d6 elementor-widget elementor-widget-text-editor\" data-id=\"13e8a9d6\" data-element_type=\"widget\" data-settings=\"{&quot;ekit_we_effect_on&quot;:&quot;none&quot;}\" data-widget_type=\"text-editor.default\">\n\t\t\t\t<div class=\"elementor-widget-container\">\n\t\t\t\t\t\t\t<p>El sector inmobiliario est\u00e1 lejos de ser simple, pero AXEL Go puede agilizar el proceso. Capacitamos a las agencias con herramientas simplificadas y un dise\u00f1o de experiencia de usuario claro y preciso.<\/p>\n<p>Hacer malabares con docenas de formularios a la vez es cosa del pasado. Nuestro sistema de administraci\u00f3n de archivos limpio, recolecci\u00f3n segura y seguridad de primera l\u00ednea ponen el control en sus manos y le permiten dirigir r\u00e1pidamente a sus clientes para que pueda cerrar lo m\u00e1s r\u00e1pido posible.<\/p>\n\t\t\t\t\t\t<\/div>\n\t\t\t\t<\/div>\n\t\t\t\t<div class=\"elementor-element elementor-element-a5becf7 elementor-widget elementor-widget-elementskit-creative-button\" data-id=\"a5becf7\" data-element_type=\"widget\" data-settings=\"{&quot;ekit_we_effect_on&quot;:&quot;none&quot;}\" data-widget_type=\"elementskit-creative-button.default\">\n\t\t\t\t<div class=\"elementor-widget-container\">\n\t\t\t<div class=\"ekit-wid-con\" >\t\t<div class=\"ekit-btn-wraper\">\n\t\t\t\t\t\t\t\t<a href=\"https:\/\/go.axel.network\/signup\" target=\"_blank\" data-text=\"\" class=\"ekit_creative_button ekit_position_aware \" >\n\n\t\t\t\t\t\t\n\t\t\t\t\t\t<span class=\"ekit_creative_button_text\">Pruebe Ahora<\/span>\n\n\t\t\t\t\t\t\t\t\t\t\t\t\t<i aria-hidden=\"true\" class=\"ekit_creative_button_icon_after icon icon-right-arrow\"><\/i>\n\t\t\t\t\t\t\n\t\t\t\t\t\t<span class='ekit_position_aware_bg'><\/span>\t\t\t\t\t<\/a>\n\t\t\t\t\t\t<\/div>\n        <\/div>\t\t<\/div>\n\t\t\t\t<\/div>\n\t\t\t\t\t<\/div>\n\t\t<\/div>\n\t\t\t\t\t\t\t<\/div>\n\t\t<\/section>\n\t\t\t\t<section class=\"elementor-section elementor-inner-section elementor-element elementor-element-4e8bcf5 elementor-section-boxed elementor-section-height-default elementor-section-height-default wpr-particle-no wpr-jarallax-no wpr-parallax-no wpr-sticky-section-no\" data-id=\"4e8bcf5\" data-element_type=\"section\">\n\t\t\t\t\t\t<div class=\"elementor-container elementor-column-gap-default\">\n\t\t\t\t\t<div class=\"elementor-column elementor-col-33 elementor-inner-column elementor-element elementor-element-70ec347\" data-id=\"70ec347\" data-element_type=\"column\">\n\t\t\t<div class=\"elementor-widget-wrap elementor-element-populated\">\n\t\t\t\t\t\t\t\t<div class=\"elementor-element elementor-element-e365cce elementor-widget elementor-widget-image\" data-id=\"e365cce\" data-element_type=\"widget\" data-settings=\"{&quot;ekit_we_effect_on&quot;:&quot;none&quot;}\" data-widget_type=\"image.default\">\n\t\t\t\t<div class=\"elementor-widget-container\">\n\t\t\t\t\t\t\t\t\t\t\t\t\t\t\t<img fetchpriority=\"high\" decoding=\"async\" width=\"1500\" height=\"1500\" src=\"https:\/\/tst.axelgo.app\/wp-content\/uploads\/2023\/05\/relestate-people-size-5x-5.png\" class=\"attachment-full size-full wp-image-71274\" alt=\"\" srcset=\"https:\/\/tst.axelgo.app\/wp-content\/uploads\/2023\/05\/relestate-people-size-5x-5.png 1500w, https:\/\/tst.axelgo.app\/wp-content\/uploads\/2023\/05\/relestate-people-size-5x-5-300x300.png 300w, https:\/\/tst.axelgo.app\/wp-content\/uploads\/2023\/05\/relestate-people-size-5x-5-1024x1024.png 1024w, https:\/\/tst.axelgo.app\/wp-content\/uploads\/2023\/05\/relestate-people-size-5x-5-150x150.png 150w, https:\/\/tst.axelgo.app\/wp-content\/uploads\/2023\/05\/relestate-people-size-5x-5-768x768.png 768w\" sizes=\"(max-width: 1500px) 100vw, 1500px\" \/>\t\t\t\t\t\t\t\t\t\t\t\t\t\t\t<\/div>\n\t\t\t\t<\/div>\n\t\t\t\t<div class=\"elementor-element elementor-element-8030282 elementor-widget elementor-widget-text-editor\" data-id=\"8030282\" data-element_type=\"widget\" data-settings=\"{&quot;ekit_we_effect_on&quot;:&quot;none&quot;}\" data-widget_type=\"text-editor.default\">\n\t\t\t\t<div class=\"elementor-widget-container\">\n\t\t\t\t\t\t\t<p><strong>C\u00f3mo utilizan los agentes inmobiliarios la gesti\u00f3n de documentos<\/strong><\/p>\n<p>Env\u00eda, comparte y firma desde cualquier dispositivo, en cualquier momento. AXEL Go es un servicio ligero y seguro que funciona desde cualquier lugar con conexi\u00f3n a Internet. Simplifique los contratos con nuestro servicio de firma electr\u00f3nica incorporado, solicite documentos sobre la marcha y descanse tranquilo sabiendo que vendr\u00e1n completamente encriptados sin importar qu\u00e9 dispositivo elijan usar sus clientes.<\/p>\n<p>Cierre m\u00e1s r\u00e1pido, mant\u00e9ngase organizado y deje a sus clientes m\u00e1s contentos con nuestros servidores seguros descentralizados y totalmente encriptados.<\/p>\n\t\t\t\t\t\t<\/div>\n\t\t\t\t<\/div>\n\t\t\t\t\t<\/div>\n\t\t<\/div>\n\t\t\t\t<div class=\"elementor-column elementor-col-33 elementor-inner-column elementor-element elementor-element-a285993\" data-id=\"a285993\" data-element_type=\"column\">\n\t\t\t<div class=\"elementor-widget-wrap elementor-element-populated\">\n\t\t\t\t\t\t\t\t<div class=\"elementor-element elementor-element-3342652 elementor-widget elementor-widget-image\" data-id=\"3342652\" data-element_type=\"widget\" data-settings=\"{&quot;ekit_we_effect_on&quot;:&quot;none&quot;}\" data-widget_type=\"image.default\">\n\t\t\t\t<div class=\"elementor-widget-container\">\n\t\t\t\t\t\t\t\t\t\t\t\t\t\t\t<img decoding=\"async\" width=\"1500\" height=\"1500\" src=\"https:\/\/tst.axelgo.app\/wp-content\/uploads\/2023\/05\/Protect-your-clients-and-your-real-estate-business-5x-5.png\" class=\"attachment-full size-full wp-image-71277\" alt=\"\" srcset=\"https:\/\/tst.axelgo.app\/wp-content\/uploads\/2023\/05\/Protect-your-clients-and-your-real-estate-business-5x-5.png 1500w, https:\/\/tst.axelgo.app\/wp-content\/uploads\/2023\/05\/Protect-your-clients-and-your-real-estate-business-5x-5-300x300.png 300w, https:\/\/tst.axelgo.app\/wp-content\/uploads\/2023\/05\/Protect-your-clients-and-your-real-estate-business-5x-5-1024x1024.png 1024w, https:\/\/tst.axelgo.app\/wp-content\/uploads\/2023\/05\/Protect-your-clients-and-your-real-estate-business-5x-5-150x150.png 150w, https:\/\/tst.axelgo.app\/wp-content\/uploads\/2023\/05\/Protect-your-clients-and-your-real-estate-business-5x-5-768x768.png 768w\" sizes=\"(max-width: 1500px) 100vw, 1500px\" \/>\t\t\t\t\t\t\t\t\t\t\t\t\t\t\t<\/div>\n\t\t\t\t<\/div>\n\t\t\t\t<div class=\"elementor-element elementor-element-f725eb7 elementor-widget elementor-widget-text-editor\" data-id=\"f725eb7\" data-element_type=\"widget\" data-settings=\"{&quot;ekit_we_effect_on&quot;:&quot;none&quot;}\" data-widget_type=\"text-editor.default\">\n\t\t\t\t<div class=\"elementor-widget-container\">\n\t\t\t\t\t\t\t<p><strong>Protege a tus clientes y tu negocio inmobiliario<\/strong><\/p>\n<ul>\n<li><strong>Recolecci\u00f3n Segura: la comunicaci\u00f3n clara es clave para el cierre.<\/strong> Con nuestra recolecci\u00f3n segura, solicite exactamente los documentos que necesita y ci\u00e9rrelos por completo y depos\u00edtelos directamente en la ubicaci\u00f3n que elija en el navegador desde cualquier dispositivo. Los clientes solo necesitan arrastrar y soltar los documentos solicitados en su navegador y AXEL se encargar\u00e1 del resto.<\/li>\n<li><strong>Cifrado de extremo a extremo<\/strong>: creemos en la seguridad por encima de todo. Convierta cada red en un canal seguro activando el cifrado de extremo a extremo en sus recursos compartidos y solicitudes. Nuestro cifrado AES de 256 bits de nivel profesional mantiene las miradas indiscretas fuera de la informaci\u00f3n de identificaci\u00f3n personal y protege los contratos con celo.<\/li>\n<li><strong>Gesti\u00f3n de archivos personalizada<\/strong>: cada uno tiene su propio sistema de organizaci\u00f3n. Con AXEL Go, sus agentes pueden recopilar y clasificar todos los contratos, planos y registros de inspecci\u00f3n en carpetas claras y personalizadas. Administre f\u00e1cilmente los permisos para evitar cualquier reorganizaci\u00f3n o eliminaci\u00f3n accidental, y colabore f\u00e1cilmente desde el trabajo o la oficina.<\/li>\n<\/ul>\n\t\t\t\t\t\t<\/div>\n\t\t\t\t<\/div>\n\t\t\t\t\t<\/div>\n\t\t<\/div>\n\t\t\t\t<div class=\"elementor-column elementor-col-33 elementor-inner-column elementor-element elementor-element-7e93f18\" data-id=\"7e93f18\" data-element_type=\"column\">\n\t\t\t<div class=\"elementor-widget-wrap elementor-element-populated\">\n\t\t\t\t\t\t\t\t<div class=\"elementor-element elementor-element-ffc63e4 elementor-widget elementor-widget-image\" data-id=\"ffc63e4\" data-element_type=\"widget\" data-settings=\"{&quot;ekit_we_effect_on&quot;:&quot;none&quot;}\" data-widget_type=\"image.default\">\n\t\t\t\t<div class=\"elementor-widget-container\">\n\t\t\t\t\t\t\t\t\t\t\t\t\t\t\t<img decoding=\"async\" width=\"1500\" height=\"1500\" src=\"https:\/\/tst.axelgo.app\/wp-content\/uploads\/2023\/05\/Axel-Go-for-realtor-and-real-estate-professionals-5x-5.png\" class=\"attachment-full size-full wp-image-71280\" alt=\"\" srcset=\"https:\/\/tst.axelgo.app\/wp-content\/uploads\/2023\/05\/Axel-Go-for-realtor-and-real-estate-professionals-5x-5.png 1500w, https:\/\/tst.axelgo.app\/wp-content\/uploads\/2023\/05\/Axel-Go-for-realtor-and-real-estate-professionals-5x-5-300x300.png 300w, https:\/\/tst.axelgo.app\/wp-content\/uploads\/2023\/05\/Axel-Go-for-realtor-and-real-estate-professionals-5x-5-1024x1024.png 1024w, https:\/\/tst.axelgo.app\/wp-content\/uploads\/2023\/05\/Axel-Go-for-realtor-and-real-estate-professionals-5x-5-150x150.png 150w, https:\/\/tst.axelgo.app\/wp-content\/uploads\/2023\/05\/Axel-Go-for-realtor-and-real-estate-professionals-5x-5-768x768.png 768w\" sizes=\"(max-width: 1500px) 100vw, 1500px\" \/>\t\t\t\t\t\t\t\t\t\t\t\t\t\t\t<\/div>\n\t\t\t\t<\/div>\n\t\t\t\t<div class=\"elementor-element elementor-element-1ba0a13 elementor-widget elementor-widget-text-editor\" data-id=\"1ba0a13\" data-element_type=\"widget\" data-settings=\"{&quot;ekit_we_effect_on&quot;:&quot;none&quot;}\" data-widget_type=\"text-editor.default\">\n\t\t\t\t<div class=\"elementor-widget-container\">\n\t\t\t\t\t\t\t<p><strong>AXEL Go para agentes inmobiliarios y profesionales inmobiliarios<\/strong><\/p>\n<p>Protege tu reputaci\u00f3n como agencia organizada y oportuna con AXEL Go. Realice negocios desde cualquier lugar con una conexi\u00f3n a Internet y descanse tranquilo sabiendo que sus clientes est\u00e1n protegidos con caracter\u00edsticas de seguridad de vanguardia.<\/p>\n<p>Pruebe AXEL Go gratis hoy para ver lo simple que puede ser el sector inmobiliario.<\/p>\n\t\t\t\t\t\t<\/div>\n\t\t\t\t<\/div>\n\t\t\t\t\t<\/div>\n\t\t<\/div>\n\t\t\t\t\t\t\t<\/div>\n\t\t<\/section>\n\t\t\t\t\t<\/div>\n\t\t<\/div>\n\t\t\t\t\t\t\t<\/div>\n\t\t<\/section>\n\t\t\t\t\t\t\t<\/div>\n\t\t","protected":false},"excerpt":{"rendered":"<p>Industrias Gesti\u00f3n de Documentos Inmobiliarios y Compartici\u00f3n Segura de Archivos El sector inmobiliario est\u00e1 lejos de ser simple, pero AXEL Go puede agilizar el proceso. Capacitamos a las agencias con herramientas simplificadas y un dise\u00f1o de experiencia de usuario claro y preciso. Hacer malabares con docenas de formularios a la vez es cosa del pasado. [&hellip;]<\/p>\n","protected":false},"author":52,"featured_media":0,"parent":0,"menu_order":0,"comment_status":"closed","ping_status":"closed","template":"elementor_header_footer","meta":[],"yoast_head":"<!-- This site is optimized with the Yoast SEO plugin v20.8 - https:\/\/yoast.com\/wordpress\/plugins\/seo\/ -->\n<title>Gesti\u00f3n de Documentos Inmobiliarios y Compartici\u00f3n Segura de Archivos<\/title>\n<meta name=\"description\" content=\"Prioriza la seguridad de tu negocio y la de tus clientes con la gesti\u00f3n de documentos inmobiliarios encriptados. Pruebe ahora la compartici\u00f3n segura de archivos para inmobiliarias de AXEL Go.\" \/>\n<meta name=\"robots\" content=\"noindex, follow, max-snippet:-1, max-image-preview:large, max-video-preview:-1\" \/>\n<meta property=\"og:locale\" content=\"es_MX\" \/>\n<meta property=\"og:type\" content=\"article\" \/>\n<meta property=\"og:title\" content=\"Gesti\u00f3n de Documentos Inmobiliarios y Compartici\u00f3n Segura de Archivos\" \/>\n<meta property=\"og:description\" content=\"Prioriza la seguridad de tu negocio y la de tus clientes con la gesti\u00f3n de documentos inmobiliarios encriptados. Pruebe ahora la compartici\u00f3n segura de archivos para inmobiliarias de AXEL Go.\" \/>\n<meta property=\"og:url\" content=\"https:\/\/tst.axelgo.app\/es-mx\/industrias-inmobiliario\/\" \/>\n<meta property=\"og:site_name\" content=\"AxelGo\" \/>\n<meta property=\"article:publisher\" content=\"https:\/\/www.facebook.com\/AxelUnlimited\/\" \/>\n<meta property=\"article:modified_time\" content=\"2023-05-17T07:40:50+00:00\" \/>\n<meta property=\"og:image\" content=\"https:\/\/tst.axelgo.app\/wp-content\/uploads\/2021\/01\/axel-favicon-512px-300x300.png\" \/>\n<meta name=\"twitter:card\" content=\"summary_large_image\" \/>\n<meta name=\"twitter:site\" content=\"@axelglobal\" \/>\n<meta name=\"twitter:label1\" content=\"Tiempo de lectura\" \/>\n\t<meta name=\"twitter:data1\" content=\"2 minutos\" \/>\n<script type=\"application\/ld+json\" class=\"yoast-schema-graph\">{\"@context\":\"https:\/\/schema.org\",\"@graph\":[{\"@type\":\"WebPage\",\"@id\":\"https:\/\/tst.axelgo.app\/es-mx\/industrias-inmobiliario\/\",\"url\":\"https:\/\/tst.axelgo.app\/es-mx\/industrias-inmobiliario\/\",\"name\":\"Gesti\u00f3n de Documentos Inmobiliarios y Compartici\u00f3n Segura de Archivos\",\"isPartOf\":{\"@id\":\"https:\/\/tst.axelgo.app\/es-mx\/#website\"},\"datePublished\":\"2023-05-08T23:38:17+00:00\",\"dateModified\":\"2023-05-17T07:40:50+00:00\",\"description\":\"Prioriza la seguridad de tu negocio y la de tus clientes con la gesti\u00f3n de documentos inmobiliarios encriptados. Pruebe ahora la compartici\u00f3n segura de archivos para inmobiliarias de AXEL Go.\",\"breadcrumb\":{\"@id\":\"https:\/\/tst.axelgo.app\/es-mx\/industrias-inmobiliario\/#breadcrumb\"},\"inLanguage\":\"es-MX\",\"potentialAction\":[{\"@type\":\"ReadAction\",\"target\":[\"https:\/\/tst.axelgo.app\/es-mx\/industrias-inmobiliario\/\"]}]},{\"@type\":\"BreadcrumbList\",\"@id\":\"https:\/\/tst.axelgo.app\/es-mx\/industrias-inmobiliario\/#breadcrumb\",\"itemListElement\":[{\"@type\":\"ListItem\",\"position\":1,\"name\":\"Home\",\"item\":\"https:\/\/www.axelgo.app\/es-mx\/\"},{\"@type\":\"ListItem\",\"position\":2,\"name\":\"Gesti\u00f3n de Documentos Inmobiliarios y Compartici\u00f3n Segura de Archivos\"}]},{\"@type\":\"WebSite\",\"@id\":\"https:\/\/tst.axelgo.app\/es-mx\/#website\",\"url\":\"https:\/\/tst.axelgo.app\/es-mx\/\",\"name\":\"Axel Go\",\"description\":\"Encrypted File Storage and Sharing App\",\"publisher\":{\"@id\":\"https:\/\/tst.axelgo.app\/es-mx\/#organization\"},\"potentialAction\":[{\"@type\":\"SearchAction\",\"target\":{\"@type\":\"EntryPoint\",\"urlTemplate\":\"https:\/\/tst.axelgo.app\/es-mx\/?s={search_term_string}\"},\"query-input\":\"required name=search_term_string\"}],\"inLanguage\":\"es-MX\"},{\"@type\":\"Organization\",\"@id\":\"https:\/\/tst.axelgo.app\/es-mx\/#organization\",\"name\":\"AxelGo\",\"url\":\"https:\/\/tst.axelgo.app\/es-mx\/\",\"logo\":{\"@type\":\"ImageObject\",\"inLanguage\":\"es-MX\",\"@id\":\"https:\/\/tst.axelgo.app\/es-mx\/#\/schema\/logo\/image\/\",\"url\":\"https:\/\/tst.axelgo.app\/wp-content\/uploads\/2019\/12\/blue.png\",\"contentUrl\":\"https:\/\/tst.axelgo.app\/wp-content\/uploads\/2019\/12\/blue.png\",\"width\":552,\"height\":120,\"caption\":\"AxelGo\"},\"image\":{\"@id\":\"https:\/\/tst.axelgo.app\/es-mx\/#\/schema\/logo\/image\/\"},\"sameAs\":[\"https:\/\/www.facebook.com\/AxelUnlimited\/\",\"https:\/\/twitter.com\/axelglobal\",\"https:\/\/www.instagram.com\/axelunlimited\/\",\"https:\/\/www.linkedin.com\/company\/axelunlimited\/\"]}]}<\/script>\n<!-- \/ Yoast SEO plugin. -->","yoast_head_json":{"title":"Gesti\u00f3n de Documentos Inmobiliarios y Compartici\u00f3n Segura de Archivos","description":"Prioriza la seguridad de tu negocio y la de tus clientes con la gesti\u00f3n de documentos inmobiliarios encriptados. Pruebe ahora la compartici\u00f3n segura de archivos para inmobiliarias de AXEL Go.","robots":{"index":"noindex","follow":"follow","max-snippet":"max-snippet:-1","max-image-preview":"max-image-preview:large","max-video-preview":"max-video-preview:-1"},"og_locale":"es_MX","og_type":"article","og_title":"Gesti\u00f3n de Documentos Inmobiliarios y Compartici\u00f3n Segura de Archivos","og_description":"Prioriza la seguridad de tu negocio y la de tus clientes con la gesti\u00f3n de documentos inmobiliarios encriptados. Pruebe ahora la compartici\u00f3n segura de archivos para inmobiliarias de AXEL Go.","og_url":"https:\/\/tst.axelgo.app\/es-mx\/industrias-inmobiliario\/","og_site_name":"AxelGo","article_publisher":"https:\/\/www.facebook.com\/AxelUnlimited\/","article_modified_time":"2023-05-17T07:40:50+00:00","og_image":[{"url":"https:\/\/tst.axelgo.app\/wp-content\/uploads\/2021\/01\/axel-favicon-512px-300x300.png"}],"twitter_card":"summary_large_image","twitter_site":"@axelglobal","twitter_misc":{"Tiempo de lectura":"2 minutos"},"schema":{"@context":"https:\/\/schema.org","@graph":[{"@type":"WebPage","@id":"https:\/\/tst.axelgo.app\/es-mx\/industrias-inmobiliario\/","url":"https:\/\/tst.axelgo.app\/es-mx\/industrias-inmobiliario\/","name":"Gesti\u00f3n de Documentos Inmobiliarios y Compartici\u00f3n Segura de Archivos","isPartOf":{"@id":"https:\/\/tst.axelgo.app\/es-mx\/#website"},"datePublished":"2023-05-08T23:38:17+00:00","dateModified":"2023-05-17T07:40:50+00:00","description":"Prioriza la seguridad de tu negocio y la de tus clientes con la gesti\u00f3n de documentos inmobiliarios encriptados. Pruebe ahora la compartici\u00f3n segura de archivos para inmobiliarias de AXEL Go.","breadcrumb":{"@id":"https:\/\/tst.axelgo.app\/es-mx\/industrias-inmobiliario\/#breadcrumb"},"inLanguage":"es-MX","potentialAction":[{"@type":"ReadAction","target":["https:\/\/tst.axelgo.app\/es-mx\/industrias-inmobiliario\/"]}]},{"@type":"BreadcrumbList","@id":"https:\/\/tst.axelgo.app\/es-mx\/industrias-inmobiliario\/#breadcrumb","itemListElement":[{"@type":"ListItem","position":1,"name":"Home","item":"https:\/\/www.axelgo.app\/es-mx\/"},{"@type":"ListItem","position":2,"name":"Gesti\u00f3n de Documentos Inmobiliarios y Compartici\u00f3n Segura de Archivos"}]},{"@type":"WebSite","@id":"https:\/\/tst.axelgo.app\/es-mx\/#website","url":"https:\/\/tst.axelgo.app\/es-mx\/","name":"Axel Go","description":"Encrypted File Storage and Sharing App","publisher":{"@id":"https:\/\/tst.axelgo.app\/es-mx\/#organization"},"potentialAction":[{"@type":"SearchAction","target":{"@type":"EntryPoint","urlTemplate":"https:\/\/tst.axelgo.app\/es-mx\/?s={search_term_string}"},"query-input":"required name=search_term_string"}],"inLanguage":"es-MX"},{"@type":"Organization","@id":"https:\/\/tst.axelgo.app\/es-mx\/#organization","name":"AxelGo","url":"https:\/\/tst.axelgo.app\/es-mx\/","logo":{"@type":"ImageObject","inLanguage":"es-MX","@id":"https:\/\/tst.axelgo.app\/es-mx\/#\/schema\/logo\/image\/","url":"https:\/\/tst.axelgo.app\/wp-content\/uploads\/2019\/12\/blue.png","contentUrl":"https:\/\/tst.axelgo.app\/wp-content\/uploads\/2019\/12\/blue.png","width":552,"height":120,"caption":"AxelGo"},"image":{"@id":"https:\/\/tst.axelgo.app\/es-mx\/#\/schema\/logo\/image\/"},"sameAs":["https:\/\/www.facebook.com\/AxelUnlimited\/","https:\/\/twitter.com\/axelglobal","https:\/\/www.instagram.com\/axelunlimited\/","https:\/\/www.linkedin.com\/company\/axelunlimited\/"]}]}},"_links":{"self":[{"href":"https:\/\/tst.axelgo.app\/es-mx\/wp-json\/wp\/v2\/pages\/71307"}],"collection":[{"href":"https:\/\/tst.axelgo.app\/es-mx\/wp-json\/wp\/v2\/pages"}],"about":[{"href":"https:\/\/tst.axelgo.app\/es-mx\/wp-json\/wp\/v2\/types\/page"}],"author":[{"embeddable":true,"href":"https:\/\/tst.axelgo.app\/es-mx\/wp-json\/wp\/v2\/users\/52"}],"replies":[{"embeddable":true,"href":"https:\/\/tst.axelgo.app\/es-mx\/wp-json\/wp\/v2\/comments?post=71307"}],"version-history":[{"count":1,"href":"https:\/\/tst.axelgo.app\/es-mx\/wp-json\/wp\/v2\/pages\/71307\/revisions"}],"predecessor-version":[{"id":71308,"href":"https:\/\/tst.axelgo.app\/es-mx\/wp-json\/wp\/v2\/pages\/71307\/revisions\/71308"}],"wp:attachment":[{"href":"https:\/\/tst.axelgo.app\/es-mx\/wp-json\/wp\/v2\/media?parent=71307"}],"curies":[{"name":"wp","href":"https:\/\/api.w.org\/{rel}","templated":true}]}}