{"id":71305,"date":"2023-05-08T23:11:52","date_gmt":"2023-05-08T23:11:52","guid":{"rendered":"https:\/\/www.axelgo.app\/gestion-de-documentos-gubernamentales-y-almacenamiento-en-la-nube\/"},"modified":"2023-05-17T07:40:38","modified_gmt":"2023-05-17T07:40:38","slug":"industrias-gobierno","status":"publish","type":"page","link":"https:\/\/tst.axelgo.app\/es-mx\/industrias-gobierno\/","title":{"rendered":"Gesti\u00f3n de Documentos Gubernamentales y Almacenamiento en la Nube"},"content":{"rendered":"\t\t<div data-elementor-type=\"wp-post\" data-elementor-id=\"71305\" class=\"elementor elementor-71305 elementor-71190\" data-elementor-post-type=\"page\">\n\t\t\t\t\t\t\t\t\t<section class=\"elementor-section elementor-top-section elementor-element elementor-element-1797417 elementor-section-boxed elementor-section-height-default elementor-section-height-default wpr-particle-no wpr-jarallax-no wpr-parallax-no wpr-sticky-section-no\" data-id=\"1797417\" data-element_type=\"section\" data-settings=\"{&quot;background_background&quot;:&quot;classic&quot;}\">\n\t\t\t\t\t\t<div class=\"elementor-container elementor-column-gap-default\">\n\t\t\t\t\t<div class=\"elementor-column elementor-col-100 elementor-top-column elementor-element elementor-element-ba6741d\" data-id=\"ba6741d\" data-element_type=\"column\">\n\t\t\t<div class=\"elementor-widget-wrap elementor-element-populated\">\n\t\t\t\t\t\t\t\t<div class=\"elementor-element elementor-element-de2e028 elementor-widget elementor-widget-elementskit-heading\" data-id=\"de2e028\" data-element_type=\"widget\" data-settings=\"{&quot;ekit_we_effect_on&quot;:&quot;none&quot;}\" data-widget_type=\"elementskit-heading.default\">\n\t\t\t\t<div class=\"elementor-widget-container\">\n\t\t\t<div class=\"ekit-wid-con\" ><div class=\"ekit-heading elementskit-section-title-wraper text_center   ekit_heading_tablet-   ekit_heading_mobile-\"><h2 class=\"ekit-heading--title elementskit-section-title \">Industrias<\/h2><\/div><\/div>\t\t<\/div>\n\t\t\t\t<\/div>\n\t\t\t\t\t<\/div>\n\t\t<\/div>\n\t\t\t\t\t\t\t<\/div>\n\t\t<\/section>\n\t\t\t\t<section class=\"elementor-section elementor-top-section elementor-element elementor-element-2115073 elementor-section-boxed elementor-section-height-default elementor-section-height-default wpr-particle-no wpr-jarallax-no wpr-parallax-no wpr-sticky-section-no\" data-id=\"2115073\" data-element_type=\"section\">\n\t\t\t\t\t\t<div class=\"elementor-container elementor-column-gap-default\">\n\t\t\t\t\t<div class=\"elementor-column elementor-col-100 elementor-top-column elementor-element elementor-element-c46bfee\" data-id=\"c46bfee\" data-element_type=\"column\">\n\t\t\t<div class=\"elementor-widget-wrap\">\n\t\t\t\t\t\t\t\t\t<\/div>\n\t\t<\/div>\n\t\t\t\t\t\t\t<\/div>\n\t\t<\/section>\n\t\t\t\t<section class=\"elementor-section elementor-top-section elementor-element elementor-element-3e82b03a elementor-section-boxed elementor-section-height-default elementor-section-height-default wpr-particle-no wpr-jarallax-no wpr-parallax-no wpr-sticky-section-no\" data-id=\"3e82b03a\" data-element_type=\"section\">\n\t\t\t\t\t\t<div class=\"elementor-container elementor-column-gap-default\">\n\t\t\t\t\t<div class=\"elementor-column elementor-col-100 elementor-top-column elementor-element elementor-element-78ba31e\" data-id=\"78ba31e\" data-element_type=\"column\">\n\t\t\t<div class=\"elementor-widget-wrap elementor-element-populated\">\n\t\t\t\t\t\t\t\t<div class=\"elementor-element elementor-element-6963b79a elementor-widget-divider--view-line elementor-widget elementor-widget-divider\" data-id=\"6963b79a\" data-element_type=\"widget\" data-settings=\"{&quot;ekit_we_effect_on&quot;:&quot;none&quot;}\" data-widget_type=\"divider.default\">\n\t\t\t\t<div class=\"elementor-widget-container\">\n\t\t\t\t\t<div class=\"elementor-divider\">\n\t\t\t<span class=\"elementor-divider-separator\">\n\t\t\t\t\t\t<\/span>\n\t\t<\/div>\n\t\t\t\t<\/div>\n\t\t\t\t<\/div>\n\t\t\t\t<section class=\"elementor-section elementor-inner-section elementor-element elementor-element-4d183c0c elementor-section-boxed elementor-section-height-default elementor-section-height-default wpr-particle-no wpr-jarallax-no wpr-parallax-no wpr-sticky-section-no\" data-id=\"4d183c0c\" data-element_type=\"section\">\n\t\t\t\t\t\t<div class=\"elementor-container elementor-column-gap-default\">\n\t\t\t\t\t<div class=\"elementor-column elementor-col-50 elementor-inner-column elementor-element elementor-element-7f5060e4\" data-id=\"7f5060e4\" data-element_type=\"column\">\n\t\t\t<div class=\"elementor-widget-wrap elementor-element-populated\">\n\t\t\t\t\t\t\t\t<div class=\"elementor-element elementor-element-656e20d elementor-widget elementor-widget-image\" data-id=\"656e20d\" data-element_type=\"widget\" data-settings=\"{&quot;ekit_we_effect_on&quot;:&quot;none&quot;}\" data-widget_type=\"image.default\">\n\t\t\t\t<div class=\"elementor-widget-container\">\n\t\t\t\t\t\t\t\t\t\t\t\t\t\t\t<img decoding=\"async\" src=\"https:\/\/tst.axelgo.app\/wp-content\/uploads\/2023\/05\/Government-Header-Image.png\" title=\"\" alt=\"\" loading=\"lazy\" \/>\t\t\t\t\t\t\t\t\t\t\t\t\t\t\t<\/div>\n\t\t\t\t<\/div>\n\t\t\t\t\t<\/div>\n\t\t<\/div>\n\t\t\t\t<div class=\"elementor-column elementor-col-50 elementor-inner-column elementor-element elementor-element-1c58f05\" data-id=\"1c58f05\" data-element_type=\"column\">\n\t\t\t<div class=\"elementor-widget-wrap elementor-element-populated\">\n\t\t\t\t\t\t\t\t<div class=\"elementor-element elementor-element-1b711a2 elementor-widget elementor-widget-heading\" data-id=\"1b711a2\" data-element_type=\"widget\" data-settings=\"{&quot;ekit_we_effect_on&quot;:&quot;none&quot;}\" data-widget_type=\"heading.default\">\n\t\t\t\t<div class=\"elementor-widget-container\">\n\t\t\t<h3 class=\"elementor-heading-title elementor-size-default\">Gesti\u00f3n de Documentos Gubernamentales y Almacenamiento en la Nube<\/h3>\t\t<\/div>\n\t\t\t\t<\/div>\n\t\t\t\t<div class=\"elementor-element elementor-element-13e8a9d6 elementor-widget elementor-widget-text-editor\" data-id=\"13e8a9d6\" data-element_type=\"widget\" data-settings=\"{&quot;ekit_we_effect_on&quot;:&quot;none&quot;}\" data-widget_type=\"text-editor.default\">\n\t\t\t\t<div class=\"elementor-widget-container\">\n\t\t\t\t\t\t\t<p>Brinde a su equipo acceso a encriptaci\u00f3n de primer nivel, funciones de seguridad totalmente personalizables y seguridad que cumple con las normas gubernamentales desde cualquier parte del mundo. Conecte departamentos, agencias y ciudadanos distantes entre s\u00ed con el uso compartido basado en enlaces totalmente encriptado.<\/p>\n<p>AXEL Go proporciona una colaboraci\u00f3n fluida simple y segura de forma m\u00e1s r\u00e1pida y segura que la competencia. El trabajo de campo, la gesti\u00f3n de proyectos complejos y la comunicaci\u00f3n entre la agencia y el ciudadano pueden realizarse a la velocidad de un solo clic.<\/p>\n<p>El cifrado de extremo a extremo protege a los usuarios en ambos extremos de la transmisi\u00f3n con protocolos de seguridad de vanguardia, servidores descentralizados respaldados por blockchain y la promesa de no vender nunca los datos de nadie a las grandes tecnol\u00f3gicas.<\/p>\n\t\t\t\t\t\t<\/div>\n\t\t\t\t<\/div>\n\t\t\t\t<div class=\"elementor-element elementor-element-a5becf7 elementor-widget elementor-widget-elementskit-creative-button\" data-id=\"a5becf7\" data-element_type=\"widget\" data-settings=\"{&quot;ekit_we_effect_on&quot;:&quot;none&quot;}\" data-widget_type=\"elementskit-creative-button.default\">\n\t\t\t\t<div class=\"elementor-widget-container\">\n\t\t\t<div class=\"ekit-wid-con\" >\t\t<div class=\"ekit-btn-wraper\">\n\t\t\t\t\t\t\t\t<a href=\"https:\/\/go.axel.network\/signup\" target=\"_blank\" data-text=\"\" class=\"ekit_creative_button ekit_position_aware \" >\n\n\t\t\t\t\t\t\n\t\t\t\t\t\t<span class=\"ekit_creative_button_text\">Pruebe Ahora<\/span>\n\n\t\t\t\t\t\t\t\t\t\t\t\t\t<i aria-hidden=\"true\" class=\"ekit_creative_button_icon_after icon icon-right-arrow\"><\/i>\n\t\t\t\t\t\t\n\t\t\t\t\t\t<span class='ekit_position_aware_bg'><\/span>\t\t\t\t\t<\/a>\n\t\t\t\t\t\t<\/div>\n        <\/div>\t\t<\/div>\n\t\t\t\t<\/div>\n\t\t\t\t\t<\/div>\n\t\t<\/div>\n\t\t\t\t\t\t\t<\/div>\n\t\t<\/section>\n\t\t\t\t<section class=\"elementor-section elementor-inner-section elementor-element elementor-element-4e8bcf5 elementor-section-boxed elementor-section-height-default elementor-section-height-default wpr-particle-no wpr-jarallax-no wpr-parallax-no wpr-sticky-section-no\" data-id=\"4e8bcf5\" data-element_type=\"section\">\n\t\t\t\t\t\t<div class=\"elementor-container elementor-column-gap-default\">\n\t\t\t\t\t<div class=\"elementor-column elementor-col-33 elementor-inner-column elementor-element elementor-element-70ec347\" data-id=\"70ec347\" data-element_type=\"column\">\n\t\t\t<div class=\"elementor-widget-wrap elementor-element-populated\">\n\t\t\t\t\t\t\t\t<div class=\"elementor-element elementor-element-e365cce elementor-widget elementor-widget-image\" data-id=\"e365cce\" data-element_type=\"widget\" data-settings=\"{&quot;ekit_we_effect_on&quot;:&quot;none&quot;}\" data-widget_type=\"image.default\">\n\t\t\t\t<div class=\"elementor-widget-container\">\n\t\t\t\t\t\t\t\t\t\t\t\t\t\t\t<img fetchpriority=\"high\" decoding=\"async\" width=\"1500\" height=\"1500\" src=\"https:\/\/tst.axelgo.app\/wp-content\/uploads\/2023\/05\/military-people-5x5-1.png\" class=\"attachment-full size-full wp-image-71261\" alt=\"\" srcset=\"https:\/\/tst.axelgo.app\/wp-content\/uploads\/2023\/05\/military-people-5x5-1.png 1500w, https:\/\/tst.axelgo.app\/wp-content\/uploads\/2023\/05\/military-people-5x5-1-300x300.png 300w, https:\/\/tst.axelgo.app\/wp-content\/uploads\/2023\/05\/military-people-5x5-1-1024x1024.png 1024w, https:\/\/tst.axelgo.app\/wp-content\/uploads\/2023\/05\/military-people-5x5-1-150x150.png 150w, https:\/\/tst.axelgo.app\/wp-content\/uploads\/2023\/05\/military-people-5x5-1-768x768.png 768w\" sizes=\"(max-width: 1500px) 100vw, 1500px\" \/>\t\t\t\t\t\t\t\t\t\t\t\t\t\t\t<\/div>\n\t\t\t\t<\/div>\n\t\t\t\t<div class=\"elementor-element elementor-element-8030282 elementor-widget elementor-widget-text-editor\" data-id=\"8030282\" data-element_type=\"widget\" data-settings=\"{&quot;ekit_we_effect_on&quot;:&quot;none&quot;}\" data-widget_type=\"text-editor.default\">\n\t\t\t\t<div class=\"elementor-widget-container\">\n\t\t\t\t\t\t\t<p><strong>Almacenamiento seguro en la nube para todos los niveles de gobierno<\/strong><\/p>\n<p>AXEL Go est\u00e1 dise\u00f1ado para mantener a su comunidad en movimiento. Hemos simplificado el proceso de compartici\u00f3n de archivos sin sacrificar un solo byte de seguridad. Agencias federales, gobiernos locales y todo lo dem\u00e1s pueden poner en marcha sus proyectos en un instante con nuestro almacenamiento en la nube y nuestro intuitivo dise\u00f1o UX.<\/p>\n\t\t\t\t\t\t<\/div>\n\t\t\t\t<\/div>\n\t\t\t\t\t<\/div>\n\t\t<\/div>\n\t\t\t\t<div class=\"elementor-column elementor-col-33 elementor-inner-column elementor-element elementor-element-a285993\" data-id=\"a285993\" data-element_type=\"column\">\n\t\t\t<div class=\"elementor-widget-wrap elementor-element-populated\">\n\t\t\t\t\t\t\t\t<div class=\"elementor-element elementor-element-3342652 elementor-widget elementor-widget-image\" data-id=\"3342652\" data-element_type=\"widget\" data-settings=\"{&quot;ekit_we_effect_on&quot;:&quot;none&quot;}\" data-widget_type=\"image.default\">\n\t\t\t\t<div class=\"elementor-widget-container\">\n\t\t\t\t\t\t\t\t\t\t\t\t\t\t\t<img decoding=\"async\" width=\"1500\" height=\"1500\" src=\"https:\/\/tst.axelgo.app\/wp-content\/uploads\/2023\/05\/Everything-you-need-to-keep-your-documents-secure-5x5-1.png\" class=\"attachment-full size-full wp-image-71264\" alt=\"\" srcset=\"https:\/\/tst.axelgo.app\/wp-content\/uploads\/2023\/05\/Everything-you-need-to-keep-your-documents-secure-5x5-1.png 1500w, https:\/\/tst.axelgo.app\/wp-content\/uploads\/2023\/05\/Everything-you-need-to-keep-your-documents-secure-5x5-1-300x300.png 300w, https:\/\/tst.axelgo.app\/wp-content\/uploads\/2023\/05\/Everything-you-need-to-keep-your-documents-secure-5x5-1-1024x1024.png 1024w, https:\/\/tst.axelgo.app\/wp-content\/uploads\/2023\/05\/Everything-you-need-to-keep-your-documents-secure-5x5-1-150x150.png 150w, https:\/\/tst.axelgo.app\/wp-content\/uploads\/2023\/05\/Everything-you-need-to-keep-your-documents-secure-5x5-1-768x768.png 768w\" sizes=\"(max-width: 1500px) 100vw, 1500px\" \/>\t\t\t\t\t\t\t\t\t\t\t\t\t\t\t<\/div>\n\t\t\t\t<\/div>\n\t\t\t\t<div class=\"elementor-element elementor-element-f725eb7 elementor-widget elementor-widget-text-editor\" data-id=\"f725eb7\" data-element_type=\"widget\" data-settings=\"{&quot;ekit_we_effect_on&quot;:&quot;none&quot;}\" data-widget_type=\"text-editor.default\">\n\t\t\t\t<div class=\"elementor-widget-container\">\n\t\t\t\t\t\t\t<p><strong>Todo lo que necesita para mantener sus documentos seguros<\/strong><\/p>\n<ul>\n<li><strong>Recolecci\u00f3n Segura<\/strong>: solicite y reciba cualquier archivo de cualquier tama\u00f1o con un protocolo de uso compartido simple e intuitivo basado en enlaces. Personalice el destino final del archivo, proteja con contrase\u00f1a el recurso compartido y reciba documentos en un instante. Recolecci\u00f3n Segura est\u00e1 protegida con cifrado de extremo a extremo y el destinatario de la solicitud ni siquiera necesita una cuenta.<\/li>\n<li><strong>Aplicaci\u00f3n en el navegador<\/strong>: la facilidad de acceso es una de las mayores barreras para utilizar los servicios gubernamentales. AXEL Go brinda una experiencia de usuario simple y segura sin importar la potencia computacional del dispositivo o el nivel de alfabetizaci\u00f3n tecnol\u00f3gica del usuario. Aproveche la seguridad de vanguardia sin tener que descargar nada<\/li>\n<li><strong>Cifrado de extremo a extremo<\/strong>: los renovados esfuerzos de seguridad cibern\u00e9tica del gobierno han aumentado recientemente los est\u00e1ndares de seguridad digital. Con el cifrado AES de 256 bits de AXEL Go, tanto los ciudadanos como los empleados del gobierno pueden mantener un alto nivel de seguridad con un m\u00ednimo esfuerzo.<\/li>\n<\/ul>\n\t\t\t\t\t\t<\/div>\n\t\t\t\t<\/div>\n\t\t\t\t\t<\/div>\n\t\t<\/div>\n\t\t\t\t<div class=\"elementor-column elementor-col-33 elementor-inner-column elementor-element elementor-element-adc6fcd\" data-id=\"adc6fcd\" data-element_type=\"column\">\n\t\t\t<div class=\"elementor-widget-wrap elementor-element-populated\">\n\t\t\t\t\t\t\t\t<div class=\"elementor-element elementor-element-014b0ca elementor-widget elementor-widget-image\" data-id=\"014b0ca\" data-element_type=\"widget\" data-settings=\"{&quot;ekit_we_effect_on&quot;:&quot;none&quot;}\" data-widget_type=\"image.default\">\n\t\t\t\t<div class=\"elementor-widget-container\">\n\t\t\t\t\t\t\t\t\t\t\t\t\t\t\t<img decoding=\"async\" width=\"500\" height=\"500\" src=\"https:\/\/tst.axelgo.app\/wp-content\/uploads\/2023\/05\/Streamline-information-management-for-your-government-needs-1.png\" class=\"attachment-full size-full wp-image-71268\" alt=\"\" srcset=\"https:\/\/tst.axelgo.app\/wp-content\/uploads\/2023\/05\/Streamline-information-management-for-your-government-needs-1.png 500w, https:\/\/tst.axelgo.app\/wp-content\/uploads\/2023\/05\/Streamline-information-management-for-your-government-needs-1-300x300.png 300w, https:\/\/tst.axelgo.app\/wp-content\/uploads\/2023\/05\/Streamline-information-management-for-your-government-needs-1-150x150.png 150w\" sizes=\"(max-width: 500px) 100vw, 500px\" \/>\t\t\t\t\t\t\t\t\t\t\t\t\t\t\t<\/div>\n\t\t\t\t<\/div>\n\t\t\t\t<div class=\"elementor-element elementor-element-77eebbb elementor-widget elementor-widget-text-editor\" data-id=\"77eebbb\" data-element_type=\"widget\" data-settings=\"{&quot;ekit_we_effect_on&quot;:&quot;none&quot;}\" data-widget_type=\"text-editor.default\">\n\t\t\t\t<div class=\"elementor-widget-container\">\n\t\t\t\t\t\t\t<p><strong>Optimice la gesti\u00f3n de la informaci\u00f3n para las necesidades de su gobierno<\/strong><\/p>\n<p>AXEL Go est\u00e1 construido por la gente para proteger a la gente. Creemos en proteger los datos de todos de cualquier tipo de mal actor.<\/p>\n<p>Pruebe AXEL Go gratis hoy para ver c\u00f3mo puede empoderar a su agencia gubernamental.<\/p>\n\t\t\t\t\t\t<\/div>\n\t\t\t\t<\/div>\n\t\t\t\t\t<\/div>\n\t\t<\/div>\n\t\t\t\t\t\t\t<\/div>\n\t\t<\/section>\n\t\t\t\t\t<\/div>\n\t\t<\/div>\n\t\t\t\t\t\t\t<\/div>\n\t\t<\/section>\n\t\t\t\t\t\t\t<\/div>\n\t\t","protected":false},"excerpt":{"rendered":"<p>Industrias Gesti\u00f3n de Documentos Gubernamentales y Almacenamiento en la Nube Brinde a su equipo acceso a encriptaci\u00f3n de primer nivel, funciones de seguridad totalmente personalizables y seguridad que cumple con las normas gubernamentales desde cualquier parte del mundo. Conecte departamentos, agencias y ciudadanos distantes entre s\u00ed con el uso compartido basado en enlaces totalmente encriptado. [&hellip;]<\/p>\n","protected":false},"author":52,"featured_media":0,"parent":0,"menu_order":0,"comment_status":"closed","ping_status":"closed","template":"elementor_header_footer","meta":[],"yoast_head":"<!-- This site is optimized with the Yoast SEO plugin v20.8 - https:\/\/yoast.com\/wordpress\/plugins\/seo\/ -->\n<title>Gesti\u00f3n de Documentos Gubernamentales y Almacenamiento en la Nube<\/title>\n<meta name=\"description\" content=\"Los gobiernos de cualquier nivel requieren soluciones seguras de almacenamiento en la nube para el gobierno. Descubra las soluciones de gesti\u00f3n de documentos gubernamentales de AXEL Go para datos confidenciales.\" \/>\n<meta name=\"robots\" content=\"noindex, follow, max-snippet:-1, max-image-preview:large, max-video-preview:-1\" \/>\n<meta property=\"og:locale\" content=\"es_MX\" \/>\n<meta property=\"og:type\" content=\"article\" \/>\n<meta property=\"og:title\" content=\"Gesti\u00f3n de Documentos Gubernamentales y Almacenamiento en la Nube\" \/>\n<meta property=\"og:description\" content=\"Los gobiernos de cualquier nivel requieren soluciones seguras de almacenamiento en la nube para el gobierno. Descubra las soluciones de gesti\u00f3n de documentos gubernamentales de AXEL Go para datos confidenciales.\" \/>\n<meta property=\"og:url\" content=\"https:\/\/tst.axelgo.app\/es-mx\/industrias-gobierno\/\" \/>\n<meta property=\"og:site_name\" content=\"AxelGo\" \/>\n<meta property=\"article:publisher\" content=\"https:\/\/www.facebook.com\/AxelUnlimited\/\" \/>\n<meta property=\"article:modified_time\" content=\"2023-05-17T07:40:38+00:00\" \/>\n<meta property=\"og:image\" content=\"https:\/\/tst.axelgo.app\/wp-content\/uploads\/2021\/01\/axel-favicon-512px-300x300.png\" \/>\n<meta name=\"twitter:card\" content=\"summary_large_image\" \/>\n<meta name=\"twitter:site\" content=\"@axelglobal\" \/>\n<meta name=\"twitter:label1\" content=\"Tiempo de lectura\" \/>\n\t<meta name=\"twitter:data1\" content=\"2 minutos\" \/>\n<script type=\"application\/ld+json\" class=\"yoast-schema-graph\">{\"@context\":\"https:\/\/schema.org\",\"@graph\":[{\"@type\":\"WebPage\",\"@id\":\"https:\/\/tst.axelgo.app\/es-mx\/industrias-gobierno\/\",\"url\":\"https:\/\/tst.axelgo.app\/es-mx\/industrias-gobierno\/\",\"name\":\"Gesti\u00f3n de Documentos Gubernamentales y Almacenamiento en la Nube\",\"isPartOf\":{\"@id\":\"https:\/\/tst.axelgo.app\/es-mx\/#website\"},\"datePublished\":\"2023-05-08T23:11:52+00:00\",\"dateModified\":\"2023-05-17T07:40:38+00:00\",\"description\":\"Los gobiernos de cualquier nivel requieren soluciones seguras de almacenamiento en la nube para el gobierno. Descubra las soluciones de gesti\u00f3n de documentos gubernamentales de AXEL Go para datos confidenciales.\",\"breadcrumb\":{\"@id\":\"https:\/\/tst.axelgo.app\/es-mx\/industrias-gobierno\/#breadcrumb\"},\"inLanguage\":\"es-MX\",\"potentialAction\":[{\"@type\":\"ReadAction\",\"target\":[\"https:\/\/tst.axelgo.app\/es-mx\/industrias-gobierno\/\"]}]},{\"@type\":\"BreadcrumbList\",\"@id\":\"https:\/\/tst.axelgo.app\/es-mx\/industrias-gobierno\/#breadcrumb\",\"itemListElement\":[{\"@type\":\"ListItem\",\"position\":1,\"name\":\"Home\",\"item\":\"https:\/\/www.axelgo.app\/es-mx\/\"},{\"@type\":\"ListItem\",\"position\":2,\"name\":\"Gesti\u00f3n de Documentos Gubernamentales y Almacenamiento en la Nube\"}]},{\"@type\":\"WebSite\",\"@id\":\"https:\/\/tst.axelgo.app\/es-mx\/#website\",\"url\":\"https:\/\/tst.axelgo.app\/es-mx\/\",\"name\":\"Axel Go\",\"description\":\"Encrypted File Storage and Sharing App\",\"publisher\":{\"@id\":\"https:\/\/tst.axelgo.app\/es-mx\/#organization\"},\"potentialAction\":[{\"@type\":\"SearchAction\",\"target\":{\"@type\":\"EntryPoint\",\"urlTemplate\":\"https:\/\/tst.axelgo.app\/es-mx\/?s={search_term_string}\"},\"query-input\":\"required name=search_term_string\"}],\"inLanguage\":\"es-MX\"},{\"@type\":\"Organization\",\"@id\":\"https:\/\/tst.axelgo.app\/es-mx\/#organization\",\"name\":\"AxelGo\",\"url\":\"https:\/\/tst.axelgo.app\/es-mx\/\",\"logo\":{\"@type\":\"ImageObject\",\"inLanguage\":\"es-MX\",\"@id\":\"https:\/\/tst.axelgo.app\/es-mx\/#\/schema\/logo\/image\/\",\"url\":\"https:\/\/tst.axelgo.app\/wp-content\/uploads\/2019\/12\/blue.png\",\"contentUrl\":\"https:\/\/tst.axelgo.app\/wp-content\/uploads\/2019\/12\/blue.png\",\"width\":552,\"height\":120,\"caption\":\"AxelGo\"},\"image\":{\"@id\":\"https:\/\/tst.axelgo.app\/es-mx\/#\/schema\/logo\/image\/\"},\"sameAs\":[\"https:\/\/www.facebook.com\/AxelUnlimited\/\",\"https:\/\/twitter.com\/axelglobal\",\"https:\/\/www.instagram.com\/axelunlimited\/\",\"https:\/\/www.linkedin.com\/company\/axelunlimited\/\"]}]}<\/script>\n<!-- \/ Yoast SEO plugin. -->","yoast_head_json":{"title":"Gesti\u00f3n de Documentos Gubernamentales y Almacenamiento en la Nube","description":"Los gobiernos de cualquier nivel requieren soluciones seguras de almacenamiento en la nube para el gobierno. Descubra las soluciones de gesti\u00f3n de documentos gubernamentales de AXEL Go para datos confidenciales.","robots":{"index":"noindex","follow":"follow","max-snippet":"max-snippet:-1","max-image-preview":"max-image-preview:large","max-video-preview":"max-video-preview:-1"},"og_locale":"es_MX","og_type":"article","og_title":"Gesti\u00f3n de Documentos Gubernamentales y Almacenamiento en la Nube","og_description":"Los gobiernos de cualquier nivel requieren soluciones seguras de almacenamiento en la nube para el gobierno. Descubra las soluciones de gesti\u00f3n de documentos gubernamentales de AXEL Go para datos confidenciales.","og_url":"https:\/\/tst.axelgo.app\/es-mx\/industrias-gobierno\/","og_site_name":"AxelGo","article_publisher":"https:\/\/www.facebook.com\/AxelUnlimited\/","article_modified_time":"2023-05-17T07:40:38+00:00","og_image":[{"url":"https:\/\/tst.axelgo.app\/wp-content\/uploads\/2021\/01\/axel-favicon-512px-300x300.png"}],"twitter_card":"summary_large_image","twitter_site":"@axelglobal","twitter_misc":{"Tiempo de lectura":"2 minutos"},"schema":{"@context":"https:\/\/schema.org","@graph":[{"@type":"WebPage","@id":"https:\/\/tst.axelgo.app\/es-mx\/industrias-gobierno\/","url":"https:\/\/tst.axelgo.app\/es-mx\/industrias-gobierno\/","name":"Gesti\u00f3n de Documentos Gubernamentales y Almacenamiento en la Nube","isPartOf":{"@id":"https:\/\/tst.axelgo.app\/es-mx\/#website"},"datePublished":"2023-05-08T23:11:52+00:00","dateModified":"2023-05-17T07:40:38+00:00","description":"Los gobiernos de cualquier nivel requieren soluciones seguras de almacenamiento en la nube para el gobierno. Descubra las soluciones de gesti\u00f3n de documentos gubernamentales de AXEL Go para datos confidenciales.","breadcrumb":{"@id":"https:\/\/tst.axelgo.app\/es-mx\/industrias-gobierno\/#breadcrumb"},"inLanguage":"es-MX","potentialAction":[{"@type":"ReadAction","target":["https:\/\/tst.axelgo.app\/es-mx\/industrias-gobierno\/"]}]},{"@type":"BreadcrumbList","@id":"https:\/\/tst.axelgo.app\/es-mx\/industrias-gobierno\/#breadcrumb","itemListElement":[{"@type":"ListItem","position":1,"name":"Home","item":"https:\/\/www.axelgo.app\/es-mx\/"},{"@type":"ListItem","position":2,"name":"Gesti\u00f3n de Documentos Gubernamentales y Almacenamiento en la Nube"}]},{"@type":"WebSite","@id":"https:\/\/tst.axelgo.app\/es-mx\/#website","url":"https:\/\/tst.axelgo.app\/es-mx\/","name":"Axel Go","description":"Encrypted File Storage and Sharing App","publisher":{"@id":"https:\/\/tst.axelgo.app\/es-mx\/#organization"},"potentialAction":[{"@type":"SearchAction","target":{"@type":"EntryPoint","urlTemplate":"https:\/\/tst.axelgo.app\/es-mx\/?s={search_term_string}"},"query-input":"required name=search_term_string"}],"inLanguage":"es-MX"},{"@type":"Organization","@id":"https:\/\/tst.axelgo.app\/es-mx\/#organization","name":"AxelGo","url":"https:\/\/tst.axelgo.app\/es-mx\/","logo":{"@type":"ImageObject","inLanguage":"es-MX","@id":"https:\/\/tst.axelgo.app\/es-mx\/#\/schema\/logo\/image\/","url":"https:\/\/tst.axelgo.app\/wp-content\/uploads\/2019\/12\/blue.png","contentUrl":"https:\/\/tst.axelgo.app\/wp-content\/uploads\/2019\/12\/blue.png","width":552,"height":120,"caption":"AxelGo"},"image":{"@id":"https:\/\/tst.axelgo.app\/es-mx\/#\/schema\/logo\/image\/"},"sameAs":["https:\/\/www.facebook.com\/AxelUnlimited\/","https:\/\/twitter.com\/axelglobal","https:\/\/www.instagram.com\/axelunlimited\/","https:\/\/www.linkedin.com\/company\/axelunlimited\/"]}]}},"_links":{"self":[{"href":"https:\/\/tst.axelgo.app\/es-mx\/wp-json\/wp\/v2\/pages\/71305"}],"collection":[{"href":"https:\/\/tst.axelgo.app\/es-mx\/wp-json\/wp\/v2\/pages"}],"about":[{"href":"https:\/\/tst.axelgo.app\/es-mx\/wp-json\/wp\/v2\/types\/page"}],"author":[{"embeddable":true,"href":"https:\/\/tst.axelgo.app\/es-mx\/wp-json\/wp\/v2\/users\/52"}],"replies":[{"embeddable":true,"href":"https:\/\/tst.axelgo.app\/es-mx\/wp-json\/wp\/v2\/comments?post=71305"}],"version-history":[{"count":1,"href":"https:\/\/tst.axelgo.app\/es-mx\/wp-json\/wp\/v2\/pages\/71305\/revisions"}],"predecessor-version":[{"id":71306,"href":"https:\/\/tst.axelgo.app\/es-mx\/wp-json\/wp\/v2\/pages\/71305\/revisions\/71306"}],"wp:attachment":[{"href":"https:\/\/tst.axelgo.app\/es-mx\/wp-json\/wp\/v2\/media?parent=71305"}],"curies":[{"name":"wp","href":"https:\/\/api.w.org\/{rel}","templated":true}]}}