{"id":71299,"date":"2023-05-08T22:19:57","date_gmt":"2023-05-08T22:19:57","guid":{"rendered":"https:\/\/www.axelgo.app\/comparticion-segura-de-archivos-financieros-para-los-sectores-financiero-y-bancario\/"},"modified":"2023-05-17T07:19:51","modified_gmt":"2023-05-17T07:19:51","slug":"industrias-finanzas","status":"publish","type":"page","link":"https:\/\/tst.axelgo.app\/es-mx\/industrias-finanzas\/","title":{"rendered":"Compartici\u00f3n Segura de Archivos Financieros para los Sectores Financiero y Bancario"},"content":{"rendered":"\t\t<div data-elementor-type=\"wp-post\" data-elementor-id=\"71299\" class=\"elementor elementor-71299 elementor-71189\" data-elementor-post-type=\"page\">\n\t\t\t\t\t\t\t\t\t<section class=\"elementor-section elementor-top-section elementor-element elementor-element-1797417 elementor-section-boxed elementor-section-height-default elementor-section-height-default wpr-particle-no wpr-jarallax-no wpr-parallax-no wpr-sticky-section-no\" data-id=\"1797417\" data-element_type=\"section\" data-settings=\"{&quot;background_background&quot;:&quot;classic&quot;}\">\n\t\t\t\t\t\t<div class=\"elementor-container elementor-column-gap-default\">\n\t\t\t\t\t<div class=\"elementor-column elementor-col-100 elementor-top-column elementor-element elementor-element-ba6741d\" data-id=\"ba6741d\" data-element_type=\"column\">\n\t\t\t<div class=\"elementor-widget-wrap elementor-element-populated\">\n\t\t\t\t\t\t\t\t<div class=\"elementor-element elementor-element-de2e028 elementor-widget elementor-widget-elementskit-heading\" data-id=\"de2e028\" data-element_type=\"widget\" data-settings=\"{&quot;ekit_we_effect_on&quot;:&quot;none&quot;}\" data-widget_type=\"elementskit-heading.default\">\n\t\t\t\t<div class=\"elementor-widget-container\">\n\t\t\t<div class=\"ekit-wid-con\" ><div class=\"ekit-heading elementskit-section-title-wraper text_center   ekit_heading_tablet-   ekit_heading_mobile-\"><h2 class=\"ekit-heading--title elementskit-section-title \">Industrias<\/h2><\/div><\/div>\t\t<\/div>\n\t\t\t\t<\/div>\n\t\t\t\t\t<\/div>\n\t\t<\/div>\n\t\t\t\t\t\t\t<\/div>\n\t\t<\/section>\n\t\t\t\t<section class=\"elementor-section elementor-top-section elementor-element elementor-element-2115073 elementor-section-boxed elementor-section-height-default elementor-section-height-default wpr-particle-no wpr-jarallax-no wpr-parallax-no wpr-sticky-section-no\" data-id=\"2115073\" data-element_type=\"section\">\n\t\t\t\t\t\t<div class=\"elementor-container elementor-column-gap-default\">\n\t\t\t\t\t<div class=\"elementor-column elementor-col-100 elementor-top-column elementor-element elementor-element-c46bfee\" data-id=\"c46bfee\" data-element_type=\"column\">\n\t\t\t<div class=\"elementor-widget-wrap\">\n\t\t\t\t\t\t\t\t\t<\/div>\n\t\t<\/div>\n\t\t\t\t\t\t\t<\/div>\n\t\t<\/section>\n\t\t\t\t<section class=\"elementor-section elementor-top-section elementor-element elementor-element-3e82b03a elementor-section-boxed elementor-section-height-default elementor-section-height-default wpr-particle-no wpr-jarallax-no wpr-parallax-no wpr-sticky-section-no\" data-id=\"3e82b03a\" data-element_type=\"section\">\n\t\t\t\t\t\t<div class=\"elementor-container elementor-column-gap-default\">\n\t\t\t\t\t<div class=\"elementor-column elementor-col-100 elementor-top-column elementor-element elementor-element-78ba31e\" data-id=\"78ba31e\" data-element_type=\"column\">\n\t\t\t<div class=\"elementor-widget-wrap elementor-element-populated\">\n\t\t\t\t\t\t\t\t<div class=\"elementor-element elementor-element-6963b79a elementor-widget-divider--view-line elementor-widget elementor-widget-divider\" data-id=\"6963b79a\" data-element_type=\"widget\" data-settings=\"{&quot;ekit_we_effect_on&quot;:&quot;none&quot;}\" data-widget_type=\"divider.default\">\n\t\t\t\t<div class=\"elementor-widget-container\">\n\t\t\t\t\t<div class=\"elementor-divider\">\n\t\t\t<span class=\"elementor-divider-separator\">\n\t\t\t\t\t\t<\/span>\n\t\t<\/div>\n\t\t\t\t<\/div>\n\t\t\t\t<\/div>\n\t\t\t\t<section class=\"elementor-section elementor-inner-section elementor-element elementor-element-4d183c0c elementor-section-boxed elementor-section-height-default elementor-section-height-default wpr-particle-no wpr-jarallax-no wpr-parallax-no wpr-sticky-section-no\" data-id=\"4d183c0c\" data-element_type=\"section\">\n\t\t\t\t\t\t<div class=\"elementor-container elementor-column-gap-default\">\n\t\t\t\t\t<div class=\"elementor-column elementor-col-50 elementor-inner-column elementor-element elementor-element-7f5060e4\" data-id=\"7f5060e4\" data-element_type=\"column\">\n\t\t\t<div class=\"elementor-widget-wrap elementor-element-populated\">\n\t\t\t\t\t\t\t\t<div class=\"elementor-element elementor-element-656e20d elementor-widget elementor-widget-image\" data-id=\"656e20d\" data-element_type=\"widget\" data-settings=\"{&quot;ekit_we_effect_on&quot;:&quot;none&quot;}\" data-widget_type=\"image.default\">\n\t\t\t\t<div class=\"elementor-widget-container\">\n\t\t\t\t\t\t\t\t\t\t\t\t\t\t\t<img decoding=\"async\" src=\"https:\/\/tst.axelgo.app\/wp-content\/uploads\/2023\/05\/Finance-Header-Image.png\" title=\"\" alt=\"\" loading=\"lazy\" \/>\t\t\t\t\t\t\t\t\t\t\t\t\t\t\t<\/div>\n\t\t\t\t<\/div>\n\t\t\t\t\t<\/div>\n\t\t<\/div>\n\t\t\t\t<div class=\"elementor-column elementor-col-50 elementor-inner-column elementor-element elementor-element-1c58f05\" data-id=\"1c58f05\" data-element_type=\"column\">\n\t\t\t<div class=\"elementor-widget-wrap elementor-element-populated\">\n\t\t\t\t\t\t\t\t<div class=\"elementor-element elementor-element-1b711a2 elementor-widget elementor-widget-heading\" data-id=\"1b711a2\" data-element_type=\"widget\" data-settings=\"{&quot;ekit_we_effect_on&quot;:&quot;none&quot;}\" data-widget_type=\"heading.default\">\n\t\t\t\t<div class=\"elementor-widget-container\">\n\t\t\t<h3 class=\"elementor-heading-title elementor-size-default\">Compartici\u00f3n Segura de Archivos Financieros para los Sectores Financiero y Bancario<\/h3>\t\t<\/div>\n\t\t\t\t<\/div>\n\t\t\t\t<div class=\"elementor-element elementor-element-13e8a9d6 elementor-widget elementor-widget-text-editor\" data-id=\"13e8a9d6\" data-element_type=\"widget\" data-settings=\"{&quot;ekit_we_effect_on&quot;:&quot;none&quot;}\" data-widget_type=\"text-editor.default\">\n\t\t\t\t<div class=\"elementor-widget-container\">\n\t\t\t\t\t\t\t<p>Env\u00ede, comparta, solicite y administre archivos financieros y datos de clientes con una estructura de servidor completamente descentralizada. El cifrado de extremo a extremo significa que su informaci\u00f3n est\u00e1 cifrada tanto en el servidor como en tr\u00e1nsito. Hacemos que la colaboraci\u00f3n sea simple, robusta y totalmente personalizable con una amplia variedad de herramientas. Los enlaces que caducan, la autenticaci\u00f3n de dos factores, la gesti\u00f3n personalizada de archivos y la recolecci\u00f3n segura hacen que el trabajo remoto, h\u00edbrido y local sea seguro y f\u00e1cil.<\/p>\n\t\t\t\t\t\t<\/div>\n\t\t\t\t<\/div>\n\t\t\t\t<div class=\"elementor-element elementor-element-a5becf7 elementor-widget elementor-widget-elementskit-creative-button\" data-id=\"a5becf7\" data-element_type=\"widget\" data-settings=\"{&quot;ekit_we_effect_on&quot;:&quot;none&quot;}\" data-widget_type=\"elementskit-creative-button.default\">\n\t\t\t\t<div class=\"elementor-widget-container\">\n\t\t\t<div class=\"ekit-wid-con\" >\t\t<div class=\"ekit-btn-wraper\">\n\t\t\t\t\t\t\t\t<a href=\"https:\/\/go.axel.network\/signup\" target=\"_blank\" data-text=\"\" class=\"ekit_creative_button ekit_position_aware \" >\n\n\t\t\t\t\t\t\n\t\t\t\t\t\t<span class=\"ekit_creative_button_text\">Pruebe Ahora<\/span>\n\n\t\t\t\t\t\t\t\t\t\t\t\t\t<i aria-hidden=\"true\" class=\"ekit_creative_button_icon_after icon icon-right-arrow\"><\/i>\n\t\t\t\t\t\t\n\t\t\t\t\t\t<span class='ekit_position_aware_bg'><\/span>\t\t\t\t\t<\/a>\n\t\t\t\t\t\t<\/div>\n        <\/div>\t\t<\/div>\n\t\t\t\t<\/div>\n\t\t\t\t\t<\/div>\n\t\t<\/div>\n\t\t\t\t\t\t\t<\/div>\n\t\t<\/section>\n\t\t\t\t<section class=\"elementor-section elementor-inner-section elementor-element elementor-element-4e8bcf5 elementor-section-boxed elementor-section-height-default elementor-section-height-default wpr-particle-no wpr-jarallax-no wpr-parallax-no wpr-sticky-section-no\" data-id=\"4e8bcf5\" data-element_type=\"section\">\n\t\t\t\t\t\t<div class=\"elementor-container elementor-column-gap-default\">\n\t\t\t\t\t<div class=\"elementor-column elementor-col-50 elementor-inner-column elementor-element elementor-element-70ec347\" data-id=\"70ec347\" data-element_type=\"column\">\n\t\t\t<div class=\"elementor-widget-wrap elementor-element-populated\">\n\t\t\t\t\t\t\t\t<div class=\"elementor-element elementor-element-e365cce elementor-widget elementor-widget-image\" data-id=\"e365cce\" data-element_type=\"widget\" data-settings=\"{&quot;ekit_we_effect_on&quot;:&quot;none&quot;}\" data-widget_type=\"image.default\">\n\t\t\t\t<div class=\"elementor-widget-container\">\n\t\t\t\t\t\t\t\t\t\t\t\t\t\t\t<img fetchpriority=\"high\" decoding=\"async\" width=\"1500\" height=\"1500\" src=\"https:\/\/tst.axelgo.app\/wp-content\/uploads\/2023\/05\/Share-content-confidently-with-secure-file-storage-and-sharing-5x5-1.png\" class=\"attachment-full size-full wp-image-71237\" alt=\"\" srcset=\"https:\/\/tst.axelgo.app\/wp-content\/uploads\/2023\/05\/Share-content-confidently-with-secure-file-storage-and-sharing-5x5-1.png 1500w, https:\/\/tst.axelgo.app\/wp-content\/uploads\/2023\/05\/Share-content-confidently-with-secure-file-storage-and-sharing-5x5-1-300x300.png 300w, https:\/\/tst.axelgo.app\/wp-content\/uploads\/2023\/05\/Share-content-confidently-with-secure-file-storage-and-sharing-5x5-1-1024x1024.png 1024w, https:\/\/tst.axelgo.app\/wp-content\/uploads\/2023\/05\/Share-content-confidently-with-secure-file-storage-and-sharing-5x5-1-150x150.png 150w, https:\/\/tst.axelgo.app\/wp-content\/uploads\/2023\/05\/Share-content-confidently-with-secure-file-storage-and-sharing-5x5-1-768x768.png 768w\" sizes=\"(max-width: 1500px) 100vw, 1500px\" \/>\t\t\t\t\t\t\t\t\t\t\t\t\t\t\t<\/div>\n\t\t\t\t<\/div>\n\t\t\t\t<div class=\"elementor-element elementor-element-8030282 elementor-widget elementor-widget-text-editor\" data-id=\"8030282\" data-element_type=\"widget\" data-settings=\"{&quot;ekit_we_effect_on&quot;:&quot;none&quot;}\" data-widget_type=\"text-editor.default\">\n\t\t\t\t<div class=\"elementor-widget-container\">\n\t\t\t\t\t\t\t<p><strong>Comparta contenidos con confianza gracias al almacenamiento y compartici\u00f3n seguros de archivos<\/strong><\/p>\n<p>La confianza es clave. Las instituciones financieras necesitan proyectar y proteger la confianza en todo momento. Con AXEL Go, su confianza est\u00e1 respaldada por nuestros servidores descentralizados alimentados por cadena de bloques y el cifrado de extremo a extremo AES de 256 bits.<\/p>\n<p>Sus clientes merecen tener sus archivos protegidos con funciones de seguridad de \u00faltima generaci\u00f3n. Podemos hacer eso por ellos. Sus clientes merecen que sus datos est\u00e9n protegidos de los intermediarios de datos y de los hambrientos sabuesos de datos de las grandes empresas. Podemos hacer eso por ellos.<\/p>\n\t\t\t\t\t\t<\/div>\n\t\t\t\t<\/div>\n\t\t\t\t\t<\/div>\n\t\t<\/div>\n\t\t\t\t<div class=\"elementor-column elementor-col-50 elementor-inner-column elementor-element elementor-element-a285993\" data-id=\"a285993\" data-element_type=\"column\">\n\t\t\t<div class=\"elementor-widget-wrap elementor-element-populated\">\n\t\t\t\t\t\t\t\t<div class=\"elementor-element elementor-element-3342652 elementor-widget elementor-widget-image\" data-id=\"3342652\" data-element_type=\"widget\" data-settings=\"{&quot;ekit_we_effect_on&quot;:&quot;none&quot;}\" data-widget_type=\"image.default\">\n\t\t\t\t<div class=\"elementor-widget-container\">\n\t\t\t\t\t\t\t\t\t\t\t\t\t\t\t<img decoding=\"async\" width=\"1500\" height=\"1500\" src=\"https:\/\/tst.axelgo.app\/wp-content\/uploads\/2023\/05\/money-cloud-5x5-1.png\" class=\"attachment-full size-full wp-image-71243\" alt=\"\" srcset=\"https:\/\/tst.axelgo.app\/wp-content\/uploads\/2023\/05\/money-cloud-5x5-1.png 1500w, https:\/\/tst.axelgo.app\/wp-content\/uploads\/2023\/05\/money-cloud-5x5-1-300x300.png 300w, https:\/\/tst.axelgo.app\/wp-content\/uploads\/2023\/05\/money-cloud-5x5-1-1024x1024.png 1024w, https:\/\/tst.axelgo.app\/wp-content\/uploads\/2023\/05\/money-cloud-5x5-1-150x150.png 150w, https:\/\/tst.axelgo.app\/wp-content\/uploads\/2023\/05\/money-cloud-5x5-1-768x768.png 768w\" sizes=\"(max-width: 1500px) 100vw, 1500px\" \/>\t\t\t\t\t\t\t\t\t\t\t\t\t\t\t<\/div>\n\t\t\t\t<\/div>\n\t\t\t\t<div class=\"elementor-element elementor-element-f725eb7 elementor-widget elementor-widget-text-editor\" data-id=\"f725eb7\" data-element_type=\"widget\" data-settings=\"{&quot;ekit_we_effect_on&quot;:&quot;none&quot;}\" data-widget_type=\"text-editor.default\">\n\t\t\t\t<div class=\"elementor-widget-container\">\n\t\t\t\t\t\t\t<p><strong>Funciones de compartici\u00f3n de archivos de AXEL Go para profesionales financieros<\/strong><\/p>\n<ul>\n<li><strong>Cifrado de extremo a extremo<\/strong>: hay malos actores en todas partes, las cafeter\u00edas, las oficinas remotas y las redes wifi dom\u00e9sticas est\u00e1n constantemente bajo amenaza. Con el cifrado de extremo a extremo, los datos est\u00e1n protegidos desde todos los \u00e1ngulos, por lo que usted y sus clientes pueden estar tranquilos sabiendo que sus datos est\u00e1n protegidos por un cifrado AES de 256 bits de primera calidad.<\/li>\n<li><strong>Firmas electr\u00f3nicas<\/strong>: firme instant\u00e1neamente cualquier PDF con un solo clic, o solicite una firma con la misma facilidad con nuestras funciones integradas de firma electr\u00f3nica.<\/li>\n<li><strong>Conservar los metadatos: Es importante asegurarse de que un archivo no ha sido manipulado antes, durante y despu\u00e9s del proceso de almacenamiento.<\/strong> Para proteger la veracidad de los documentos en nuestro almacenamiento basado en la nube, recopilamos y protegemos los metadatos de los documentos que se han compartido y guardado con AXEL Go<\/li>\n<\/ul>\n\t\t\t\t\t\t<\/div>\n\t\t\t\t<\/div>\n\t\t\t\t\t<\/div>\n\t\t<\/div>\n\t\t\t\t\t\t\t<\/div>\n\t\t<\/section>\n\t\t\t\t\t<\/div>\n\t\t<\/div>\n\t\t\t\t\t\t\t<\/div>\n\t\t<\/section>\n\t\t\t\t\t\t\t<\/div>\n\t\t","protected":false},"excerpt":{"rendered":"<p>Industrias Compartici\u00f3n Segura de Archivos Financieros para los Sectores Financiero y Bancario Env\u00ede, comparta, solicite y administre archivos financieros y datos de clientes con una estructura de servidor completamente descentralizada. El cifrado de extremo a extremo significa que su informaci\u00f3n est\u00e1 cifrada tanto en el servidor como en tr\u00e1nsito. Hacemos que la colaboraci\u00f3n sea simple, [&hellip;]<\/p>\n","protected":false},"author":52,"featured_media":0,"parent":0,"menu_order":0,"comment_status":"closed","ping_status":"closed","template":"elementor_header_footer","meta":[],"yoast_head":"<!-- This site is optimized with the Yoast SEO plugin v20.8 - https:\/\/yoast.com\/wordpress\/plugins\/seo\/ -->\n<title>Compartici\u00f3n Segura de Archivos Financieros para los Sectores Financiero y Bancario<\/title>\n<meta name=\"description\" content=\"Comparta archivos financieros de forma segura con AXEL Go. Garantice la confidencialidad con nuestra compartici\u00f3n cifrada de archivos financieros para el sector financiero y bancario. Prueba gratis.\" \/>\n<meta name=\"robots\" content=\"noindex, follow, max-snippet:-1, max-image-preview:large, max-video-preview:-1\" \/>\n<meta property=\"og:locale\" content=\"es_MX\" \/>\n<meta property=\"og:type\" content=\"article\" \/>\n<meta property=\"og:title\" content=\"Compartici\u00f3n Segura de Archivos Financieros para los Sectores Financiero y Bancario\" \/>\n<meta property=\"og:description\" content=\"Comparta archivos financieros de forma segura con AXEL Go. Garantice la confidencialidad con nuestra compartici\u00f3n cifrada de archivos financieros para el sector financiero y bancario. Prueba gratis.\" \/>\n<meta property=\"og:url\" content=\"https:\/\/tst.axelgo.app\/es-mx\/industrias-finanzas\/\" \/>\n<meta property=\"og:site_name\" content=\"AxelGo\" \/>\n<meta property=\"article:publisher\" content=\"https:\/\/www.facebook.com\/AxelUnlimited\/\" \/>\n<meta property=\"article:modified_time\" content=\"2023-05-17T07:19:51+00:00\" \/>\n<meta property=\"og:image\" content=\"https:\/\/tst.axelgo.app\/wp-content\/uploads\/2021\/01\/axel-favicon-512px-300x300.png\" \/>\n<meta name=\"twitter:card\" content=\"summary_large_image\" \/>\n<meta name=\"twitter:site\" content=\"@axelglobal\" \/>\n<meta name=\"twitter:label1\" content=\"Tiempo de lectura\" \/>\n\t<meta name=\"twitter:data1\" content=\"2 minutos\" \/>\n<script type=\"application\/ld+json\" class=\"yoast-schema-graph\">{\"@context\":\"https:\/\/schema.org\",\"@graph\":[{\"@type\":\"WebPage\",\"@id\":\"https:\/\/tst.axelgo.app\/es-mx\/industrias-finanzas\/\",\"url\":\"https:\/\/tst.axelgo.app\/es-mx\/industrias-finanzas\/\",\"name\":\"Compartici\u00f3n Segura de Archivos Financieros para los Sectores Financiero y Bancario\",\"isPartOf\":{\"@id\":\"https:\/\/tst.axelgo.app\/es-mx\/#website\"},\"datePublished\":\"2023-05-08T22:19:57+00:00\",\"dateModified\":\"2023-05-17T07:19:51+00:00\",\"description\":\"Comparta archivos financieros de forma segura con AXEL Go. Garantice la confidencialidad con nuestra compartici\u00f3n cifrada de archivos financieros para el sector financiero y bancario. Prueba gratis.\",\"breadcrumb\":{\"@id\":\"https:\/\/tst.axelgo.app\/es-mx\/industrias-finanzas\/#breadcrumb\"},\"inLanguage\":\"es-MX\",\"potentialAction\":[{\"@type\":\"ReadAction\",\"target\":[\"https:\/\/tst.axelgo.app\/es-mx\/industrias-finanzas\/\"]}]},{\"@type\":\"BreadcrumbList\",\"@id\":\"https:\/\/tst.axelgo.app\/es-mx\/industrias-finanzas\/#breadcrumb\",\"itemListElement\":[{\"@type\":\"ListItem\",\"position\":1,\"name\":\"Home\",\"item\":\"https:\/\/www.axelgo.app\/es-mx\/\"},{\"@type\":\"ListItem\",\"position\":2,\"name\":\"Compartici\u00f3n Segura de Archivos Financieros para los Sectores Financiero y Bancario\"}]},{\"@type\":\"WebSite\",\"@id\":\"https:\/\/tst.axelgo.app\/es-mx\/#website\",\"url\":\"https:\/\/tst.axelgo.app\/es-mx\/\",\"name\":\"Axel Go\",\"description\":\"Encrypted File Storage and Sharing App\",\"publisher\":{\"@id\":\"https:\/\/tst.axelgo.app\/es-mx\/#organization\"},\"potentialAction\":[{\"@type\":\"SearchAction\",\"target\":{\"@type\":\"EntryPoint\",\"urlTemplate\":\"https:\/\/tst.axelgo.app\/es-mx\/?s={search_term_string}\"},\"query-input\":\"required name=search_term_string\"}],\"inLanguage\":\"es-MX\"},{\"@type\":\"Organization\",\"@id\":\"https:\/\/tst.axelgo.app\/es-mx\/#organization\",\"name\":\"AxelGo\",\"url\":\"https:\/\/tst.axelgo.app\/es-mx\/\",\"logo\":{\"@type\":\"ImageObject\",\"inLanguage\":\"es-MX\",\"@id\":\"https:\/\/tst.axelgo.app\/es-mx\/#\/schema\/logo\/image\/\",\"url\":\"https:\/\/tst.axelgo.app\/wp-content\/uploads\/2019\/12\/blue.png\",\"contentUrl\":\"https:\/\/tst.axelgo.app\/wp-content\/uploads\/2019\/12\/blue.png\",\"width\":552,\"height\":120,\"caption\":\"AxelGo\"},\"image\":{\"@id\":\"https:\/\/tst.axelgo.app\/es-mx\/#\/schema\/logo\/image\/\"},\"sameAs\":[\"https:\/\/www.facebook.com\/AxelUnlimited\/\",\"https:\/\/twitter.com\/axelglobal\",\"https:\/\/www.instagram.com\/axelunlimited\/\",\"https:\/\/www.linkedin.com\/company\/axelunlimited\/\"]}]}<\/script>\n<!-- \/ Yoast SEO plugin. -->","yoast_head_json":{"title":"Compartici\u00f3n Segura de Archivos Financieros para los Sectores Financiero y Bancario","description":"Comparta archivos financieros de forma segura con AXEL Go. Garantice la confidencialidad con nuestra compartici\u00f3n cifrada de archivos financieros para el sector financiero y bancario. Prueba gratis.","robots":{"index":"noindex","follow":"follow","max-snippet":"max-snippet:-1","max-image-preview":"max-image-preview:large","max-video-preview":"max-video-preview:-1"},"og_locale":"es_MX","og_type":"article","og_title":"Compartici\u00f3n Segura de Archivos Financieros para los Sectores Financiero y Bancario","og_description":"Comparta archivos financieros de forma segura con AXEL Go. Garantice la confidencialidad con nuestra compartici\u00f3n cifrada de archivos financieros para el sector financiero y bancario. Prueba gratis.","og_url":"https:\/\/tst.axelgo.app\/es-mx\/industrias-finanzas\/","og_site_name":"AxelGo","article_publisher":"https:\/\/www.facebook.com\/AxelUnlimited\/","article_modified_time":"2023-05-17T07:19:51+00:00","og_image":[{"url":"https:\/\/tst.axelgo.app\/wp-content\/uploads\/2021\/01\/axel-favicon-512px-300x300.png"}],"twitter_card":"summary_large_image","twitter_site":"@axelglobal","twitter_misc":{"Tiempo de lectura":"2 minutos"},"schema":{"@context":"https:\/\/schema.org","@graph":[{"@type":"WebPage","@id":"https:\/\/tst.axelgo.app\/es-mx\/industrias-finanzas\/","url":"https:\/\/tst.axelgo.app\/es-mx\/industrias-finanzas\/","name":"Compartici\u00f3n Segura de Archivos Financieros para los Sectores Financiero y Bancario","isPartOf":{"@id":"https:\/\/tst.axelgo.app\/es-mx\/#website"},"datePublished":"2023-05-08T22:19:57+00:00","dateModified":"2023-05-17T07:19:51+00:00","description":"Comparta archivos financieros de forma segura con AXEL Go. Garantice la confidencialidad con nuestra compartici\u00f3n cifrada de archivos financieros para el sector financiero y bancario. Prueba gratis.","breadcrumb":{"@id":"https:\/\/tst.axelgo.app\/es-mx\/industrias-finanzas\/#breadcrumb"},"inLanguage":"es-MX","potentialAction":[{"@type":"ReadAction","target":["https:\/\/tst.axelgo.app\/es-mx\/industrias-finanzas\/"]}]},{"@type":"BreadcrumbList","@id":"https:\/\/tst.axelgo.app\/es-mx\/industrias-finanzas\/#breadcrumb","itemListElement":[{"@type":"ListItem","position":1,"name":"Home","item":"https:\/\/www.axelgo.app\/es-mx\/"},{"@type":"ListItem","position":2,"name":"Compartici\u00f3n Segura de Archivos Financieros para los Sectores Financiero y Bancario"}]},{"@type":"WebSite","@id":"https:\/\/tst.axelgo.app\/es-mx\/#website","url":"https:\/\/tst.axelgo.app\/es-mx\/","name":"Axel Go","description":"Encrypted File Storage and Sharing App","publisher":{"@id":"https:\/\/tst.axelgo.app\/es-mx\/#organization"},"potentialAction":[{"@type":"SearchAction","target":{"@type":"EntryPoint","urlTemplate":"https:\/\/tst.axelgo.app\/es-mx\/?s={search_term_string}"},"query-input":"required name=search_term_string"}],"inLanguage":"es-MX"},{"@type":"Organization","@id":"https:\/\/tst.axelgo.app\/es-mx\/#organization","name":"AxelGo","url":"https:\/\/tst.axelgo.app\/es-mx\/","logo":{"@type":"ImageObject","inLanguage":"es-MX","@id":"https:\/\/tst.axelgo.app\/es-mx\/#\/schema\/logo\/image\/","url":"https:\/\/tst.axelgo.app\/wp-content\/uploads\/2019\/12\/blue.png","contentUrl":"https:\/\/tst.axelgo.app\/wp-content\/uploads\/2019\/12\/blue.png","width":552,"height":120,"caption":"AxelGo"},"image":{"@id":"https:\/\/tst.axelgo.app\/es-mx\/#\/schema\/logo\/image\/"},"sameAs":["https:\/\/www.facebook.com\/AxelUnlimited\/","https:\/\/twitter.com\/axelglobal","https:\/\/www.instagram.com\/axelunlimited\/","https:\/\/www.linkedin.com\/company\/axelunlimited\/"]}]}},"_links":{"self":[{"href":"https:\/\/tst.axelgo.app\/es-mx\/wp-json\/wp\/v2\/pages\/71299"}],"collection":[{"href":"https:\/\/tst.axelgo.app\/es-mx\/wp-json\/wp\/v2\/pages"}],"about":[{"href":"https:\/\/tst.axelgo.app\/es-mx\/wp-json\/wp\/v2\/types\/page"}],"author":[{"embeddable":true,"href":"https:\/\/tst.axelgo.app\/es-mx\/wp-json\/wp\/v2\/users\/52"}],"replies":[{"embeddable":true,"href":"https:\/\/tst.axelgo.app\/es-mx\/wp-json\/wp\/v2\/comments?post=71299"}],"version-history":[{"count":3,"href":"https:\/\/tst.axelgo.app\/es-mx\/wp-json\/wp\/v2\/pages\/71299\/revisions"}],"predecessor-version":[{"id":71330,"href":"https:\/\/tst.axelgo.app\/es-mx\/wp-json\/wp\/v2\/pages\/71299\/revisions\/71330"}],"wp:attachment":[{"href":"https:\/\/tst.axelgo.app\/es-mx\/wp-json\/wp\/v2\/media?parent=71299"}],"curies":[{"name":"wp","href":"https:\/\/api.w.org\/{rel}","templated":true}]}}