{"id":69680,"date":"2023-03-24T14:50:02","date_gmt":"2023-03-24T14:50:02","guid":{"rendered":"https:\/\/tst.axelgo.app\/mapa-del-sitio-html\/"},"modified":"2023-05-17T17:23:23","modified_gmt":"2023-05-17T17:23:23","slug":"mapa-del-sitio-html","status":"publish","type":"page","link":"https:\/\/tst.axelgo.app\/es-mx\/mapa-del-sitio-html\/","title":{"rendered":"Mapa del sitio HTML"},"content":{"rendered":"\n<h2>Mapa del sitio<\/h2>\n<ul class=\"list_sitemap\"><li><a href=\"https:\/\/tst.axelgo.app\/es-mx\/\" title=\"P\u00e1gina inicial\">P\u00e1gina inicial<\/a><\/li>\n<li><a href=\"https:\/\/tst.axelgo.app\/es-mx\/soluciones\/soluciones-tu-negocio\/\" title=\"Compartici\u00f3n Segura de archivos para empresas\">Compartici\u00f3n Segura de archivos para empresas<\/a><\/li>\n<li><a href=\"https:\/\/tst.axelgo.app\/es-mx\/soluciones\/soluciones-tus-clientes\/\" title=\"Soluciones corporativas para compartir archivos\">Soluciones corporativas para compartir archivos<\/a><\/li>\n<li><a href=\"https:\/\/tst.axelgo.app\/es-mx\/socios\/\" title=\"Socios\">Socios<\/a><\/li>\n<li><a href=\"https:\/\/tst.axelgo.app\/es-mx\/sobre\/\" title=\"Acerca de nuestra aplicaci\u00f3n segura para compartir documentos \">Acerca de nuestra aplicaci\u00f3n segura para compartir documentos <\/a><\/li>\n<li><a href=\"https:\/\/tst.axelgo.app\/es-mx\/soluciones\/soluciones-su-flujo-de-trabajo\/\" title=\"Software de gesti\u00f3n de documentos\">Software de gesti\u00f3n de documentos<\/a><\/li>\n<li><a href=\"https:\/\/tst.axelgo.app\/es-mx\/soluciones\/soluciones-tu-equipo\/\" title=\"Aplicaci\u00f3n para compartir archivos para equipos\">Aplicaci\u00f3n para compartir archivos para equipos<\/a><\/li>\n<li><a href=\"https:\/\/tst.axelgo.app\/es-mx\/industrias-contabilidad\/\" title=\"Compartici\u00f3n Segura de Archivos para Contabilidad\">Compartici\u00f3n Segura de Archivos para Contabilidad<\/a><\/li>\n<li><a href=\"https:\/\/tst.axelgo.app\/es-mx\/industrias-pequenas-empresas\/\" title=\"Gesti\u00f3n de Documentos para Peque\u00f1as Empresas\">Gesti\u00f3n de Documentos para Peque\u00f1as Empresas<\/a><\/li>\n<li><a href=\"https:\/\/tst.axelgo.app\/es-mx\/industrias-finanzas\/\" title=\"Gesti\u00f3n Segura de Archivos para Finanzas y Bancos\">Gesti\u00f3n Segura de Archivos para Finanzas y Bancos<\/a><\/li>\n<li><a href=\"https:\/\/tst.axelgo.app\/es-mx\/industrias-gobierno\/\" title=\"Almacenamiento Seguro en la Nube para el Gobierno \">Almacenamiento Seguro en la Nube para el Gobierno <\/a><\/li>\n<li><a href=\"https:\/\/tst.axelgo.app\/es-mx\/industrias-inmobiliario\/\" title=\"Almacenamiento Seguro de Documentos para Inmobiliarias\">Almacenamiento Seguro de Documentos para Inmobiliarias<\/a><\/li>\n<li><a href=\"https:\/\/tst.axelgo.app\/es-mx\/blog\/\" title=\"Blog\">Blog<\/a><\/li>\n<\/ul>","protected":false},"excerpt":{"rendered":"<p>Mapa del sitio P\u00e1gina inicial Compartici\u00f3n Segura de archivos para empresas Soluciones corporativas para compartir archivos Socios Acerca de nuestra aplicaci\u00f3n segura para compartir documentos Software de gesti\u00f3n de documentos Aplicaci\u00f3n para compartir archivos para equipos Compartici\u00f3n Segura de Archivos para Contabilidad Gesti\u00f3n de Documentos para Peque\u00f1as Empresas Gesti\u00f3n Segura de Archivos para Finanzas y [&hellip;]<\/p>\n","protected":false},"author":54,"featured_media":0,"parent":0,"menu_order":0,"comment_status":"closed","ping_status":"closed","template":"","meta":[],"yoast_head":"<!-- This site is optimized with the Yoast SEO plugin v20.8 - https:\/\/yoast.com\/wordpress\/plugins\/seo\/ -->\n<title>Mapa de sitio - AxelGo<\/title>\n<meta name=\"description\" content=\"Todas las p\u00e1ginas para navegar de Axel Go en espa\u00f1ol las encuentras en este Mapa de Sitio.\" \/>\n<meta name=\"robots\" content=\"noindex, follow\" \/>\n<meta property=\"og:locale\" content=\"es_MX\" \/>\n<meta property=\"og:type\" content=\"article\" \/>\n<meta property=\"og:title\" content=\"Mapa de sitio - AxelGo\" \/>\n<meta property=\"og:description\" content=\"Todas las p\u00e1ginas para navegar de Axel Go en espa\u00f1ol las encuentras en este Mapa de Sitio.\" \/>\n<meta property=\"og:url\" content=\"https:\/\/tst.axelgo.app\/es-mx\/mapa-del-sitio-html\/\" \/>\n<meta property=\"og:site_name\" content=\"AxelGo\" \/>\n<meta property=\"article:publisher\" content=\"https:\/\/www.facebook.com\/AxelUnlimited\/\" \/>\n<meta property=\"article:modified_time\" content=\"2023-05-17T17:23:23+00:00\" \/>\n<meta property=\"og:image\" content=\"https:\/\/tst.axelgo.app\/wp-content\/uploads\/2021\/01\/axel-favicon-512px.png\" \/>\n\t<meta property=\"og:image:width\" content=\"512\" \/>\n\t<meta property=\"og:image:height\" content=\"512\" \/>\n\t<meta property=\"og:image:type\" content=\"image\/png\" \/>\n<meta name=\"twitter:card\" content=\"summary_large_image\" \/>\n<meta name=\"twitter:site\" content=\"@axelglobal\" \/>\n<script type=\"application\/ld+json\" class=\"yoast-schema-graph\">{\"@context\":\"https:\/\/schema.org\",\"@graph\":[{\"@type\":\"WebPage\",\"@id\":\"https:\/\/tst.axelgo.app\/es-mx\/mapa-del-sitio-html\/\",\"url\":\"https:\/\/tst.axelgo.app\/es-mx\/mapa-del-sitio-html\/\",\"name\":\"Mapa de sitio - AxelGo\",\"isPartOf\":{\"@id\":\"https:\/\/tst.axelgo.app\/es-mx\/#website\"},\"datePublished\":\"2023-03-24T14:50:02+00:00\",\"dateModified\":\"2023-05-17T17:23:23+00:00\",\"description\":\"Todas las p\u00e1ginas para navegar de Axel Go en espa\u00f1ol las encuentras en este Mapa de Sitio.\",\"breadcrumb\":{\"@id\":\"https:\/\/tst.axelgo.app\/es-mx\/mapa-del-sitio-html\/#breadcrumb\"},\"inLanguage\":\"es-MX\",\"potentialAction\":[{\"@type\":\"ReadAction\",\"target\":[\"https:\/\/tst.axelgo.app\/es-mx\/mapa-del-sitio-html\/\"]}]},{\"@type\":\"BreadcrumbList\",\"@id\":\"https:\/\/tst.axelgo.app\/es-mx\/mapa-del-sitio-html\/#breadcrumb\",\"itemListElement\":[{\"@type\":\"ListItem\",\"position\":1,\"name\":\"Home\",\"item\":\"https:\/\/www.axelgo.app\/es-mx\/\"},{\"@type\":\"ListItem\",\"position\":2,\"name\":\"Mapa del sitio HTML\"}]},{\"@type\":\"WebSite\",\"@id\":\"https:\/\/tst.axelgo.app\/es-mx\/#website\",\"url\":\"https:\/\/tst.axelgo.app\/es-mx\/\",\"name\":\"Axel Go\",\"description\":\"Encrypted File Storage and Sharing App\",\"publisher\":{\"@id\":\"https:\/\/tst.axelgo.app\/es-mx\/#organization\"},\"potentialAction\":[{\"@type\":\"SearchAction\",\"target\":{\"@type\":\"EntryPoint\",\"urlTemplate\":\"https:\/\/tst.axelgo.app\/es-mx\/?s={search_term_string}\"},\"query-input\":\"required name=search_term_string\"}],\"inLanguage\":\"es-MX\"},{\"@type\":\"Organization\",\"@id\":\"https:\/\/tst.axelgo.app\/es-mx\/#organization\",\"name\":\"AxelGo\",\"url\":\"https:\/\/tst.axelgo.app\/es-mx\/\",\"logo\":{\"@type\":\"ImageObject\",\"inLanguage\":\"es-MX\",\"@id\":\"https:\/\/tst.axelgo.app\/es-mx\/#\/schema\/logo\/image\/\",\"url\":\"https:\/\/tst.axelgo.app\/wp-content\/uploads\/2019\/12\/blue.png\",\"contentUrl\":\"https:\/\/tst.axelgo.app\/wp-content\/uploads\/2019\/12\/blue.png\",\"width\":552,\"height\":120,\"caption\":\"AxelGo\"},\"image\":{\"@id\":\"https:\/\/tst.axelgo.app\/es-mx\/#\/schema\/logo\/image\/\"},\"sameAs\":[\"https:\/\/www.facebook.com\/AxelUnlimited\/\",\"https:\/\/twitter.com\/axelglobal\",\"https:\/\/www.instagram.com\/axelunlimited\/\",\"https:\/\/www.linkedin.com\/company\/axelunlimited\/\"]}]}<\/script>\n<!-- \/ Yoast SEO plugin. -->","yoast_head_json":{"title":"Mapa de sitio - AxelGo","description":"Todas las p\u00e1ginas para navegar de Axel Go en espa\u00f1ol las encuentras en este Mapa de Sitio.","robots":{"index":"noindex","follow":"follow"},"og_locale":"es_MX","og_type":"article","og_title":"Mapa de sitio - AxelGo","og_description":"Todas las p\u00e1ginas para navegar de Axel Go en espa\u00f1ol las encuentras en este Mapa de Sitio.","og_url":"https:\/\/tst.axelgo.app\/es-mx\/mapa-del-sitio-html\/","og_site_name":"AxelGo","article_publisher":"https:\/\/www.facebook.com\/AxelUnlimited\/","article_modified_time":"2023-05-17T17:23:23+00:00","og_image":[{"width":512,"height":512,"url":"https:\/\/tst.axelgo.app\/wp-content\/uploads\/2021\/01\/axel-favicon-512px.png","type":"image\/png"}],"twitter_card":"summary_large_image","twitter_site":"@axelglobal","schema":{"@context":"https:\/\/schema.org","@graph":[{"@type":"WebPage","@id":"https:\/\/tst.axelgo.app\/es-mx\/mapa-del-sitio-html\/","url":"https:\/\/tst.axelgo.app\/es-mx\/mapa-del-sitio-html\/","name":"Mapa de sitio - AxelGo","isPartOf":{"@id":"https:\/\/tst.axelgo.app\/es-mx\/#website"},"datePublished":"2023-03-24T14:50:02+00:00","dateModified":"2023-05-17T17:23:23+00:00","description":"Todas las p\u00e1ginas para navegar de Axel Go en espa\u00f1ol las encuentras en este Mapa de Sitio.","breadcrumb":{"@id":"https:\/\/tst.axelgo.app\/es-mx\/mapa-del-sitio-html\/#breadcrumb"},"inLanguage":"es-MX","potentialAction":[{"@type":"ReadAction","target":["https:\/\/tst.axelgo.app\/es-mx\/mapa-del-sitio-html\/"]}]},{"@type":"BreadcrumbList","@id":"https:\/\/tst.axelgo.app\/es-mx\/mapa-del-sitio-html\/#breadcrumb","itemListElement":[{"@type":"ListItem","position":1,"name":"Home","item":"https:\/\/www.axelgo.app\/es-mx\/"},{"@type":"ListItem","position":2,"name":"Mapa del sitio HTML"}]},{"@type":"WebSite","@id":"https:\/\/tst.axelgo.app\/es-mx\/#website","url":"https:\/\/tst.axelgo.app\/es-mx\/","name":"Axel Go","description":"Encrypted File Storage and Sharing App","publisher":{"@id":"https:\/\/tst.axelgo.app\/es-mx\/#organization"},"potentialAction":[{"@type":"SearchAction","target":{"@type":"EntryPoint","urlTemplate":"https:\/\/tst.axelgo.app\/es-mx\/?s={search_term_string}"},"query-input":"required name=search_term_string"}],"inLanguage":"es-MX"},{"@type":"Organization","@id":"https:\/\/tst.axelgo.app\/es-mx\/#organization","name":"AxelGo","url":"https:\/\/tst.axelgo.app\/es-mx\/","logo":{"@type":"ImageObject","inLanguage":"es-MX","@id":"https:\/\/tst.axelgo.app\/es-mx\/#\/schema\/logo\/image\/","url":"https:\/\/tst.axelgo.app\/wp-content\/uploads\/2019\/12\/blue.png","contentUrl":"https:\/\/tst.axelgo.app\/wp-content\/uploads\/2019\/12\/blue.png","width":552,"height":120,"caption":"AxelGo"},"image":{"@id":"https:\/\/tst.axelgo.app\/es-mx\/#\/schema\/logo\/image\/"},"sameAs":["https:\/\/www.facebook.com\/AxelUnlimited\/","https:\/\/twitter.com\/axelglobal","https:\/\/www.instagram.com\/axelunlimited\/","https:\/\/www.linkedin.com\/company\/axelunlimited\/"]}]}},"_links":{"self":[{"href":"https:\/\/tst.axelgo.app\/es-mx\/wp-json\/wp\/v2\/pages\/69680"}],"collection":[{"href":"https:\/\/tst.axelgo.app\/es-mx\/wp-json\/wp\/v2\/pages"}],"about":[{"href":"https:\/\/tst.axelgo.app\/es-mx\/wp-json\/wp\/v2\/types\/page"}],"author":[{"embeddable":true,"href":"https:\/\/tst.axelgo.app\/es-mx\/wp-json\/wp\/v2\/users\/54"}],"replies":[{"embeddable":true,"href":"https:\/\/tst.axelgo.app\/es-mx\/wp-json\/wp\/v2\/comments?post=69680"}],"version-history":[{"count":10,"href":"https:\/\/tst.axelgo.app\/es-mx\/wp-json\/wp\/v2\/pages\/69680\/revisions"}],"predecessor-version":[{"id":71420,"href":"https:\/\/tst.axelgo.app\/es-mx\/wp-json\/wp\/v2\/pages\/69680\/revisions\/71420"}],"wp:attachment":[{"href":"https:\/\/tst.axelgo.app\/es-mx\/wp-json\/wp\/v2\/media?parent=69680"}],"curies":[{"name":"wp","href":"https:\/\/api.w.org\/{rel}","templated":true}]}}