{"id":68822,"date":"2023-01-16T17:29:51","date_gmt":"2023-01-16T17:29:51","guid":{"rendered":"https:\/\/tst0106.axelgo.app\/soluciones\/soluciones-tu-equipo\/"},"modified":"2023-04-27T21:18:29","modified_gmt":"2023-04-27T21:18:29","slug":"soluciones-tu-equipo","status":"publish","type":"page","link":"https:\/\/tst.axelgo.app\/es-mx\/soluciones\/soluciones-tu-equipo\/","title":{"rendered":"Tu equipo"},"content":{"rendered":"\t\t<div data-elementor-type=\"wp-post\" data-elementor-id=\"68822\" class=\"elementor elementor-68822 elementor-65138\" data-elementor-post-type=\"page\">\n\t\t\t\t\t\t\t\t\t<section class=\"elementor-section elementor-top-section elementor-element elementor-element-1797417 elementor-section-boxed elementor-section-height-default elementor-section-height-default wpr-particle-no wpr-jarallax-no wpr-parallax-no wpr-sticky-section-no\" data-id=\"1797417\" data-element_type=\"section\" data-settings=\"{&quot;background_background&quot;:&quot;classic&quot;}\">\n\t\t\t\t\t\t<div class=\"elementor-container elementor-column-gap-default\">\n\t\t\t\t\t<div class=\"elementor-column elementor-col-100 elementor-top-column elementor-element elementor-element-ba6741d\" data-id=\"ba6741d\" data-element_type=\"column\">\n\t\t\t<div class=\"elementor-widget-wrap elementor-element-populated\">\n\t\t\t\t\t\t\t\t<div class=\"elementor-element elementor-element-de2e028 elementor-widget elementor-widget-elementskit-heading\" data-id=\"de2e028\" data-element_type=\"widget\" data-settings=\"{&quot;ekit_we_effect_on&quot;:&quot;none&quot;}\" data-widget_type=\"elementskit-heading.default\">\n\t\t\t\t<div class=\"elementor-widget-container\">\n\t\t\t<div class=\"ekit-wid-con\" ><div class=\"ekit-heading elementskit-section-title-wraper text_center   ekit_heading_tablet-   ekit_heading_mobile-\"><h2 class=\"ekit-heading--title elementskit-section-title \">Soluciones<\/h2><\/div><\/div>\t\t<\/div>\n\t\t\t\t<\/div>\n\t\t\t\t\t<\/div>\n\t\t<\/div>\n\t\t\t\t\t\t\t<\/div>\n\t\t<\/section>\n\t\t\t\t<section class=\"elementor-section elementor-top-section elementor-element elementor-element-aaaee0f elementor-section-boxed elementor-section-height-default elementor-section-height-default wpr-particle-no wpr-jarallax-no wpr-parallax-no wpr-sticky-section-no\" data-id=\"aaaee0f\" data-element_type=\"section\">\n\t\t\t\t\t\t<div class=\"elementor-container elementor-column-gap-default\">\n\t\t\t\t\t<div class=\"elementor-column elementor-col-100 elementor-top-column elementor-element elementor-element-725e48c\" data-id=\"725e48c\" data-element_type=\"column\">\n\t\t\t<div class=\"elementor-widget-wrap elementor-element-populated\">\n\t\t\t\t\t\t\t\t<div class=\"elementor-element elementor-element-f803e24 elementor-widget elementor-widget-menu-anchor\" data-id=\"f803e24\" data-element_type=\"widget\" data-settings=\"{&quot;ekit_we_effect_on&quot;:&quot;none&quot;}\" data-widget_type=\"menu-anchor.default\">\n\t\t\t\t<div class=\"elementor-widget-container\">\n\t\t\t\t\t<div id=\"Tuflujodetrabajo\" class=\"elementor-menu-anchor\"><\/div>\n\t\t\t\t<\/div>\n\t\t\t\t<\/div>\n\t\t\t\t<div class=\"elementor-element elementor-element-30dd04a elementor-widget-divider--view-line elementor-widget elementor-widget-divider\" data-id=\"30dd04a\" data-element_type=\"widget\" data-settings=\"{&quot;ekit_we_effect_on&quot;:&quot;none&quot;}\" data-widget_type=\"divider.default\">\n\t\t\t\t<div class=\"elementor-widget-container\">\n\t\t\t\t\t<div class=\"elementor-divider\">\n\t\t\t<span class=\"elementor-divider-separator\">\n\t\t\t\t\t\t<\/span>\n\t\t<\/div>\n\t\t\t\t<\/div>\n\t\t\t\t<\/div>\n\t\t\t\t<section class=\"elementor-section elementor-inner-section elementor-element elementor-element-46c24d9 elementor-section-boxed elementor-section-height-default elementor-section-height-default wpr-particle-no wpr-jarallax-no wpr-parallax-no wpr-sticky-section-no\" data-id=\"46c24d9\" data-element_type=\"section\">\n\t\t\t\t\t\t<div class=\"elementor-container elementor-column-gap-default\">\n\t\t\t\t\t<div class=\"elementor-column elementor-col-50 elementor-inner-column elementor-element elementor-element-026c217\" data-id=\"026c217\" data-element_type=\"column\">\n\t\t\t<div class=\"elementor-widget-wrap elementor-element-populated\">\n\t\t\t\t\t\t\t\t<div class=\"elementor-element elementor-element-38e4c6b elementor-hidden-mobile elementor-widget elementor-widget-image\" data-id=\"38e4c6b\" data-element_type=\"widget\" data-settings=\"{&quot;ekit_we_effect_on&quot;:&quot;none&quot;}\" data-widget_type=\"image.default\">\n\t\t\t\t<div class=\"elementor-widget-container\">\n\t\t\t\t\t\t\t\t\t\t\t\t\t\t\t<img decoding=\"async\" src=\"https:\/\/tst.axelgo.app\/wp-content\/uploads\/elementor\/thumbs\/Your-Team-2-q4unnrim8gur7w0exfb1o7gojrj68dblv1o3o5xj1c.png\" title=\"AXEL Go Solution for Your Team\" alt=\"AXEL Go Solution for Your Team\" loading=\"lazy\" \/>\t\t\t\t\t\t\t\t\t\t\t\t\t\t\t<\/div>\n\t\t\t\t<\/div>\n\t\t\t\t\t<\/div>\n\t\t<\/div>\n\t\t\t\t<div class=\"elementor-column elementor-col-50 elementor-inner-column elementor-element elementor-element-0fcb576\" data-id=\"0fcb576\" data-element_type=\"column\">\n\t\t\t<div class=\"elementor-widget-wrap elementor-element-populated\">\n\t\t\t\t\t\t\t\t<div class=\"elementor-element elementor-element-6ed04e4 elementor-widget elementor-widget-heading\" data-id=\"6ed04e4\" data-element_type=\"widget\" data-settings=\"{&quot;ekit_we_effect_on&quot;:&quot;none&quot;}\" data-widget_type=\"heading.default\">\n\t\t\t\t<div class=\"elementor-widget-container\">\n\t\t\t<h3 class=\"elementor-heading-title elementor-size-default\"><span style=\"font-weight:normal;\"><p dir=\"ltr\" style=\"line-height:1.2;margin-top:0pt;margin-bottom:0pt;\"><span style=\"font-weight: 700; letter-spacing: -0.4px;\">Aplicaci\u00f3n para compartir archivos para su equipo<\/span><span style=\"font-weight: 700;\"><\/span><\/p><\/span><\/h3>\t\t<\/div>\n\t\t\t\t<\/div>\n\t\t\t\t<div class=\"elementor-element elementor-element-7478f6f elementor-widget elementor-widget-text-editor\" data-id=\"7478f6f\" data-element_type=\"widget\" data-settings=\"{&quot;ekit_we_effect_on&quot;:&quot;none&quot;}\" data-widget_type=\"text-editor.default\">\n\t\t\t\t<div class=\"elementor-widget-container\">\n\t\t\t\t\t\t\t<p>El trabajo remoto e h\u00edbrido responsable requiere herramientas confiables. AXEL Go est\u00e1 dise\u00f1ado para mantener a sus equipos conectados, informados y para compartir archivos de forma segura en los equipos. Nuestro cifrado de extremo a extremo, los permisos de almacenamiento personalizables y los recursos compartidos protegidos con contrase\u00f1a hacen que la comunicaci\u00f3n a cualquier distancia sea un asunto seguro y sencillo.<\/p>\n\t\t\t\t\t\t<\/div>\n\t\t\t\t<\/div>\n\t\t\t\t\t<\/div>\n\t\t<\/div>\n\t\t\t\t\t\t\t<\/div>\n\t\t<\/section>\n\t\t\t\t<section class=\"elementor-section elementor-inner-section elementor-element elementor-element-7033594 elementor-section-boxed elementor-section-height-default elementor-section-height-default wpr-particle-no wpr-jarallax-no wpr-parallax-no wpr-sticky-section-no\" data-id=\"7033594\" data-element_type=\"section\">\n\t\t\t\t\t\t<div class=\"elementor-container elementor-column-gap-default\">\n\t\t\t\t\t<div class=\"elementor-column elementor-col-33 elementor-inner-column elementor-element elementor-element-184908d\" data-id=\"184908d\" data-element_type=\"column\">\n\t\t\t<div class=\"elementor-widget-wrap elementor-element-populated\">\n\t\t\t\t\t\t\t\t<div class=\"elementor-element elementor-element-45f4e53 elementor-widget elementor-widget-image\" data-id=\"45f4e53\" data-element_type=\"widget\" data-settings=\"{&quot;ekit_we_effect_on&quot;:&quot;none&quot;}\" data-widget_type=\"image.default\">\n\t\t\t\t<div class=\"elementor-widget-container\">\n\t\t\t\t\t\t\t\t\t\t\t\t\t\t\t<img decoding=\"async\" src=\"https:\/\/tst.axelgo.app\/wp-content\/uploads\/elementor\/thumbs\/Team-Solutions-Icon-1-q4unnuc15ekqw42tw58yicdyu226mb0gmkd7mtuq5k.png\" title=\"Team Solutions Icon 1\" alt=\"Team Solutions Icon 1\" loading=\"lazy\" \/>\t\t\t\t\t\t\t\t\t\t\t\t\t\t\t<\/div>\n\t\t\t\t<\/div>\n\t\t\t\t<div class=\"elementor-element elementor-element-60d8dd8 elementor-widget elementor-widget-text-editor\" data-id=\"60d8dd8\" data-element_type=\"widget\" data-settings=\"{&quot;ekit_we_effect_on&quot;:&quot;none&quot;}\" data-widget_type=\"text-editor.default\">\n\t\t\t\t<div class=\"elementor-widget-container\">\n\t\t\t\t\t\t\t<p><strong>Administrar permisos de almacenamiento compartido<\/strong><\/p>\n<p>Como administrador de su almacenamiento compartido, AXEL Go le permite invitar o eliminar usuarios para crear el equipo que desee. Una vez que se ha configurado una cuenta compartida, los permisos de carpetas y archivos en el almacenamiento compartido se pueden ajustar f\u00e1cilmente para que coincidan con sus especificaciones. Los miembros del equipo solo ven lo que necesitan ver y los archivos permanecen donde deben estar.<\/p>\n\t\t\t\t\t\t<\/div>\n\t\t\t\t<\/div>\n\t\t\t\t\t<\/div>\n\t\t<\/div>\n\t\t\t\t<div class=\"elementor-column elementor-col-33 elementor-inner-column elementor-element elementor-element-ca66689\" data-id=\"ca66689\" data-element_type=\"column\">\n\t\t\t<div class=\"elementor-widget-wrap elementor-element-populated\">\n\t\t\t\t\t\t\t\t<div class=\"elementor-element elementor-element-74975b7 elementor-widget elementor-widget-image\" data-id=\"74975b7\" data-element_type=\"widget\" data-settings=\"{&quot;ekit_we_effect_on&quot;:&quot;none&quot;}\" data-widget_type=\"image.default\">\n\t\t\t\t<div class=\"elementor-widget-container\">\n\t\t\t\t\t\t\t\t\t\t\t\t\t\t\t<img decoding=\"async\" src=\"https:\/\/tst.axelgo.app\/wp-content\/uploads\/elementor\/thumbs\/Team-Solutions-Icon-2-q4unnuc15ekqw42tw58yicdyu226mb0gmkd7mtuq5k.png\" title=\"Team Solutions Icon 2\" alt=\"Team Solutions Icon 2\" loading=\"lazy\" \/>\t\t\t\t\t\t\t\t\t\t\t\t\t\t\t<\/div>\n\t\t\t\t<\/div>\n\t\t\t\t<div class=\"elementor-element elementor-element-29d4b75 elementor-widget elementor-widget-text-editor\" data-id=\"29d4b75\" data-element_type=\"widget\" data-settings=\"{&quot;ekit_we_effect_on&quot;:&quot;none&quot;}\" data-widget_type=\"text-editor.default\">\n\t\t\t\t<div class=\"elementor-widget-container\">\n\t\t\t\t\t\t\t<p><strong>Realizar un seguimiento de la actividad de la carpeta<\/strong><\/p>\n<p>Confiar pero verificar. La seguridad nunca se trata de una fe ciega. Es por eso que la interfaz de AXEL Go les permite a los administradores una vista especializada de la actividad de su equipo dentro de la aplicaci\u00f3n para compartir archivos para equipos . Se puede generar un registro de f\u00e1cil lectura en un instante. Est\u00e9 atento a las infracciones o la actividad interna no autorizada y mantenga a su equipo seguro.<\/p>\n\t\t\t\t\t\t<\/div>\n\t\t\t\t<\/div>\n\t\t\t\t\t<\/div>\n\t\t<\/div>\n\t\t\t\t<div class=\"elementor-column elementor-col-33 elementor-inner-column elementor-element elementor-element-213c623\" data-id=\"213c623\" data-element_type=\"column\">\n\t\t\t<div class=\"elementor-widget-wrap elementor-element-populated\">\n\t\t\t\t\t\t\t\t<div class=\"elementor-element elementor-element-bf8763c elementor-widget elementor-widget-image\" data-id=\"bf8763c\" data-element_type=\"widget\" data-settings=\"{&quot;ekit_we_effect_on&quot;:&quot;none&quot;}\" data-widget_type=\"image.default\">\n\t\t\t\t<div class=\"elementor-widget-container\">\n\t\t\t\t\t\t\t\t\t\t\t\t\t\t\t<img decoding=\"async\" src=\"https:\/\/tst.axelgo.app\/wp-content\/uploads\/elementor\/thumbs\/Team-Solutions-Icon-3-q4unnuc15ekqw42tw58yicdyu226mb0gmkd7mtuq5k.png\" title=\"Team Solutions Icon 3\" alt=\"Team Solutions Icon 3\" loading=\"lazy\" \/>\t\t\t\t\t\t\t\t\t\t\t\t\t\t\t<\/div>\n\t\t\t\t<\/div>\n\t\t\t\t<div class=\"elementor-element elementor-element-c0552ac elementor-widget elementor-widget-text-editor\" data-id=\"c0552ac\" data-element_type=\"widget\" data-settings=\"{&quot;ekit_we_effect_on&quot;:&quot;none&quot;}\" data-widget_type=\"text-editor.default\">\n\t\t\t\t<div class=\"elementor-widget-container\">\n\t\t\t\t\t\t\t<p><strong>Trabajo remoto<\/strong><\/p>\n<p>Con el auge del trabajo remoto viene el aumento de las consideraciones de seguridad. AXEL Go crea un entorno controlado para compartir incluso los archivos m\u00e1s confidenciales de forma segura en equipos. La colaboraci\u00f3n segura puede tener lugar desde cualquier lugar y en cualquier dispositivo.<\/p>\n\t\t\t\t\t\t<\/div>\n\t\t\t\t<\/div>\n\t\t\t\t\t<\/div>\n\t\t<\/div>\n\t\t\t\t\t\t\t<\/div>\n\t\t<\/section>\n\t\t\t\t\t<\/div>\n\t\t<\/div>\n\t\t\t\t\t\t\t<\/div>\n\t\t<\/section>\n\t\t\t\t\t\t\t<\/div>\n\t\t","protected":false},"excerpt":{"rendered":"<p>Soluciones Aplicaci\u00f3n para compartir archivos para su equipo El trabajo remoto e h\u00edbrido responsable requiere herramientas confiables. AXEL Go est\u00e1 dise\u00f1ado para mantener a sus equipos conectados, informados y para compartir archivos de forma segura en los equipos. Nuestro cifrado de extremo a extremo, los permisos de almacenamiento personalizables y los recursos compartidos protegidos con [&hellip;]<\/p>\n","protected":false},"author":47,"featured_media":0,"parent":68816,"menu_order":0,"comment_status":"closed","ping_status":"closed","template":"elementor_header_footer","meta":[],"yoast_head":"<!-- This site is optimized with the Yoast SEO plugin v20.8 - https:\/\/yoast.com\/wordpress\/plugins\/seo\/ -->\n<title>Comparte tus archivos de forma segura con tu equipo - Axel Go<\/title>\n<meta name=\"description\" content=\"AXEL Go est\u00e1 dise\u00f1ado para mantener a sus equipos conectados, informados y para compartir archivos de forma segura en los equipos.\" \/>\n<meta name=\"robots\" content=\"noindex, follow, max-snippet:-1, max-image-preview:large, max-video-preview:-1\" \/>\n<meta property=\"og:locale\" content=\"es_MX\" \/>\n<meta property=\"og:type\" content=\"article\" \/>\n<meta property=\"og:title\" content=\"Comparte tus archivos de forma segura con tu equipo - Axel Go\" \/>\n<meta property=\"og:description\" content=\"AXEL Go est\u00e1 dise\u00f1ado para mantener a sus equipos conectados, informados y para compartir archivos de forma segura en los equipos.\" \/>\n<meta property=\"og:url\" content=\"https:\/\/www.axelgo.app\/solutions\/your-team\/\" \/>\n<meta property=\"og:site_name\" content=\"AxelGo\" \/>\n<meta property=\"article:publisher\" content=\"https:\/\/www.facebook.com\/AxelUnlimited\/\" \/>\n<meta property=\"article:modified_time\" content=\"2023-04-27T21:18:29+00:00\" \/>\n<meta property=\"og:image\" content=\"https:\/\/tst0106.axelgo.app\/wp-content\/uploads\/2021\/01\/axel-favicon-512px-300x300.png\" \/>\n<meta name=\"twitter:card\" content=\"summary_large_image\" \/>\n<meta name=\"twitter:site\" content=\"@axelglobal\" \/>\n<meta name=\"twitter:label1\" content=\"Tiempo de lectura\" \/>\n\t<meta name=\"twitter:data1\" content=\"1 minuto\" \/>\n<script type=\"application\/ld+json\" class=\"yoast-schema-graph\">{\"@context\":\"https:\/\/schema.org\",\"@graph\":[{\"@type\":\"WebPage\",\"@id\":\"https:\/\/tst.axelgo.app\/es-mx\/soluciones\/soluciones-tu-equipo\/\",\"url\":\"https:\/\/www.axelgo.app\/solutions\/your-team\/\",\"name\":\"Comparte tus archivos de forma segura con tu equipo - Axel Go\",\"isPartOf\":{\"@id\":\"https:\/\/tst.axelgo.app\/es-mx\/#website\"},\"datePublished\":\"2023-01-16T17:29:51+00:00\",\"dateModified\":\"2023-04-27T21:18:29+00:00\",\"description\":\"AXEL Go est\u00e1 dise\u00f1ado para mantener a sus equipos conectados, informados y para compartir archivos de forma segura en los equipos.\",\"breadcrumb\":{\"@id\":\"https:\/\/www.axelgo.app\/solutions\/your-team\/#breadcrumb\"},\"inLanguage\":\"es-MX\",\"potentialAction\":[{\"@type\":\"ReadAction\",\"target\":[\"https:\/\/www.axelgo.app\/solutions\/your-team\/\"]}]},{\"@type\":\"BreadcrumbList\",\"@id\":\"https:\/\/www.axelgo.app\/solutions\/your-team\/#breadcrumb\",\"itemListElement\":[{\"@type\":\"ListItem\",\"position\":1,\"name\":\"Home\",\"item\":\"https:\/\/www.axelgo.app\/es-mx\/\"},{\"@type\":\"ListItem\",\"position\":2,\"name\":\"Soluciones\",\"item\":\"https:\/\/www.axelgo.app\/es-mx\/soluciones\/\"},{\"@type\":\"ListItem\",\"position\":3,\"name\":\"Tu equipo\"}]},{\"@type\":\"WebSite\",\"@id\":\"https:\/\/tst.axelgo.app\/es-mx\/#website\",\"url\":\"https:\/\/tst.axelgo.app\/es-mx\/\",\"name\":\"Axel Go\",\"description\":\"Encrypted File Storage and Sharing App\",\"publisher\":{\"@id\":\"https:\/\/tst.axelgo.app\/es-mx\/#organization\"},\"potentialAction\":[{\"@type\":\"SearchAction\",\"target\":{\"@type\":\"EntryPoint\",\"urlTemplate\":\"https:\/\/tst.axelgo.app\/es-mx\/?s={search_term_string}\"},\"query-input\":\"required name=search_term_string\"}],\"inLanguage\":\"es-MX\"},{\"@type\":\"Organization\",\"@id\":\"https:\/\/tst.axelgo.app\/es-mx\/#organization\",\"name\":\"AxelGo\",\"url\":\"https:\/\/tst.axelgo.app\/es-mx\/\",\"logo\":{\"@type\":\"ImageObject\",\"inLanguage\":\"es-MX\",\"@id\":\"https:\/\/tst.axelgo.app\/es-mx\/#\/schema\/logo\/image\/\",\"url\":\"https:\/\/tst.axelgo.app\/wp-content\/uploads\/2019\/12\/blue.png\",\"contentUrl\":\"https:\/\/tst.axelgo.app\/wp-content\/uploads\/2019\/12\/blue.png\",\"width\":552,\"height\":120,\"caption\":\"AxelGo\"},\"image\":{\"@id\":\"https:\/\/tst.axelgo.app\/es-mx\/#\/schema\/logo\/image\/\"},\"sameAs\":[\"https:\/\/www.facebook.com\/AxelUnlimited\/\",\"https:\/\/twitter.com\/axelglobal\",\"https:\/\/www.instagram.com\/axelunlimited\/\",\"https:\/\/www.linkedin.com\/company\/axelunlimited\/\"]}]}<\/script>\n<!-- \/ Yoast SEO plugin. -->","yoast_head_json":{"title":"Comparte tus archivos de forma segura con tu equipo - Axel Go","description":"AXEL Go est\u00e1 dise\u00f1ado para mantener a sus equipos conectados, informados y para compartir archivos de forma segura en los equipos.","robots":{"index":"noindex","follow":"follow","max-snippet":"max-snippet:-1","max-image-preview":"max-image-preview:large","max-video-preview":"max-video-preview:-1"},"og_locale":"es_MX","og_type":"article","og_title":"Comparte tus archivos de forma segura con tu equipo - Axel Go","og_description":"AXEL Go est\u00e1 dise\u00f1ado para mantener a sus equipos conectados, informados y para compartir archivos de forma segura en los equipos.","og_url":"https:\/\/www.axelgo.app\/solutions\/your-team\/","og_site_name":"AxelGo","article_publisher":"https:\/\/www.facebook.com\/AxelUnlimited\/","article_modified_time":"2023-04-27T21:18:29+00:00","og_image":[{"url":"https:\/\/tst0106.axelgo.app\/wp-content\/uploads\/2021\/01\/axel-favicon-512px-300x300.png"}],"twitter_card":"summary_large_image","twitter_site":"@axelglobal","twitter_misc":{"Tiempo de lectura":"1 minuto"},"schema":{"@context":"https:\/\/schema.org","@graph":[{"@type":"WebPage","@id":"https:\/\/tst.axelgo.app\/es-mx\/soluciones\/soluciones-tu-equipo\/","url":"https:\/\/www.axelgo.app\/solutions\/your-team\/","name":"Comparte tus archivos de forma segura con tu equipo - Axel Go","isPartOf":{"@id":"https:\/\/tst.axelgo.app\/es-mx\/#website"},"datePublished":"2023-01-16T17:29:51+00:00","dateModified":"2023-04-27T21:18:29+00:00","description":"AXEL Go est\u00e1 dise\u00f1ado para mantener a sus equipos conectados, informados y para compartir archivos de forma segura en los equipos.","breadcrumb":{"@id":"https:\/\/www.axelgo.app\/solutions\/your-team\/#breadcrumb"},"inLanguage":"es-MX","potentialAction":[{"@type":"ReadAction","target":["https:\/\/www.axelgo.app\/solutions\/your-team\/"]}]},{"@type":"BreadcrumbList","@id":"https:\/\/www.axelgo.app\/solutions\/your-team\/#breadcrumb","itemListElement":[{"@type":"ListItem","position":1,"name":"Home","item":"https:\/\/www.axelgo.app\/es-mx\/"},{"@type":"ListItem","position":2,"name":"Soluciones","item":"https:\/\/www.axelgo.app\/es-mx\/soluciones\/"},{"@type":"ListItem","position":3,"name":"Tu equipo"}]},{"@type":"WebSite","@id":"https:\/\/tst.axelgo.app\/es-mx\/#website","url":"https:\/\/tst.axelgo.app\/es-mx\/","name":"Axel Go","description":"Encrypted File Storage and Sharing App","publisher":{"@id":"https:\/\/tst.axelgo.app\/es-mx\/#organization"},"potentialAction":[{"@type":"SearchAction","target":{"@type":"EntryPoint","urlTemplate":"https:\/\/tst.axelgo.app\/es-mx\/?s={search_term_string}"},"query-input":"required name=search_term_string"}],"inLanguage":"es-MX"},{"@type":"Organization","@id":"https:\/\/tst.axelgo.app\/es-mx\/#organization","name":"AxelGo","url":"https:\/\/tst.axelgo.app\/es-mx\/","logo":{"@type":"ImageObject","inLanguage":"es-MX","@id":"https:\/\/tst.axelgo.app\/es-mx\/#\/schema\/logo\/image\/","url":"https:\/\/tst.axelgo.app\/wp-content\/uploads\/2019\/12\/blue.png","contentUrl":"https:\/\/tst.axelgo.app\/wp-content\/uploads\/2019\/12\/blue.png","width":552,"height":120,"caption":"AxelGo"},"image":{"@id":"https:\/\/tst.axelgo.app\/es-mx\/#\/schema\/logo\/image\/"},"sameAs":["https:\/\/www.facebook.com\/AxelUnlimited\/","https:\/\/twitter.com\/axelglobal","https:\/\/www.instagram.com\/axelunlimited\/","https:\/\/www.linkedin.com\/company\/axelunlimited\/"]}]}},"_links":{"self":[{"href":"https:\/\/tst.axelgo.app\/es-mx\/wp-json\/wp\/v2\/pages\/68822"}],"collection":[{"href":"https:\/\/tst.axelgo.app\/es-mx\/wp-json\/wp\/v2\/pages"}],"about":[{"href":"https:\/\/tst.axelgo.app\/es-mx\/wp-json\/wp\/v2\/types\/page"}],"author":[{"embeddable":true,"href":"https:\/\/tst.axelgo.app\/es-mx\/wp-json\/wp\/v2\/users\/47"}],"replies":[{"embeddable":true,"href":"https:\/\/tst.axelgo.app\/es-mx\/wp-json\/wp\/v2\/comments?post=68822"}],"version-history":[{"count":8,"href":"https:\/\/tst.axelgo.app\/es-mx\/wp-json\/wp\/v2\/pages\/68822\/revisions"}],"predecessor-version":[{"id":69472,"href":"https:\/\/tst.axelgo.app\/es-mx\/wp-json\/wp\/v2\/pages\/68822\/revisions\/69472"}],"up":[{"embeddable":true,"href":"https:\/\/tst.axelgo.app\/es-mx\/wp-json\/wp\/v2\/pages\/68816"}],"wp:attachment":[{"href":"https:\/\/tst.axelgo.app\/es-mx\/wp-json\/wp\/v2\/media?parent=68822"}],"curies":[{"name":"wp","href":"https:\/\/api.w.org\/{rel}","templated":true}]}}