{"id":68820,"date":"2023-01-16T17:29:46","date_gmt":"2023-01-16T17:29:46","guid":{"rendered":"https:\/\/tst0106.axelgo.app\/soluciones\/soluciones-tus-clientes\/"},"modified":"2023-04-27T21:25:16","modified_gmt":"2023-04-27T21:25:16","slug":"soluciones-tus-clientes","status":"publish","type":"page","link":"https:\/\/tst.axelgo.app\/es-mx\/soluciones\/soluciones-tus-clientes\/","title":{"rendered":"Tus Clientes"},"content":{"rendered":"\t\t<div data-elementor-type=\"wp-post\" data-elementor-id=\"68820\" class=\"elementor elementor-68820 elementor-65137\" data-elementor-post-type=\"page\">\n\t\t\t\t\t\t\t\t\t<section class=\"elementor-section elementor-top-section elementor-element elementor-element-1797417 elementor-section-boxed elementor-section-height-default elementor-section-height-default wpr-particle-no wpr-jarallax-no wpr-parallax-no wpr-sticky-section-no\" data-id=\"1797417\" data-element_type=\"section\" data-settings=\"{&quot;background_background&quot;:&quot;classic&quot;}\">\n\t\t\t\t\t\t<div class=\"elementor-container elementor-column-gap-default\">\n\t\t\t\t\t<div class=\"elementor-column elementor-col-100 elementor-top-column elementor-element elementor-element-ba6741d\" data-id=\"ba6741d\" data-element_type=\"column\">\n\t\t\t<div class=\"elementor-widget-wrap elementor-element-populated\">\n\t\t\t\t\t\t\t\t<div class=\"elementor-element elementor-element-de2e028 elementor-widget elementor-widget-elementskit-heading\" data-id=\"de2e028\" data-element_type=\"widget\" data-settings=\"{&quot;ekit_we_effect_on&quot;:&quot;none&quot;}\" data-widget_type=\"elementskit-heading.default\">\n\t\t\t\t<div class=\"elementor-widget-container\">\n\t\t\t<div class=\"ekit-wid-con\" ><div class=\"ekit-heading elementskit-section-title-wraper text_center   ekit_heading_tablet-   ekit_heading_mobile-\"><h2 class=\"ekit-heading--title elementskit-section-title \">Soluciones<\/h2><\/div><\/div>\t\t<\/div>\n\t\t\t\t<\/div>\n\t\t\t\t\t<\/div>\n\t\t<\/div>\n\t\t\t\t\t\t\t<\/div>\n\t\t<\/section>\n\t\t\t\t<section class=\"elementor-section elementor-top-section elementor-element elementor-element-a4934dd elementor-section-boxed elementor-section-height-default elementor-section-height-default wpr-particle-no wpr-jarallax-no wpr-parallax-no wpr-sticky-section-no\" data-id=\"a4934dd\" data-element_type=\"section\">\n\t\t\t\t\t\t<div class=\"elementor-container elementor-column-gap-default\">\n\t\t\t\t\t<div class=\"elementor-column elementor-col-100 elementor-top-column elementor-element elementor-element-7796f55\" data-id=\"7796f55\" data-element_type=\"column\">\n\t\t\t<div class=\"elementor-widget-wrap elementor-element-populated\">\n\t\t\t\t\t\t\t\t<div class=\"elementor-element elementor-element-bba204d elementor-widget elementor-widget-menu-anchor\" data-id=\"bba204d\" data-element_type=\"widget\" data-settings=\"{&quot;ekit_we_effect_on&quot;:&quot;none&quot;}\" data-widget_type=\"menu-anchor.default\">\n\t\t\t\t<div class=\"elementor-widget-container\">\n\t\t\t\t\t<div id=\"TusClientes\" class=\"elementor-menu-anchor\"><\/div>\n\t\t\t\t<\/div>\n\t\t\t\t<\/div>\n\t\t\t\t<div class=\"elementor-element elementor-element-1275de6 elementor-widget-divider--view-line elementor-widget elementor-widget-divider\" data-id=\"1275de6\" data-element_type=\"widget\" data-settings=\"{&quot;ekit_we_effect_on&quot;:&quot;none&quot;}\" data-widget_type=\"divider.default\">\n\t\t\t\t<div class=\"elementor-widget-container\">\n\t\t\t\t\t<div class=\"elementor-divider\">\n\t\t\t<span class=\"elementor-divider-separator\">\n\t\t\t\t\t\t<\/span>\n\t\t<\/div>\n\t\t\t\t<\/div>\n\t\t\t\t<\/div>\n\t\t\t\t<section class=\"elementor-section elementor-inner-section elementor-element elementor-element-4a05b4d elementor-section-boxed elementor-section-height-default elementor-section-height-default wpr-particle-no wpr-jarallax-no wpr-parallax-no wpr-sticky-section-no\" data-id=\"4a05b4d\" data-element_type=\"section\">\n\t\t\t\t\t\t<div class=\"elementor-container elementor-column-gap-default\">\n\t\t\t\t\t<div class=\"elementor-column elementor-col-50 elementor-inner-column elementor-element elementor-element-73721b4\" data-id=\"73721b4\" data-element_type=\"column\">\n\t\t\t<div class=\"elementor-widget-wrap elementor-element-populated\">\n\t\t\t\t\t\t\t\t<div class=\"elementor-element elementor-element-006dfb8 elementor-hidden-mobile elementor-widget elementor-widget-image\" data-id=\"006dfb8\" data-element_type=\"widget\" data-settings=\"{&quot;ekit_we_effect_on&quot;:&quot;none&quot;}\" data-widget_type=\"image.default\">\n\t\t\t\t<div class=\"elementor-widget-container\">\n\t\t\t\t\t\t\t\t\t\t\t\t\t\t\t<img decoding=\"async\" src=\"https:\/\/tst.axelgo.app\/wp-content\/uploads\/elementor\/thumbs\/Your-Clients-2-q4unnrim8gur7w0exfb1o7gojrj68dblv1o3o5xj1c.png\" title=\"AXEL Go Solution for Your Clients\" alt=\"AXEL Go Solution for Your Clients\" loading=\"lazy\" \/>\t\t\t\t\t\t\t\t\t\t\t\t\t\t\t<\/div>\n\t\t\t\t<\/div>\n\t\t\t\t\t<\/div>\n\t\t<\/div>\n\t\t\t\t<div class=\"elementor-column elementor-col-50 elementor-inner-column elementor-element elementor-element-7fa21a8\" data-id=\"7fa21a8\" data-element_type=\"column\">\n\t\t\t<div class=\"elementor-widget-wrap elementor-element-populated\">\n\t\t\t\t\t\t\t\t<div class=\"elementor-element elementor-element-a4f9775 elementor-widget elementor-widget-heading\" data-id=\"a4f9775\" data-element_type=\"widget\" data-settings=\"{&quot;ekit_we_effect_on&quot;:&quot;none&quot;}\" data-widget_type=\"heading.default\">\n\t\t\t\t<div class=\"elementor-widget-container\">\n\t\t\t<h3 class=\"elementor-heading-title elementor-size-default\">Tus Clientes<\/h3>\t\t<\/div>\n\t\t\t\t<\/div>\n\t\t\t\t<div class=\"elementor-element elementor-element-048d21b elementor-widget elementor-widget-text-editor\" data-id=\"048d21b\" data-element_type=\"widget\" data-settings=\"{&quot;ekit_we_effect_on&quot;:&quot;none&quot;}\" data-widget_type=\"text-editor.default\">\n\t\t\t\t<div class=\"elementor-widget-container\">\n\t\t\t\t\t\t\t<p>Si bien sus flujos de trabajo internos se han establecido y verificado dos veces, un cliente no iniciado puede hacer que todo se derrumbe. AXEL comprende la importancia de la colaboraci\u00f3n externa y ha creado v\u00edas seguras para que incluso el cliente menos experto en tecnolog\u00eda pueda participar. Nuestras soluciones corporativas para compartir archivos hacen que el trabajo fluya sin problemas mientras protegen a los clientes de los malos actores desde cualquier lugar y desde cualquier dispositivo.<\/p>\n\t\t\t\t\t\t<\/div>\n\t\t\t\t<\/div>\n\t\t\t\t\t<\/div>\n\t\t<\/div>\n\t\t\t\t\t\t\t<\/div>\n\t\t<\/section>\n\t\t\t\t<section class=\"elementor-section elementor-inner-section elementor-element elementor-element-ca4b86d elementor-section-boxed elementor-section-height-default elementor-section-height-default wpr-particle-no wpr-jarallax-no wpr-parallax-no wpr-sticky-section-no\" data-id=\"ca4b86d\" data-element_type=\"section\">\n\t\t\t\t\t\t<div class=\"elementor-container elementor-column-gap-default\">\n\t\t\t\t\t<div class=\"elementor-column elementor-col-33 elementor-inner-column elementor-element elementor-element-09831f8\" data-id=\"09831f8\" data-element_type=\"column\">\n\t\t\t<div class=\"elementor-widget-wrap elementor-element-populated\">\n\t\t\t\t\t\t\t\t<div class=\"elementor-element elementor-element-09a17a8 elementor-widget elementor-widget-image\" data-id=\"09a17a8\" data-element_type=\"widget\" data-settings=\"{&quot;ekit_we_effect_on&quot;:&quot;none&quot;}\" data-widget_type=\"image.default\">\n\t\t\t\t<div class=\"elementor-widget-container\">\n\t\t\t\t\t\t\t\t\t\t\t\t\t\t\t<img decoding=\"async\" src=\"https:\/\/tst.axelgo.app\/wp-content\/uploads\/elementor\/thumbs\/Clients-Solutiosn-Icon-2-q4unnuc15elbcpf487xf1g7z7widw6zn81v1nsdofc.png\" title=\"Clients Solutions Icon 2\" alt=\"Clients Solutions Icon 2\" loading=\"lazy\" \/>\t\t\t\t\t\t\t\t\t\t\t\t\t\t\t<\/div>\n\t\t\t\t<\/div>\n\t\t\t\t<div class=\"elementor-element elementor-element-22556bc elementor-widget elementor-widget-text-editor\" data-id=\"22556bc\" data-element_type=\"widget\" data-settings=\"{&quot;ekit_we_effect_on&quot;:&quot;none&quot;}\" data-widget_type=\"text-editor.default\">\n\t\t\t\t<div class=\"elementor-widget-container\">\n\t\t\t\t\t\t\t<p><b>Recuperar formularios y documentos de forma segura<\/b><\/p>\n<p>Mantenga la captaci\u00f3n de clientes de forma r\u00e1pida, sencilla y segura con nuestra b\u00fasqueda segura. Solicite y reciba archivos fuertemente encriptados directamente en su almacenamiento descentralizado con un simple enlace y un solo clic. \u00bfMejor de todo? Sus clientes no necesitan una cuenta propia de AXEL Go para aprovechar nuestra s\u00f3lida seguridad.<\/p>\n\t\t\t\t\t\t<\/div>\n\t\t\t\t<\/div>\n\t\t\t\t\t<\/div>\n\t\t<\/div>\n\t\t\t\t<div class=\"elementor-column elementor-col-33 elementor-inner-column elementor-element elementor-element-e7f16b9\" data-id=\"e7f16b9\" data-element_type=\"column\">\n\t\t\t<div class=\"elementor-widget-wrap elementor-element-populated\">\n\t\t\t\t\t\t\t\t<div class=\"elementor-element elementor-element-2276fd5 elementor-widget elementor-widget-image\" data-id=\"2276fd5\" data-element_type=\"widget\" data-settings=\"{&quot;ekit_we_effect_on&quot;:&quot;none&quot;}\" data-widget_type=\"image.default\">\n\t\t\t\t<div class=\"elementor-widget-container\">\n\t\t\t\t\t\t\t\t\t\t\t\t\t\t\t<img decoding=\"async\" src=\"https:\/\/tst.axelgo.app\/wp-content\/uploads\/elementor\/thumbs\/Clients-Solutions-Icon-1-q4unnuc15ekqw42tw58yicdyu226mb0gmkd7mtupzq.png\" title=\"Clients Solutions Icon 1\" alt=\"Clients Solutions Icon 1\" loading=\"lazy\" \/>\t\t\t\t\t\t\t\t\t\t\t\t\t\t\t<\/div>\n\t\t\t\t<\/div>\n\t\t\t\t<div class=\"elementor-element elementor-element-97bebaa elementor-widget elementor-widget-text-editor\" data-id=\"97bebaa\" data-element_type=\"widget\" data-settings=\"{&quot;ekit_we_effect_on&quot;:&quot;none&quot;}\" data-widget_type=\"text-editor.default\">\n\t\t\t\t<div class=\"elementor-widget-container\">\n\t\t\t\t\t\t\t<p><b>Mantener la confidencialidad de los datos del cliente<\/b><\/p>\n<p>Nuestro software comercial para compartir archivos protege la confidencialidad de los datos del cliente por encima de todo. Nuestro cifrado AES de 256 bits y servidores descentralizados protegen sus datos de manera tan completa que estamos dispuestos a respaldar completamente nuestro sistema con una gran garant\u00eda.<\/p>\n\t\t\t\t\t\t<\/div>\n\t\t\t\t<\/div>\n\t\t\t\t\t<\/div>\n\t\t<\/div>\n\t\t\t\t<div class=\"elementor-column elementor-col-33 elementor-inner-column elementor-element elementor-element-984523d\" data-id=\"984523d\" data-element_type=\"column\">\n\t\t\t<div class=\"elementor-widget-wrap elementor-element-populated\">\n\t\t\t\t\t\t\t\t<div class=\"elementor-element elementor-element-8fa8885 elementor-widget elementor-widget-image\" data-id=\"8fa8885\" data-element_type=\"widget\" data-settings=\"{&quot;ekit_we_effect_on&quot;:&quot;none&quot;}\" data-widget_type=\"image.default\">\n\t\t\t\t<div class=\"elementor-widget-container\">\n\t\t\t\t\t\t\t\t\t\t\t\t\t\t\t<img decoding=\"async\" src=\"https:\/\/tst.axelgo.app\/wp-content\/uploads\/elementor\/thumbs\/Clients-Solutions-Icon-3-q4unnuc15ekqw42tw58yicdyu226mb0gmkd7mtuq5k.png\" title=\"Clients Solutions Icon 3\" alt=\"Clients Solutions Icon 3\" loading=\"lazy\" \/>\t\t\t\t\t\t\t\t\t\t\t\t\t\t\t<\/div>\n\t\t\t\t<\/div>\n\t\t\t\t<div class=\"elementor-element elementor-element-e7bec3d elementor-widget elementor-widget-text-editor\" data-id=\"e7bec3d\" data-element_type=\"widget\" data-settings=\"{&quot;ekit_we_effect_on&quot;:&quot;none&quot;}\" data-widget_type=\"text-editor.default\">\n\t\t\t\t<div class=\"elementor-widget-container\">\n\t\t\t\t\t\t\t<p><b>Incluir o solicitar una firma electr\u00f3nica<\/b><\/p>\n<p>Nuestro software comercial para compartir archivos incluye su propia funcionalidad de firma electr\u00f3nica. Al enviar o recibir documentos legalmente vinculantes, agregue firmas digitales electr\u00f3nicas directamente a sus contratos y acuerdos. La funcionalidad de la pantalla t\u00e1ctil permite que todos escriban firmas aut\u00e9nticas y personalizadas desde cualquier dispositivo.<\/p>\n\t\t\t\t\t\t<\/div>\n\t\t\t\t<\/div>\n\t\t\t\t\t<\/div>\n\t\t<\/div>\n\t\t\t\t\t\t\t<\/div>\n\t\t<\/section>\n\t\t\t\t\t<\/div>\n\t\t<\/div>\n\t\t\t\t\t\t\t<\/div>\n\t\t<\/section>\n\t\t\t\t\t\t\t<\/div>\n\t\t","protected":false},"excerpt":{"rendered":"<p>Soluciones Tus Clientes Si bien sus flujos de trabajo internos se han establecido y verificado dos veces, un cliente no iniciado puede hacer que todo se derrumbe. AXEL comprende la importancia de la colaboraci\u00f3n externa y ha creado v\u00edas seguras para que incluso el cliente menos experto en tecnolog\u00eda pueda participar. Nuestras soluciones corporativas para [&hellip;]<\/p>\n","protected":false},"author":47,"featured_media":0,"parent":68816,"menu_order":0,"comment_status":"closed","ping_status":"closed","template":"elementor_header_footer","meta":[],"yoast_head":"<!-- This site is optimized with the Yoast SEO plugin v20.8 - https:\/\/yoast.com\/wordpress\/plugins\/seo\/ -->\n<title>Comparte u obt\u00e9n archivos de clientes de forma segura - Axel Go<\/title>\n<meta name=\"description\" content=\"Nuestras soluciones corporativas para compartir archivos hacen que el trabajo fluya sin problemas protegiendo a tus clientes y sus documentos\" \/>\n<meta name=\"robots\" content=\"noindex, follow, max-snippet:-1, max-image-preview:large, max-video-preview:-1\" \/>\n<meta property=\"og:locale\" content=\"es_MX\" \/>\n<meta property=\"og:type\" content=\"article\" \/>\n<meta property=\"og:title\" content=\"Comparte u obt\u00e9n archivos de clientes de forma segura - Axel Go\" \/>\n<meta property=\"og:description\" content=\"Nuestras soluciones corporativas para compartir archivos hacen que el trabajo fluya sin problemas protegiendo a tus clientes y sus documentos\" \/>\n<meta property=\"og:url\" content=\"https:\/\/www.axelgo.app\/solutions\/your-clients\/\" \/>\n<meta property=\"og:site_name\" content=\"AxelGo\" \/>\n<meta property=\"article:publisher\" content=\"https:\/\/www.facebook.com\/AxelUnlimited\/\" \/>\n<meta property=\"article:modified_time\" content=\"2023-04-27T21:25:16+00:00\" \/>\n<meta property=\"og:image\" content=\"https:\/\/tst0106.axelgo.app\/wp-content\/uploads\/2021\/01\/axel-favicon-512px-300x300.png\" \/>\n<meta name=\"twitter:card\" content=\"summary_large_image\" \/>\n<meta name=\"twitter:site\" content=\"@axelglobal\" \/>\n<meta name=\"twitter:label1\" content=\"Tiempo de lectura\" \/>\n\t<meta name=\"twitter:data1\" content=\"1 minuto\" \/>\n<script type=\"application\/ld+json\" class=\"yoast-schema-graph\">{\"@context\":\"https:\/\/schema.org\",\"@graph\":[{\"@type\":\"WebPage\",\"@id\":\"https:\/\/tst.axelgo.app\/es-mx\/soluciones\/soluciones-tus-clientes\/\",\"url\":\"https:\/\/www.axelgo.app\/solutions\/your-clients\/\",\"name\":\"Comparte u obt\u00e9n archivos de clientes de forma segura - Axel Go\",\"isPartOf\":{\"@id\":\"https:\/\/tst.axelgo.app\/es-mx\/#website\"},\"datePublished\":\"2023-01-16T17:29:46+00:00\",\"dateModified\":\"2023-04-27T21:25:16+00:00\",\"description\":\"Nuestras soluciones corporativas para compartir archivos hacen que el trabajo fluya sin problemas protegiendo a tus clientes y sus documentos\",\"breadcrumb\":{\"@id\":\"https:\/\/www.axelgo.app\/solutions\/your-clients\/#breadcrumb\"},\"inLanguage\":\"es-MX\",\"potentialAction\":[{\"@type\":\"ReadAction\",\"target\":[\"https:\/\/www.axelgo.app\/solutions\/your-clients\/\"]}]},{\"@type\":\"BreadcrumbList\",\"@id\":\"https:\/\/www.axelgo.app\/solutions\/your-clients\/#breadcrumb\",\"itemListElement\":[{\"@type\":\"ListItem\",\"position\":1,\"name\":\"Home\",\"item\":\"https:\/\/www.axelgo.app\/es-mx\/\"},{\"@type\":\"ListItem\",\"position\":2,\"name\":\"Soluciones\",\"item\":\"https:\/\/www.axelgo.app\/es-mx\/soluciones\/\"},{\"@type\":\"ListItem\",\"position\":3,\"name\":\"Tus Clientes\"}]},{\"@type\":\"WebSite\",\"@id\":\"https:\/\/tst.axelgo.app\/es-mx\/#website\",\"url\":\"https:\/\/tst.axelgo.app\/es-mx\/\",\"name\":\"Axel Go\",\"description\":\"Encrypted File Storage and Sharing App\",\"publisher\":{\"@id\":\"https:\/\/tst.axelgo.app\/es-mx\/#organization\"},\"potentialAction\":[{\"@type\":\"SearchAction\",\"target\":{\"@type\":\"EntryPoint\",\"urlTemplate\":\"https:\/\/tst.axelgo.app\/es-mx\/?s={search_term_string}\"},\"query-input\":\"required name=search_term_string\"}],\"inLanguage\":\"es-MX\"},{\"@type\":\"Organization\",\"@id\":\"https:\/\/tst.axelgo.app\/es-mx\/#organization\",\"name\":\"AxelGo\",\"url\":\"https:\/\/tst.axelgo.app\/es-mx\/\",\"logo\":{\"@type\":\"ImageObject\",\"inLanguage\":\"es-MX\",\"@id\":\"https:\/\/tst.axelgo.app\/es-mx\/#\/schema\/logo\/image\/\",\"url\":\"https:\/\/tst.axelgo.app\/wp-content\/uploads\/2019\/12\/blue.png\",\"contentUrl\":\"https:\/\/tst.axelgo.app\/wp-content\/uploads\/2019\/12\/blue.png\",\"width\":552,\"height\":120,\"caption\":\"AxelGo\"},\"image\":{\"@id\":\"https:\/\/tst.axelgo.app\/es-mx\/#\/schema\/logo\/image\/\"},\"sameAs\":[\"https:\/\/www.facebook.com\/AxelUnlimited\/\",\"https:\/\/twitter.com\/axelglobal\",\"https:\/\/www.instagram.com\/axelunlimited\/\",\"https:\/\/www.linkedin.com\/company\/axelunlimited\/\"]}]}<\/script>\n<!-- \/ Yoast SEO plugin. -->","yoast_head_json":{"title":"Comparte u obt\u00e9n archivos de clientes de forma segura - Axel Go","description":"Nuestras soluciones corporativas para compartir archivos hacen que el trabajo fluya sin problemas protegiendo a tus clientes y sus documentos","robots":{"index":"noindex","follow":"follow","max-snippet":"max-snippet:-1","max-image-preview":"max-image-preview:large","max-video-preview":"max-video-preview:-1"},"og_locale":"es_MX","og_type":"article","og_title":"Comparte u obt\u00e9n archivos de clientes de forma segura - Axel Go","og_description":"Nuestras soluciones corporativas para compartir archivos hacen que el trabajo fluya sin problemas protegiendo a tus clientes y sus documentos","og_url":"https:\/\/www.axelgo.app\/solutions\/your-clients\/","og_site_name":"AxelGo","article_publisher":"https:\/\/www.facebook.com\/AxelUnlimited\/","article_modified_time":"2023-04-27T21:25:16+00:00","og_image":[{"url":"https:\/\/tst0106.axelgo.app\/wp-content\/uploads\/2021\/01\/axel-favicon-512px-300x300.png"}],"twitter_card":"summary_large_image","twitter_site":"@axelglobal","twitter_misc":{"Tiempo de lectura":"1 minuto"},"schema":{"@context":"https:\/\/schema.org","@graph":[{"@type":"WebPage","@id":"https:\/\/tst.axelgo.app\/es-mx\/soluciones\/soluciones-tus-clientes\/","url":"https:\/\/www.axelgo.app\/solutions\/your-clients\/","name":"Comparte u obt\u00e9n archivos de clientes de forma segura - Axel Go","isPartOf":{"@id":"https:\/\/tst.axelgo.app\/es-mx\/#website"},"datePublished":"2023-01-16T17:29:46+00:00","dateModified":"2023-04-27T21:25:16+00:00","description":"Nuestras soluciones corporativas para compartir archivos hacen que el trabajo fluya sin problemas protegiendo a tus clientes y sus documentos","breadcrumb":{"@id":"https:\/\/www.axelgo.app\/solutions\/your-clients\/#breadcrumb"},"inLanguage":"es-MX","potentialAction":[{"@type":"ReadAction","target":["https:\/\/www.axelgo.app\/solutions\/your-clients\/"]}]},{"@type":"BreadcrumbList","@id":"https:\/\/www.axelgo.app\/solutions\/your-clients\/#breadcrumb","itemListElement":[{"@type":"ListItem","position":1,"name":"Home","item":"https:\/\/www.axelgo.app\/es-mx\/"},{"@type":"ListItem","position":2,"name":"Soluciones","item":"https:\/\/www.axelgo.app\/es-mx\/soluciones\/"},{"@type":"ListItem","position":3,"name":"Tus Clientes"}]},{"@type":"WebSite","@id":"https:\/\/tst.axelgo.app\/es-mx\/#website","url":"https:\/\/tst.axelgo.app\/es-mx\/","name":"Axel Go","description":"Encrypted File Storage and Sharing App","publisher":{"@id":"https:\/\/tst.axelgo.app\/es-mx\/#organization"},"potentialAction":[{"@type":"SearchAction","target":{"@type":"EntryPoint","urlTemplate":"https:\/\/tst.axelgo.app\/es-mx\/?s={search_term_string}"},"query-input":"required name=search_term_string"}],"inLanguage":"es-MX"},{"@type":"Organization","@id":"https:\/\/tst.axelgo.app\/es-mx\/#organization","name":"AxelGo","url":"https:\/\/tst.axelgo.app\/es-mx\/","logo":{"@type":"ImageObject","inLanguage":"es-MX","@id":"https:\/\/tst.axelgo.app\/es-mx\/#\/schema\/logo\/image\/","url":"https:\/\/tst.axelgo.app\/wp-content\/uploads\/2019\/12\/blue.png","contentUrl":"https:\/\/tst.axelgo.app\/wp-content\/uploads\/2019\/12\/blue.png","width":552,"height":120,"caption":"AxelGo"},"image":{"@id":"https:\/\/tst.axelgo.app\/es-mx\/#\/schema\/logo\/image\/"},"sameAs":["https:\/\/www.facebook.com\/AxelUnlimited\/","https:\/\/twitter.com\/axelglobal","https:\/\/www.instagram.com\/axelunlimited\/","https:\/\/www.linkedin.com\/company\/axelunlimited\/"]}]}},"_links":{"self":[{"href":"https:\/\/tst.axelgo.app\/es-mx\/wp-json\/wp\/v2\/pages\/68820"}],"collection":[{"href":"https:\/\/tst.axelgo.app\/es-mx\/wp-json\/wp\/v2\/pages"}],"about":[{"href":"https:\/\/tst.axelgo.app\/es-mx\/wp-json\/wp\/v2\/types\/page"}],"author":[{"embeddable":true,"href":"https:\/\/tst.axelgo.app\/es-mx\/wp-json\/wp\/v2\/users\/47"}],"replies":[{"embeddable":true,"href":"https:\/\/tst.axelgo.app\/es-mx\/wp-json\/wp\/v2\/comments?post=68820"}],"version-history":[{"count":7,"href":"https:\/\/tst.axelgo.app\/es-mx\/wp-json\/wp\/v2\/pages\/68820\/revisions"}],"predecessor-version":[{"id":69478,"href":"https:\/\/tst.axelgo.app\/es-mx\/wp-json\/wp\/v2\/pages\/68820\/revisions\/69478"}],"up":[{"embeddable":true,"href":"https:\/\/tst.axelgo.app\/es-mx\/wp-json\/wp\/v2\/pages\/68816"}],"wp:attachment":[{"href":"https:\/\/tst.axelgo.app\/es-mx\/wp-json\/wp\/v2\/media?parent=68820"}],"curies":[{"name":"wp","href":"https:\/\/api.w.org\/{rel}","templated":true}]}}