{"id":68794,"date":"2023-01-23T20:48:38","date_gmt":"2023-01-23T20:48:38","guid":{"rendered":"https:\/\/tst0106.axelgo.app\/blog\/"},"modified":"2023-04-26T23:22:32","modified_gmt":"2023-04-26T23:22:32","slug":"blog","status":"publish","type":"page","link":"https:\/\/tst.axelgo.app\/es-mx\/blog\/","title":{"rendered":"Blog"},"content":{"rendered":"\n<div class=\"wp-block-query is-layout-flow\"><ul class=\"wp-block-post-template is-layout-flow\"><li class=\"wp-block-post post-71595 post type-post status-publish format-standard has-post-thumbnail hentry\">\n\n<div class=\"wp-block-columns is-layout-flex wp-container-3\">\n<div class=\"wp-block-column column_no_space is-layout-flow\" style=\"flex-basis:320px\"><figure class=\"wp-block-post-featured-image\"><img fetchpriority=\"high\" width=\"750\" height=\"465\" src=\"https:\/\/tst.axelgo.app\/wp-content\/uploads\/2023\/05\/How-to-Choose-the-Best-Secure-Cloud-Storage-Solution-for-Your-Personal-Life-30-750x465.jpg\" class=\"attachment-post-thumbnail size-post-thumbnail wp-post-image\" alt=\"C\u00f3mo elegir el mejor almacenamiento en la nube\" decoding=\"async\" srcset=\"https:\/\/tst.axelgo.app\/wp-content\/uploads\/2023\/05\/How-to-Choose-the-Best-Secure-Cloud-Storage-Solution-for-Your-Personal-Life-30-750x465.jpg 750w, https:\/\/tst.axelgo.app\/wp-content\/uploads\/2023\/05\/How-to-Choose-the-Best-Secure-Cloud-Storage-Solution-for-Your-Personal-Life-30-300x186.jpg 300w, https:\/\/tst.axelgo.app\/wp-content\/uploads\/2023\/05\/How-to-Choose-the-Best-Secure-Cloud-Storage-Solution-for-Your-Personal-Life-30-768x476.jpg 768w, https:\/\/tst.axelgo.app\/wp-content\/uploads\/2023\/05\/How-to-Choose-the-Best-Secure-Cloud-Storage-Solution-for-Your-Personal-Life-30.jpg 1000w\" sizes=\"(max-width: 750px) 100vw, 750px\" \/><\/figure><\/div>\n\n\n\n<div class=\"wp-block-column column_no_space is-layout-flow\"><h2 class=\"wp-block-post-title\">Almacenamiento de archivos en la nube \u00bfC\u00f3mo elegir la mejor opci\u00f3n?<\/h2>\n\n<div class=\"wp-block-post-date\"><time datetime=\"2023-05-23T19:33:46+00:00\">mayo 23, 2023<\/time><\/div>\n\n<div class=\"has-text-color has-black-color wp-block-post-excerpt\"><p class=\"wp-block-post-excerpt__excerpt\">Almacenamiento de archivos en la nube \u00bfC\u00f3mo elegir la mejor opci\u00f3n? Encontrar la soluci\u00f3n perfecta de almacenamiento de archivos en la nube es sin duda una tarea dif\u00edcil, confusa y desalentadora. \u00bfCu\u00e1les son las principales caracter\u00edsticas que debes tener en cuenta y c\u00f3mo puedes encontrar una soluci\u00f3n que proteja tu privacidad con la misma fuerza [&hellip;] <\/p><\/div>\n\n<a class=\"readmore_post wp-block-read-more\" href=\"https:\/\/tst.axelgo.app\/es-mx\/2023\/05\/23\/almacenamiento-de-archivos-en-la-nube-como-elegir-la-mejor-opcion\/\" target=\"_self\"><strong>Lea M\u00e1s<\/strong><span class=\"screen-reader-text\">: Almacenamiento de archivos en la nube \u00bfC\u00f3mo elegir la mejor opci\u00f3n?<\/span><\/a><\/div>\n<\/div>\n\n\n\n<hr class=\"wp-block-separator has-text-color has-cyan-bluish-gray-color has-alpha-channel-opacity has-cyan-bluish-gray-background-color has-background is-style-wide\"\/>\n\n<\/li><li class=\"wp-block-post post-69226 post type-post status-publish format-standard has-post-thumbnail hentry\">\n\n<div class=\"wp-block-columns is-layout-flex wp-container-6\">\n<div class=\"wp-block-column column_no_space is-layout-flow\" style=\"flex-basis:320px\"><figure class=\"wp-block-post-featured-image\"><img width=\"750\" height=\"465\" src=\"https:\/\/tst.axelgo.app\/wp-content\/uploads\/2023\/03\/35-750x465.png\" class=\"attachment-post-thumbnail size-post-thumbnail wp-post-image\" alt=\"\" decoding=\"async\" \/><\/figure><\/div>\n\n\n\n<div class=\"wp-block-column column_no_space is-layout-flow\"><h2 class=\"wp-block-post-title\">Seguridad en archivos sensibles en la nube<\/h2>\n\n<div class=\"wp-block-post-date\"><time datetime=\"2023-03-13T17:29:46+00:00\">marzo 13, 2023<\/time><\/div>\n\n<div class=\"has-text-color has-black-color wp-block-post-excerpt\"><p class=\"wp-block-post-excerpt__excerpt\">Seguridad en archivos sensibles en la nube La seguridad en archivos en la nube es una de las principales preocupaciones de las empresas en la actualidad. Con el creciente n\u00famero de ciberataques, es fundamental que las empresas protejan sus archivos confidenciales sobre todo cuando hablamos de almacenamiento en la nube.\u00a0 Las empresas deben asegurarse de [&hellip;] <\/p><\/div>\n\n<a class=\"readmore_post wp-block-read-more\" href=\"https:\/\/tst.axelgo.app\/es-mx\/2023\/03\/13\/seguridad-en-archivos-sensibles-en-la-nube\/\" target=\"_self\"><strong>Lea M\u00e1s<\/strong><span class=\"screen-reader-text\">: Seguridad en archivos sensibles en la nube<\/span><\/a><\/div>\n<\/div>\n\n\n\n<hr class=\"wp-block-separator has-text-color has-cyan-bluish-gray-color has-alpha-channel-opacity has-cyan-bluish-gray-background-color has-background is-style-wide\"\/>\n\n<\/li><li class=\"wp-block-post post-69222 post type-post status-publish format-standard has-post-thumbnail hentry category-uncategorized-es-mx\">\n\n<div class=\"wp-block-columns is-layout-flex wp-container-9\">\n<div class=\"wp-block-column column_no_space is-layout-flow\" style=\"flex-basis:320px\"><figure class=\"wp-block-post-featured-image\"><img width=\"750\" height=\"465\" src=\"https:\/\/tst.axelgo.app\/wp-content\/uploads\/2023\/01\/Blog-20230123-The-Technology-That-Drives-Secure-File-Storage-and-Transfer-750x465.jpg\" class=\"attachment-post-thumbnail size-post-thumbnail wp-post-image\" alt=\"Tus archivos adjuntos seguros de una vez y para siempre\" decoding=\"async\" \/><\/figure><\/div>\n\n\n\n<div class=\"wp-block-column column_no_space is-layout-flow\"><h2 class=\"wp-block-post-title\">La tecnolog\u00eda que impulsa la transferencia y almacenamiento seguro de archivos<\/h2>\n\n<div class=\"wp-block-post-date\"><time datetime=\"2023-01-23T20:33:43+00:00\">enero 23, 2023<\/time><\/div>\n\n<div class=\"has-text-color has-black-color wp-block-post-excerpt\"><p class=\"wp-block-post-excerpt__excerpt\">Las aplicaciones seguras de uso compartido y transferencia de archivos est\u00e1n apareciendo en todos lados. La mayor\u00eda de las interfases de los usuarios son parecidas para garantizar la facilidad de uso en su primer almacenamiento o uso compartido, pero \u00bfest\u00e1s familiarizado con la tecnolog\u00eda que est\u00e1 detr\u00e1s de estas aplicaciones? Echemos un vistazo a lo [&hellip;] <\/p><\/div>\n\n<a class=\"readmore_post wp-block-read-more\" href=\"https:\/\/tst.axelgo.app\/es-mx\/2023\/01\/23\/the-technology-that-drives-secure-file-storage-and-transfer\/\" target=\"_self\"><strong>Lea M\u00e1s<\/strong><span class=\"screen-reader-text\">: La tecnolog\u00eda que impulsa la transferencia y almacenamiento seguro de archivos<\/span><\/a><\/div>\n<\/div>\n\n\n\n<hr class=\"wp-block-separator has-text-color has-cyan-bluish-gray-color has-alpha-channel-opacity has-cyan-bluish-gray-background-color has-background is-style-wide\"\/>\n\n<\/li><li class=\"wp-block-post post-69217 post type-post status-publish format-standard has-post-thumbnail hentry category-uncategorized-es-mx\">\n\n<div class=\"wp-block-columns is-layout-flex wp-container-12\">\n<div class=\"wp-block-column column_no_space is-layout-flow\" style=\"flex-basis:320px\"><figure class=\"wp-block-post-featured-image\"><img loading=\"lazy\" width=\"750\" height=\"465\" src=\"https:\/\/tst.axelgo.app\/wp-content\/uploads\/2023\/01\/Blog-20230123-Keep-Your-Attachments-Secure-Once-and-For-All-750x465.jpg\" class=\"attachment-post-thumbnail size-post-thumbnail wp-post-image\" alt=\"Tus archivos adjuntos seguros de una vez y para siempre\" decoding=\"async\" \/><\/figure><\/div>\n\n\n\n<div class=\"wp-block-column column_no_space is-layout-flow\"><h2 class=\"wp-block-post-title\">Tus archivos adjuntos seguros de una vez y para siempre<\/h2>\n\n<div class=\"wp-block-post-date\"><time datetime=\"2023-01-23T12:12:48+00:00\">enero 23, 2023<\/time><\/div>\n\n<div class=\"has-text-color has-black-color wp-block-post-excerpt\"><p class=\"wp-block-post-excerpt__excerpt\">Los archivos adjuntos en correos electr\u00f3nicos han sido parte integral de la distribuci\u00f3n de la informaci\u00f3n en internet durante casi todo el tiempo que internet ha estado disponible al p\u00fablico. Esta forma de comunicaci\u00f3n ha sido el medio de referencia para todo, desde ofertas de trabajo hasta cartas de amor y fotos familiares.&nbsp; Como sociedad, [&hellip;] <\/p><\/div>\n\n<a class=\"readmore_post wp-block-read-more\" href=\"https:\/\/tst.axelgo.app\/es-mx\/2023\/01\/23\/keep-your-attachments-secure-once-and-for-all\/\" target=\"_self\"><strong>Lea M\u00e1s<\/strong><span class=\"screen-reader-text\">: Tus archivos adjuntos seguros de una vez y para siempre<\/span><\/a><\/div>\n<\/div>\n\n\n\n<hr class=\"wp-block-separator has-text-color has-cyan-bluish-gray-color has-alpha-channel-opacity has-cyan-bluish-gray-background-color has-background is-style-wide\"\/>\n\n<\/li><\/ul>\n\n<\/div>\n\n\n\n<p><\/p>\n","protected":false},"excerpt":{"rendered":"","protected":false},"author":2,"featured_media":0,"parent":0,"menu_order":0,"comment_status":"closed","ping_status":"closed","template":"","meta":[],"yoast_head":"<!-- This site is optimized with the Yoast SEO plugin v20.8 - https:\/\/yoast.com\/wordpress\/plugins\/seo\/ -->\n<title>Blog - Seguridad y cifrado de tus archivos digitales - AxelGo<\/title>\n<meta name=\"description\" content=\"Noticias y art\u00edculos sobre la seguridad en env\u00edos, almacenamiento y recepci\u00f3n de archivos digitales y como beneficia a tu empresa.\" \/>\n<meta name=\"robots\" content=\"noindex, follow, max-snippet:-1, max-image-preview:large, max-video-preview:-1\" \/>\n<meta property=\"og:locale\" content=\"es_MX\" \/>\n<meta property=\"og:type\" content=\"article\" \/>\n<meta property=\"og:title\" content=\"Blog - Seguridad y cifrado de tus archivos digitales - AxelGo\" \/>\n<meta property=\"og:description\" content=\"Noticias y art\u00edculos sobre la seguridad en env\u00edos, almacenamiento y recepci\u00f3n de archivos digitales y como beneficia a tu empresa.\" \/>\n<meta property=\"og:url\" content=\"https:\/\/www.axelgo.app\/blog\/\" \/>\n<meta property=\"og:site_name\" content=\"AxelGo\" \/>\n<meta property=\"article:publisher\" content=\"https:\/\/www.facebook.com\/AxelUnlimited\/\" \/>\n<meta property=\"article:modified_time\" content=\"2023-04-26T23:22:32+00:00\" \/>\n<meta property=\"og:image\" content=\"https:\/\/tst.axelgo.app\/wp-content\/uploads\/2021\/01\/axel-favicon-512px.png\" \/>\n\t<meta property=\"og:image:width\" content=\"512\" \/>\n\t<meta property=\"og:image:height\" content=\"512\" \/>\n\t<meta property=\"og:image:type\" content=\"image\/png\" \/>\n<meta name=\"twitter:card\" content=\"summary_large_image\" \/>\n<meta name=\"twitter:site\" content=\"@axelglobal\" \/>\n<script type=\"application\/ld+json\" class=\"yoast-schema-graph\">{\"@context\":\"https:\/\/schema.org\",\"@graph\":[{\"@type\":\"WebPage\",\"@id\":\"https:\/\/tst.axelgo.app\/es-mx\/blog\/\",\"url\":\"https:\/\/www.axelgo.app\/blog\/\",\"name\":\"Blog - Seguridad y cifrado de tus archivos digitales - AxelGo\",\"isPartOf\":{\"@id\":\"https:\/\/tst.axelgo.app\/es-mx\/#website\"},\"datePublished\":\"2023-01-23T20:48:38+00:00\",\"dateModified\":\"2023-04-26T23:22:32+00:00\",\"description\":\"Noticias y art\u00edculos sobre la seguridad en env\u00edos, almacenamiento y recepci\u00f3n de archivos digitales y como beneficia a tu empresa.\",\"breadcrumb\":{\"@id\":\"https:\/\/www.axelgo.app\/blog\/#breadcrumb\"},\"inLanguage\":\"es-MX\",\"potentialAction\":[{\"@type\":\"ReadAction\",\"target\":[\"https:\/\/www.axelgo.app\/blog\/\"]}]},{\"@type\":\"BreadcrumbList\",\"@id\":\"https:\/\/www.axelgo.app\/blog\/#breadcrumb\",\"itemListElement\":[{\"@type\":\"ListItem\",\"position\":1,\"name\":\"Home\",\"item\":\"https:\/\/www.axelgo.app\/es-mx\/\"},{\"@type\":\"ListItem\",\"position\":2,\"name\":\"Blog\"}]},{\"@type\":\"WebSite\",\"@id\":\"https:\/\/tst.axelgo.app\/es-mx\/#website\",\"url\":\"https:\/\/tst.axelgo.app\/es-mx\/\",\"name\":\"Axel Go\",\"description\":\"Encrypted File Storage and Sharing App\",\"publisher\":{\"@id\":\"https:\/\/tst.axelgo.app\/es-mx\/#organization\"},\"potentialAction\":[{\"@type\":\"SearchAction\",\"target\":{\"@type\":\"EntryPoint\",\"urlTemplate\":\"https:\/\/tst.axelgo.app\/es-mx\/?s={search_term_string}\"},\"query-input\":\"required name=search_term_string\"}],\"inLanguage\":\"es-MX\"},{\"@type\":\"Organization\",\"@id\":\"https:\/\/tst.axelgo.app\/es-mx\/#organization\",\"name\":\"AxelGo\",\"url\":\"https:\/\/tst.axelgo.app\/es-mx\/\",\"logo\":{\"@type\":\"ImageObject\",\"inLanguage\":\"es-MX\",\"@id\":\"https:\/\/tst.axelgo.app\/es-mx\/#\/schema\/logo\/image\/\",\"url\":\"https:\/\/tst.axelgo.app\/wp-content\/uploads\/2019\/12\/blue.png\",\"contentUrl\":\"https:\/\/tst.axelgo.app\/wp-content\/uploads\/2019\/12\/blue.png\",\"width\":552,\"height\":120,\"caption\":\"AxelGo\"},\"image\":{\"@id\":\"https:\/\/tst.axelgo.app\/es-mx\/#\/schema\/logo\/image\/\"},\"sameAs\":[\"https:\/\/www.facebook.com\/AxelUnlimited\/\",\"https:\/\/twitter.com\/axelglobal\",\"https:\/\/www.instagram.com\/axelunlimited\/\",\"https:\/\/www.linkedin.com\/company\/axelunlimited\/\"]}]}<\/script>\n<!-- \/ Yoast SEO plugin. -->","yoast_head_json":{"title":"Blog - Seguridad y cifrado de tus archivos digitales - AxelGo","description":"Noticias y art\u00edculos sobre la seguridad en env\u00edos, almacenamiento y recepci\u00f3n de archivos digitales y como beneficia a tu empresa.","robots":{"index":"noindex","follow":"follow","max-snippet":"max-snippet:-1","max-image-preview":"max-image-preview:large","max-video-preview":"max-video-preview:-1"},"og_locale":"es_MX","og_type":"article","og_title":"Blog - Seguridad y cifrado de tus archivos digitales - AxelGo","og_description":"Noticias y art\u00edculos sobre la seguridad en env\u00edos, almacenamiento y recepci\u00f3n de archivos digitales y como beneficia a tu empresa.","og_url":"https:\/\/www.axelgo.app\/blog\/","og_site_name":"AxelGo","article_publisher":"https:\/\/www.facebook.com\/AxelUnlimited\/","article_modified_time":"2023-04-26T23:22:32+00:00","og_image":[{"width":512,"height":512,"url":"https:\/\/tst.axelgo.app\/wp-content\/uploads\/2021\/01\/axel-favicon-512px.png","type":"image\/png"}],"twitter_card":"summary_large_image","twitter_site":"@axelglobal","schema":{"@context":"https:\/\/schema.org","@graph":[{"@type":"WebPage","@id":"https:\/\/tst.axelgo.app\/es-mx\/blog\/","url":"https:\/\/www.axelgo.app\/blog\/","name":"Blog - Seguridad y cifrado de tus archivos digitales - AxelGo","isPartOf":{"@id":"https:\/\/tst.axelgo.app\/es-mx\/#website"},"datePublished":"2023-01-23T20:48:38+00:00","dateModified":"2023-04-26T23:22:32+00:00","description":"Noticias y art\u00edculos sobre la seguridad en env\u00edos, almacenamiento y recepci\u00f3n de archivos digitales y como beneficia a tu empresa.","breadcrumb":{"@id":"https:\/\/www.axelgo.app\/blog\/#breadcrumb"},"inLanguage":"es-MX","potentialAction":[{"@type":"ReadAction","target":["https:\/\/www.axelgo.app\/blog\/"]}]},{"@type":"BreadcrumbList","@id":"https:\/\/www.axelgo.app\/blog\/#breadcrumb","itemListElement":[{"@type":"ListItem","position":1,"name":"Home","item":"https:\/\/www.axelgo.app\/es-mx\/"},{"@type":"ListItem","position":2,"name":"Blog"}]},{"@type":"WebSite","@id":"https:\/\/tst.axelgo.app\/es-mx\/#website","url":"https:\/\/tst.axelgo.app\/es-mx\/","name":"Axel Go","description":"Encrypted File Storage and Sharing App","publisher":{"@id":"https:\/\/tst.axelgo.app\/es-mx\/#organization"},"potentialAction":[{"@type":"SearchAction","target":{"@type":"EntryPoint","urlTemplate":"https:\/\/tst.axelgo.app\/es-mx\/?s={search_term_string}"},"query-input":"required name=search_term_string"}],"inLanguage":"es-MX"},{"@type":"Organization","@id":"https:\/\/tst.axelgo.app\/es-mx\/#organization","name":"AxelGo","url":"https:\/\/tst.axelgo.app\/es-mx\/","logo":{"@type":"ImageObject","inLanguage":"es-MX","@id":"https:\/\/tst.axelgo.app\/es-mx\/#\/schema\/logo\/image\/","url":"https:\/\/tst.axelgo.app\/wp-content\/uploads\/2019\/12\/blue.png","contentUrl":"https:\/\/tst.axelgo.app\/wp-content\/uploads\/2019\/12\/blue.png","width":552,"height":120,"caption":"AxelGo"},"image":{"@id":"https:\/\/tst.axelgo.app\/es-mx\/#\/schema\/logo\/image\/"},"sameAs":["https:\/\/www.facebook.com\/AxelUnlimited\/","https:\/\/twitter.com\/axelglobal","https:\/\/www.instagram.com\/axelunlimited\/","https:\/\/www.linkedin.com\/company\/axelunlimited\/"]}]}},"_links":{"self":[{"href":"https:\/\/tst.axelgo.app\/es-mx\/wp-json\/wp\/v2\/pages\/68794"}],"collection":[{"href":"https:\/\/tst.axelgo.app\/es-mx\/wp-json\/wp\/v2\/pages"}],"about":[{"href":"https:\/\/tst.axelgo.app\/es-mx\/wp-json\/wp\/v2\/types\/page"}],"author":[{"embeddable":true,"href":"https:\/\/tst.axelgo.app\/es-mx\/wp-json\/wp\/v2\/users\/2"}],"replies":[{"embeddable":true,"href":"https:\/\/tst.axelgo.app\/es-mx\/wp-json\/wp\/v2\/comments?post=68794"}],"version-history":[{"count":2,"href":"https:\/\/tst.axelgo.app\/es-mx\/wp-json\/wp\/v2\/pages\/68794\/revisions"}],"predecessor-version":[{"id":69253,"href":"https:\/\/tst.axelgo.app\/es-mx\/wp-json\/wp\/v2\/pages\/68794\/revisions\/69253"}],"wp:attachment":[{"href":"https:\/\/tst.axelgo.app\/es-mx\/wp-json\/wp\/v2\/media?parent=68794"}],"curies":[{"name":"wp","href":"https:\/\/api.w.org\/{rel}","templated":true}]}}